{"id":75,"date":"2021-08-24T09:19:50","date_gmt":"2021-08-24T07:19:50","guid":{"rendered":"https:\/\/www.blakors.no\/videregaende-skole-grimstad\/?page_id=75"},"modified":"2025-03-05T14:11:13","modified_gmt":"2025-03-05T13:11:13","slug":"vg1-bygg-og-anleggsteknikk","status":"publish","type":"page","link":"https:\/\/www.blakors.no\/videregaende-skole-grimstad\/vg1-bygg-og-anleggsteknikk\/","title":{"rendered":"Vg1 Bygg- og anleggsteknikk"},"content":{"rendered":"\n<div class=\"wp-block-lib-header alignfull hide\"><div class=\"image-wrapper\"><img decoding=\"async\" src=\"https:\/\/www.blakors.no\/content\/uploads\/sites\/24\/2021\/08\/P1050843.jpg\"\/><\/div><div class=\"header-innercontent\">\n\n<\/div><\/div>\n\n\n<div class=\"custom-block-banner alignwide contenthalf\"><div class=\"banner-image\" style=\"background-image:url(https:\/\/www.blakors.no\/content\/uploads\/sites\/24\/2025\/03\/Bygg-819x1024.jpg)\"><\/div><div class=\"banner-inner\"><div><h1 id=\"bygg-og-anleggsteknikk\"  class=\"title large \" >Bygg- og anleggsteknikk<\/h1><p>Trives du med \u00e5 holde p\u00e5 med praktiske ting? Liker du \u00e5 bygge og skape ting med hendene? Da kan byggfag v\u00e6re noe for deg. Med denne utdanningen kan du bygge p\u00e5 til fagbrev innen en rekke yrkesfag.<\/p><div class=\"wp-block-button is-style-primary small\"><a class=\"wp-block-button__link\" href=\"https:\/\/www.blakors.no\/videregaende-skole-grimstad\/sok-skoleplass\/\" target=\"\">S\u00f8k skoleplass<\/a><\/div><\/div><\/div><\/div>\n\n\n<p>Utdanningen f\u00f8lger nasjonal l\u00e6replan&nbsp;for Bygg og anleggsteknikk. L\u00e6replanen best\u00e5r av produksjon, tegning og bransjel\u00e6re.<\/p>\n\n\n\n<h2 class=\"wp-block-heading\" id=\"h-produksjon\">Produksjon<\/h2>\n\n\n\n<p>Elevene skal i dette faget bli kjent med de forskjellige materialene som er sentrale innen bygg og anlegg: <\/p>\n\n\n\n<ul class=\"wp-block-list\">\n<li>tre<\/li>\n\n\n\n<li>betong<\/li>\n\n\n\n<li>ulike typer metaller<\/li>\n\n\n\n<li>kjemiske stoffer<meta charset=\"utf-8\"><\/li>\n<\/ul>\n\n\n\n<p>Et m\u00e5l er ogs\u00e5 \u00e5 bli kjent med verkt\u00f8y som brukes i yrkene: <\/p>\n\n\n\n<ul class=\"wp-block-list\">\n<li>h\u00e5ndverkt\u00f8y<\/li>\n\n\n\n<li>industrimaskiner<\/li>\n\n\n\n<li>anleggsmaskiner<\/li>\n\n\n\n<li>praktisering av helse, milj\u00f8 og sikkerhet og kvalitetssikring<meta charset=\"utf-8\"><\/li>\n<\/ul>\n\n\n\n<p>Utf\u00f8relses av arbeidsoppgaver tilpasset vg1-niv\u00e5, som inneb\u00e6rer planlegging, gjennomf\u00f8ring, dokumentasjon og vurdering av eget arbeid.<\/p>\n\n\n\n<h2 class=\"wp-block-heading\" id=\"h-tegning-og-bransjelaere\">Tegning og bransjel\u00e6re<\/h2>\n\n\n\n<ul class=\"wp-block-list\">\n<li>Utf\u00f8relse av enkle tegninger og dokumentasjoner av produkter som produseres i bygg og anleggsbransjen.<\/li>\n\n\n\n<li>Praktisk bruk av m\u00e5leverkt\u00f8y.<\/li>\n\n\n\n<li>Bruk av IKT-baserte tegneprogrammer og enkle kalkulasjons- og beregningsprogrammer.<\/li>\n\n\n\n<li>Regelverk og planlegging av tiltak i forbindelse med HMS.<\/li>\n\n\n\n<li>Organisering og planlegging &#8211; forhold mellom de ulike yrkene.<\/li>\n<\/ul>\n\n\n\n<h2 id=\"yrkefaglig-fordypning\"  class=\"wp-block-heading\" >Yrkefaglig&nbsp;fordypning<\/h2>\n\n\n\n<p>I dette faget har elevene mulighet til \u00e5 v\u00e6re i praksis i&nbsp;en bedrift 1 dag i uken. Noen elever er p\u00e5 skolen og jobber med oppgaver knyttet til programfagomr\u00e5det.<br><br>Faget best\u00e5r ogs\u00e5 av en teoretisk del.<\/p>\n\n\n\n<p>Etter at du har fullf\u00f8rt og best\u00e5tt vg1 Bygg og anlegg, kan Bl\u00e5 Kors videreg\u00e5ende skole, Grimstad tilby&nbsp;<strong>vg2 byggteknikk.<\/strong><\/p>\n\n\n\n<h2 class=\"wp-block-heading\" id=\"h-andre-alternativer-etter-vg1\">Andre alternativer etter vg1:<\/h2>\n\n\n\n<ul class=\"wp-block-list\">\n<li>anleggsgartner- og idrettsanleggsfag<\/li>\n\n\n\n<li>anleggsteknikk<\/li>\n\n\n\n<li>design og trearbeid<\/li>\n\n\n\n<li>IKT- servicefag<\/li>\n\n\n\n<li>industriell m\u00f8belproduksjon<\/li>\n\n\n\n<li>klima-, energi- og milj\u00f8teknikk<\/li>\n\n\n\n<li>overflateteknikk<\/li>\n\n\n\n<li>treteknikk<\/li>\n\n\n\n<li>feierfagetg<\/li>\n\n\n\n<li>glassfaget<\/li>\n\n\n\n<li>isolat\u00f8rfaget<\/li>\n\n\n\n<li>steinfaget<\/li>\n<\/ul>\n\n\n\n\t\t<div class=\"wp-block-lib-accentuated-link\">\n\t\t\t<a class=\"lib-link__link\" href=\"https:\/\/www.udir.no\/lk20\/bat01-03\" target=\"\" rel=\"noopener\">\n\t\t\t\t\n\t\t\t\t<div class=\"lib-link__text-content\">\n\t\t\t\t\t<span class=\"lib-link__tagline\">\n\t\t\t\t\t\tLes ogs\u00e5\n\t\t\t\t\t<\/span>\n\n\t\t\t\t\t<h3 class=\"lib-link__title\">\n\t\t\t\t\t\tL\u00e6replan i Vg1 Bygg- og anleggsteknikk\n\t\t\t\t\t<\/h3>\n\n\t\t\t\t\t\n\t\t\t<span class=\"lib-link__link-source\">\n\t\t\t\twww.udir.no\n\t\t\t\t<svg xmlns=\"http:\/\/www.w3.org\/2000\/svg\" viewBox=\"0 0 24 24\" height=\"24\" width=\"24\" class=\"t2-icon t2-icon-linkexternal\" aria-hidden=\"true\" focusable=\"false\"><path d=\"M5 21c-.5 0-1-.2-1.4-.6S3 19.6 3 19V5c0-.6.2-1 .6-1.4S4.5 3 5 3h6c.3 0 .5.1.7.3.2.2.3.4.3.7 0 .3-.1.5-.3.7-.2.2-.4.3-.7.3H5v14h14v-6c0-.3.1-.5.3-.7.2-.2.4-.3.7-.3s.5.1.7.3c.2.2.3.4.3.7v6c0 .6-.2 1-.6 1.4s-.8.6-1.4.6H5zm4-6c-.2-.2-.3-.4-.3-.7s.1-.5.3-.7L17.6 5H15c-.3 0-.5-.1-.7-.3-.2-.2-.3-.4-.3-.7 0-.3.1-.5.3-.7.2-.2.4-.3.7-.3h5c.3 0 .5.1.7.3.2.2.3.4.3.7v5c0 .3-.1.5-.3.7-.2.2-.4.3-.7.3s-.5-.1-.7-.3c-.2-.2-.3-.4-.3-.7V6.4L10.4 15c-.2.2-.4.3-.7.3s-.5-.1-.7-.3z\" fill=\"currentColor\" \/><\/svg>\n\t\t\t<\/span>\n\t\t\t\t<\/div>\n\t\t\t<\/a>\n\t\t<\/div>\n\n\n<p><strong>Studienummer: BABAT1<\/strong><br> <\/p>\n\n\n\n<div class=\"wp-block-buttons is-horizontal is-content-justification-center is-layout-flex wp-container-core-buttons-is-layout-499968f5 wp-block-buttons-is-layout-flex\">\n<div class=\"wp-block-button is-style-primary\"><a class=\"wp-block-button__link wp-element-button\" href=\"https:\/\/www.blakors.no\/videregaende-skole-grimstad\/sok-skoleplass\/\">S\u00f8k skoleplass<\/a><\/div>\n<\/div>\n","protected":false},"excerpt":{"rendered":"<p>Utdanningen f\u00f8lger nasjonal l\u00e6replan&nbsp;for Bygg og anleggsteknikk. L\u00e6replanen best\u00e5r av produksjon, tegning og bransjel\u00e6re. Produksjon Elevene skal i dette faget bli kjent med de forskjellige materialene som er sentrale innen bygg og anlegg: Et m\u00e5l er ogs\u00e5 \u00e5 bli kjent med verkt\u00f8y som brukes i yrkene: Utf\u00f8relses av arbeidsoppgaver tilpasset vg1-niv\u00e5, som inneb\u00e6rer planlegging, gjennomf\u00f8ring, [&hellip;]<\/p>\n","protected":false},"author":23,"featured_media":201,"parent":0,"menu_order":0,"comment_status":"closed","ping_status":"closed","template":"","meta":{"_acf_changed":false,"_relevanssi_hide_post":"","_relevanssi_hide_content":"","_relevanssi_pin_for_all":"on","_relevanssi_pin_keywords":"Bygg- og anleggsteknikk, bygg og anlegg, Vg1 Bygg- og anleggsteknikk","_relevanssi_unpin_keywords":"","_relevanssi_related_keywords":"","_relevanssi_related_include_ids":"","_relevanssi_related_exclude_ids":"","_relevanssi_related_no_append":"","_relevanssi_related_not_related":"","_relevanssi_related_posts":"1","_relevanssi_noindex_reason":"","_custom_cards_description":"","footnotes":""},"class_list":["post-75","page","type-page","status-publish","has-post-thumbnail","hentry"],"acf":[],"_links":{"self":[{"href":"https:\/\/www.blakors.no\/videregaende-skole-grimstad\/wp-json\/wp\/v2\/pages\/75","targetHints":{"allow":["GET"]}}],"collection":[{"href":"https:\/\/www.blakors.no\/videregaende-skole-grimstad\/wp-json\/wp\/v2\/pages"}],"about":[{"href":"https:\/\/www.blakors.no\/videregaende-skole-grimstad\/wp-json\/wp\/v2\/types\/page"}],"author":[{"embeddable":true,"href":"https:\/\/www.blakors.no\/videregaende-skole-grimstad\/wp-json\/wp\/v2\/users\/23"}],"replies":[{"embeddable":true,"href":"https:\/\/www.blakors.no\/videregaende-skole-grimstad\/wp-json\/wp\/v2\/comments?post=75"}],"version-history":[{"count":5,"href":"https:\/\/www.blakors.no\/videregaende-skole-grimstad\/wp-json\/wp\/v2\/pages\/75\/revisions"}],"predecessor-version":[{"id":2110,"href":"https:\/\/www.blakors.no\/videregaende-skole-grimstad\/wp-json\/wp\/v2\/pages\/75\/revisions\/2110"}],"wp:featuredmedia":[{"embeddable":true,"href":"https:\/\/www.blakors.no\/videregaende-skole-grimstad\/wp-json\/wp\/v2\/media\/201"}],"wp:attachment":[{"href":"https:\/\/www.blakors.no\/videregaende-skole-grimstad\/wp-json\/wp\/v2\/media?parent=75"}],"curies":[{"name":"wp","href":"https:\/\/api.w.org\/{rel}","templated":true}]}}