{"id":79,"date":"2021-08-24T09:22:51","date_gmt":"2021-08-24T07:22:51","guid":{"rendered":"https:\/\/www.blakors.no\/videregaende-skole-grimstad\/?page_id=79"},"modified":"2023-09-25T19:47:11","modified_gmt":"2023-09-25T17:47:11","slug":"vg2-tomrer-nytt-studietilbud","status":"publish","type":"page","link":"https:\/\/www.blakors.no\/videregaende-skole-grimstad\/vg2-tomrer-nytt-studietilbud\/","title":{"rendered":"Vg2 T\u00f8mrer"},"content":{"rendered":"\n<div class=\"wp-block-lib-header alignfull hide\"><div class=\"image-wrapper\"><img decoding=\"async\" src=\"https:\/\/www.blakors.no\/content\/uploads\/sites\/24\/2021\/08\/P1020829-scaled.jpg\"\/><\/div><div class=\"header-innercontent\">\n\n<\/div><\/div>\n\n\n<div class=\"custom-block-banner alignwide contenthalf\"><div class=\"banner-image\" style=\"background-image:url(https:\/\/www.blakors.no\/content\/uploads\/sites\/24\/2021\/08\/P1020829-1024x683.jpg)\"><\/div><div class=\"banner-inner\"><div><h1 id=\"vg2-tomrer\"  class=\"title large \" >Vg2 T\u00f8mrer<\/h1><p>Vil du v\u00e6re med p\u00e5 \u00e5 skape og ta vare p\u00e5 samfunnets verdier? Da kan t\u00f8mrer v\u00e6re noe for deg.<\/p><div class=\"wp-block-button is-style-primary small\"><a class=\"wp-block-button__link\" href=\"https:\/\/www.blakors.no\/videregaende-skole-grimstad\/sok-skoleplass\/\" target=\"\">S\u00f8k skoleplass<\/a><\/div><\/div><\/div><\/div>\n\n\n<p>Oppl\u00e6ringen&nbsp;i t\u00f8mrerfaget skal bidra til \u00e5 utvikle dyktige h\u00e5ndverkere og fagarbeidere i et yrke hvor det skjer en kontinuerlig utvikling av metoder, verkt\u00f8y og materialer.<br><br>T\u00f8mrerfaget handler om \u00e5 bygge nye trebygninger og andre trekonstruksjoner, vedlikeholde, bevare de eksisterende, og videref\u00f8re kulturtradisjonen i faget.<\/p>\n\n\n\n<p>Kurset er i tr\u00e5d med godkjente l\u00e6replaner for Byggteknikk. L\u00e6replanen for T\u00f8mrer Vg2 best\u00e5r av 3 ulike hovedomr\u00e5der i tillegg til yrkesfaglig fordypning:<\/p>\n\n\n\n<ul class=\"wp-block-list\">\n<li>konstruksjoner og klimaskall<\/li>\n\n\n\n<li>materialegenskaper, varmeisolering og tetting<\/li>\n\n\n\n<li>vinduer, d\u00f8rer og innvendig arbeid<\/li>\n<\/ul>\n\n\n\n<h2 class=\"wp-block-heading\" id=\"h-yrkesfaglig-fordypning\"><strong>Yrkesfaglig fordypning<\/strong><\/h2>\n\n\n\n<p>I dette faget f\u00e5r du mulighet til \u00e5 v\u00e6re i praksis hos en bedrift. Du kan selv v\u00e6re med \u00e5&nbsp;velge hvor du vil v\u00e6re i praksisen.&nbsp;Ved ingen \u00f8nsker har skolen et samarbeid med enkelte bedrifter, og vil v\u00e6re behjelpelige med \u00e5 finne en praksisplass.<\/p>\n\n\n\n<p>Etter at du har fullf\u00f8rt og best\u00e5tt&nbsp;Vg2 Byggteknikk, m\u00e5 du kontakte oppl\u00e6ringskontoret i ditt hjemfylke og de&nbsp;vil v\u00e6re behjelpelig med \u00e5 finne en l\u00e6replass til deg.<br><br>Etter at du har g\u00e5tt 2 \u00e5r som l\u00e6rling, kan&nbsp;du g\u00e5 opp \u00e5&nbsp;ta fagbrevet.<\/p>\n\n\n\n<p>\u00d8nsker du&nbsp;\u00e5 g\u00e5 videre p\u00e5 skole \u00e5 ta generell&nbsp;studiekompetanse,&nbsp;kan sosialr\u00e5dgiver v\u00e6re med \u00e5 hjelpe&nbsp;deg \u00e5 s\u00f8ke og \u00e5 gi deg mer informasjon om dette.<\/p>\n\n\n\n\t\t<div class=\"wp-block-lib-accentuated-link\">\n\t\t\t<a class=\"lib-link__link\" href=\"https:\/\/www.udir.no\/lk20\/tmf02-01\" target=\"\" rel=\"noopener\">\n\t\t\t\t\n\t\t\t\t<div class=\"lib-link__text-content\">\n\t\t\t\t\t<span class=\"lib-link__tagline\">\n\t\t\t\t\t\tLes ogs\u00e5\n\t\t\t\t\t<\/span>\n\n\t\t\t\t\t<h3 class=\"lib-link__title\">\n\t\t\t\t\t\tL\u00e6replan i Vg2 T\u00f8mrer\n\t\t\t\t\t<\/h3>\n\n\t\t\t\t\t\n\t\t\t<span class=\"lib-link__link-source\">\n\t\t\t\twww.udir.no\n\t\t\t\t<svg xmlns=\"http:\/\/www.w3.org\/2000\/svg\" viewBox=\"0 0 24 24\" height=\"24\" width=\"24\" class=\"t2-icon t2-icon-linkexternal\" aria-hidden=\"true\" focusable=\"false\"><path d=\"M5 21c-.5 0-1-.2-1.4-.6S3 19.6 3 19V5c0-.6.2-1 .6-1.4S4.5 3 5 3h6c.3 0 .5.1.7.3.2.2.3.4.3.7 0 .3-.1.5-.3.7-.2.2-.4.3-.7.3H5v14h14v-6c0-.3.1-.5.3-.7.2-.2.4-.3.7-.3s.5.1.7.3c.2.2.3.4.3.7v6c0 .6-.2 1-.6 1.4s-.8.6-1.4.6H5zm4-6c-.2-.2-.3-.4-.3-.7s.1-.5.3-.7L17.6 5H15c-.3 0-.5-.1-.7-.3-.2-.2-.3-.4-.3-.7 0-.3.1-.5.3-.7.2-.2.4-.3.7-.3h5c.3 0 .5.1.7.3.2.2.3.4.3.7v5c0 .3-.1.5-.3.7-.2.2-.4.3-.7.3s-.5-.1-.7-.3c-.2-.2-.3-.4-.3-.7V6.4L10.4 15c-.2.2-.4.3-.7.3s-.5-.1-.7-.3z\" fill=\"currentColor\" \/><\/svg>\n\t\t\t<\/span>\n\t\t\t\t<\/div>\n\t\t\t<\/a>\n\t\t<\/div>\n\n\n<p><strong>Studienummer: BATMF2<\/strong><br><\/p>\n\n\n\n<div class=\"wp-block-buttons is-horizontal is-content-justification-center is-layout-flex wp-container-core-buttons-is-layout-499968f5 wp-block-buttons-is-layout-flex\">\n<div class=\"wp-block-button is-style-primary\"><a class=\"wp-block-button__link wp-element-button\" href=\"https:\/\/www.blakors.no\/videregaende-skole-grimstad\/sok-skoleplass\/\">S\u00f8k skoleplass<\/a><\/div>\n<\/div>\n\n\n\n<p><\/p>\n","protected":false},"excerpt":{"rendered":"<p>Oppl\u00e6ringen&nbsp;i t\u00f8mrerfaget skal bidra til \u00e5 utvikle dyktige h\u00e5ndverkere og fagarbeidere i et yrke hvor det skjer en kontinuerlig utvikling av metoder, verkt\u00f8y og materialer. T\u00f8mrerfaget handler om \u00e5 bygge nye trebygninger og andre trekonstruksjoner, vedlikeholde, bevare de eksisterende, og videref\u00f8re kulturtradisjonen i faget. Kurset er i tr\u00e5d med godkjente l\u00e6replaner for Byggteknikk. L\u00e6replanen for [&hellip;]<\/p>\n","protected":false},"author":23,"featured_media":223,"parent":0,"menu_order":0,"comment_status":"closed","ping_status":"closed","template":"","meta":{"_acf_changed":false,"_relevanssi_hide_post":"","_relevanssi_hide_content":"","_relevanssi_pin_for_all":"on","_relevanssi_pin_keywords":"Vg2 t\u00f8mrer, t\u00f8mrer, t\u00f8mrerfaget","_relevanssi_unpin_keywords":"","_relevanssi_related_keywords":"","_relevanssi_related_include_ids":"","_relevanssi_related_exclude_ids":"","_relevanssi_related_no_append":"","_relevanssi_related_not_related":"","_relevanssi_related_posts":"1","_relevanssi_noindex_reason":"","_custom_cards_description":"","footnotes":""},"class_list":["post-79","page","type-page","status-publish","has-post-thumbnail","hentry"],"acf":[],"_links":{"self":[{"href":"https:\/\/www.blakors.no\/videregaende-skole-grimstad\/wp-json\/wp\/v2\/pages\/79","targetHints":{"allow":["GET"]}}],"collection":[{"href":"https:\/\/www.blakors.no\/videregaende-skole-grimstad\/wp-json\/wp\/v2\/pages"}],"about":[{"href":"https:\/\/www.blakors.no\/videregaende-skole-grimstad\/wp-json\/wp\/v2\/types\/page"}],"author":[{"embeddable":true,"href":"https:\/\/www.blakors.no\/videregaende-skole-grimstad\/wp-json\/wp\/v2\/users\/23"}],"replies":[{"embeddable":true,"href":"https:\/\/www.blakors.no\/videregaende-skole-grimstad\/wp-json\/wp\/v2\/comments?post=79"}],"version-history":[{"count":5,"href":"https:\/\/www.blakors.no\/videregaende-skole-grimstad\/wp-json\/wp\/v2\/pages\/79\/revisions"}],"predecessor-version":[{"id":1936,"href":"https:\/\/www.blakors.no\/videregaende-skole-grimstad\/wp-json\/wp\/v2\/pages\/79\/revisions\/1936"}],"wp:featuredmedia":[{"embeddable":true,"href":"https:\/\/www.blakors.no\/videregaende-skole-grimstad\/wp-json\/wp\/v2\/media\/223"}],"wp:attachment":[{"href":"https:\/\/www.blakors.no\/videregaende-skole-grimstad\/wp-json\/wp\/v2\/media?parent=79"}],"curies":[{"name":"wp","href":"https:\/\/api.w.org\/{rel}","templated":true}]}}