{"id":83,"date":"2021-08-24T09:24:10","date_gmt":"2021-08-24T07:24:10","guid":{"rendered":"https:\/\/www.blakors.no\/videregaende-skole-grimstad\/?page_id=83"},"modified":"2025-06-10T14:22:39","modified_gmt":"2025-06-10T12:22:39","slug":"vg2-barne-og-ungdomsarbeiderfag","status":"publish","type":"page","link":"https:\/\/www.blakors.no\/videregaende-skole-grimstad\/vg2-barne-og-ungdomsarbeiderfag\/","title":{"rendered":"Vg2 Barne- og ungdomsarbeiderfag"},"content":{"rendered":"<div class=\"custom-block-banner alignwide contenthalf\"><div class=\"banner-image\" style=\"background-image:url(https:\/\/www.blakors.no\/content\/uploads\/sites\/24\/2021\/09\/Grooseveien-36-1024x576.jpg)\"><\/div><div class=\"banner-inner\"><div><h1 id=\"vg2-barne-og-ungdomsarbeiderfag\"  class=\"title small \" >Vg2 Barne- og ungdomsarbeiderfag<\/h1><p>Er du interessert i en givende jobb som er b\u00e5de aktiv og spennende? Liker du \u00e5 v\u00e6re sammen med barn og unge? Da kan en utdanning som barne- og ungdomsarbeider v\u00e6re noe for deg.<\/p><div class=\"wp-block-button is-style-primary small\"><a class=\"wp-block-button__link\" href=\"https:\/\/www.blakors.no\/videregaende-skole-grimstad\/sok-skoleplass\/\" target=\"\">S\u00f8k skoleplass<\/a><\/div><\/div><\/div><\/div>\n\n\n<p>Med denne utdannelsen kan du blant annet f\u00e5&nbsp;jobb i&nbsp;barnehage, skole, SFO\/AKS og fritidsklubb. Utdanningen&nbsp;er i tr\u00e5d med godkjent l\u00e6replan for vg2 Barne- og ungdomsarbeiderfaget og best\u00e5r av f\u00f8lgende&nbsp;hovedomr\u00e5der:<\/p>\n\n\n\n<ul class=\"wp-block-list\">\n<li>helsefremmende arbeid<\/li>\n\n\n\n<li>kommunikasjon og samhandling<\/li>\n\n\n\n<li>yrkesut\u00f8velse<\/li>\n\n\n\n<li>yrkesfaglig fordypning<\/li>\n<\/ul>\n\n\n\n\t\t<div class=\"wp-block-lib-accentuated-link\">\n\t\t\t<a class=\"lib-link__link\" href=\"https:\/\/www.udir.no\/lk20\/bua02-03\" target=\"\" rel=\"noopener\">\n\t\t\t\t\n\t\t\t\t<div class=\"lib-link__text-content\">\n\t\t\t\t\t<span class=\"lib-link__tagline\">\n\t\t\t\t\t\tLes ogs\u00e5\n\t\t\t\t\t<\/span>\n\n\t\t\t\t\t<h3 class=\"lib-link__title\">\n\t\t\t\t\t\tL\u00e6replan i Barne- og ungdomsarbeiderfag\n\t\t\t\t\t<\/h3>\n\n\t\t\t\t\t\n\t\t\t<span class=\"lib-link__link-source\">\n\t\t\t\twww.udir.no\n\t\t\t\t<svg xmlns=\"http:\/\/www.w3.org\/2000\/svg\" viewBox=\"0 0 24 24\" height=\"24\" width=\"24\" class=\"t2-icon t2-icon-linkexternal\" aria-hidden=\"true\" focusable=\"false\"><path d=\"M5 21c-.5 0-1-.2-1.4-.6S3 19.6 3 19V5c0-.6.2-1 .6-1.4S4.5 3 5 3h6c.3 0 .5.1.7.3.2.2.3.4.3.7 0 .3-.1.5-.3.7-.2.2-.4.3-.7.3H5v14h14v-6c0-.3.1-.5.3-.7.2-.2.4-.3.7-.3s.5.1.7.3c.2.2.3.4.3.7v6c0 .6-.2 1-.6 1.4s-.8.6-1.4.6H5zm4-6c-.2-.2-.3-.4-.3-.7s.1-.5.3-.7L17.6 5H15c-.3 0-.5-.1-.7-.3-.2-.2-.3-.4-.3-.7 0-.3.1-.5.3-.7.2-.2.4-.3.7-.3h5c.3 0 .5.1.7.3.2.2.3.4.3.7v5c0 .3-.1.5-.3.7-.2.2-.4.3-.7.3s-.5-.1-.7-.3c-.2-.2-.3-.4-.3-.7V6.4L10.4 15c-.2.2-.4.3-.7.3s-.5-.1-.7-.3z\" fill=\"currentColor\" \/><\/svg>\n\t\t\t<\/span>\n\t\t\t\t<\/div>\n\t\t\t<\/a>\n\t\t<\/div>\n\n\n<p>I dette faget f\u00e5r du mulighet til praktisere ute hos en bedrift. Elevene kan v\u00e6re med \u00e5&nbsp;velge selv hvor de vil v\u00e6re i praksisen.&nbsp;Har man ingen \u00f8nsker har skolen et samarbeid med enkelte bedrifter, og vil derfor v\u00e6re behjelpelige med \u00e5 finne en praksisplass.<\/p>\n\n\n\n<p>Etter at du har fullf\u00f8rt og best\u00e5tt&nbsp;Vg2 Barne- og ungdomsarbeiderfaget, m\u00e5 du kontakte oppl\u00e6ringskontoret i ditt hjemfylke, som vil v\u00e6re behjelpelige med \u00e5 finne en l\u00e6replass til deg. Etter at du har g\u00e5tt 2 \u00e5r som l\u00e6rling, kan&nbsp;du ta opp fagbrevet.<\/p>\n\n\n\n<p>\u00d8nsker du&nbsp;\u00e5 g\u00e5 videre og ta generell&nbsp;studiekompetanse,&nbsp;kan sosialr\u00e5dgiver hjelpe&nbsp;deg \u00e5 s\u00f8ke og gi deg mer informasjon.<\/p>\n\n\n\n\t\t<div class=\"wp-block-lib-accentuated-link\">\n\t\t\t<a class=\"lib-link__link\" href=\"https:\/\/www.nrk.no\/sorlandet\/xl\/mange-elever-sliter-_-trenger-flere-voksne-i-skolen-1.15522891\" target=\"\" rel=\"noopener\">\n\t\t\t\t\n\t\t\t\t<div class=\"lib-link__text-content\">\n\t\t\t\t\t<span class=\"lib-link__tagline\">\n\t\t\t\t\t\tLes mer\n\t\t\t\t\t<\/span>\n\n\t\t\t\t\t<h3 class=\"lib-link__title\">\n\t\t\t\t\t\tF\u00e5 innblikk i en barne- og ungdomsarbeiders arbeidshverdag\n\t\t\t\t\t<\/h3>\n\n\t\t\t\t\t\n\t\t\t<span class=\"lib-link__link-source\">\n\t\t\t\twww.nrk.no\n\t\t\t\t<svg xmlns=\"http:\/\/www.w3.org\/2000\/svg\" viewBox=\"0 0 24 24\" height=\"24\" width=\"24\" class=\"t2-icon t2-icon-linkexternal\" aria-hidden=\"true\" focusable=\"false\"><path d=\"M5 21c-.5 0-1-.2-1.4-.6S3 19.6 3 19V5c0-.6.2-1 .6-1.4S4.5 3 5 3h6c.3 0 .5.1.7.3.2.2.3.4.3.7 0 .3-.1.5-.3.7-.2.2-.4.3-.7.3H5v14h14v-6c0-.3.1-.5.3-.7.2-.2.4-.3.7-.3s.5.1.7.3c.2.2.3.4.3.7v6c0 .6-.2 1-.6 1.4s-.8.6-1.4.6H5zm4-6c-.2-.2-.3-.4-.3-.7s.1-.5.3-.7L17.6 5H15c-.3 0-.5-.1-.7-.3-.2-.2-.3-.4-.3-.7 0-.3.1-.5.3-.7.2-.2.4-.3.7-.3h5c.3 0 .5.1.7.3.2.2.3.4.3.7v5c0 .3-.1.5-.3.7-.2.2-.4.3-.7.3s-.5-.1-.7-.3c-.2-.2-.3-.4-.3-.7V6.4L10.4 15c-.2.2-.4.3-.7.3s-.5-.1-.7-.3z\" fill=\"currentColor\" \/><\/svg>\n\t\t\t<\/span>\n\t\t\t\t<\/div>\n\t\t\t<\/a>\n\t\t<\/div>\n\n\n<p><strong>Studienummer: HSBUA2<\/strong><\/p>\n\n\n\n<div class=\"wp-block-buttons is-horizontal is-content-justification-center is-layout-flex wp-container-core-buttons-is-layout-499968f5 wp-block-buttons-is-layout-flex\">\n<div class=\"wp-block-button is-style-primary\"><a class=\"wp-block-button__link wp-element-button\" href=\"https:\/\/www.blakors.no\/videregaende-skole-grimstad\/sok-skoleplass\/\">S\u00f8k skoleplass<\/a><\/div>\n<\/div>\n","protected":false},"excerpt":{"rendered":"<p>Med denne utdannelsen kan du blant annet f\u00e5&nbsp;jobb i&nbsp;barnehage, skole, SFO\/AKS og fritidsklubb. Utdanningen&nbsp;er i tr\u00e5d med godkjent l\u00e6replan for vg2 Barne- og ungdomsarbeiderfaget og best\u00e5r av f\u00f8lgende&nbsp;hovedomr\u00e5der: I dette faget f\u00e5r du mulighet til praktisere ute hos en bedrift. Elevene kan v\u00e6re med \u00e5&nbsp;velge selv hvor de vil v\u00e6re i praksisen.&nbsp;Har man ingen \u00f8nsker [&hellip;]<\/p>\n","protected":false},"author":23,"featured_media":647,"parent":0,"menu_order":0,"comment_status":"closed","ping_status":"closed","template":"","meta":{"_acf_changed":false,"_relevanssi_hide_post":"","_relevanssi_hide_content":"","_relevanssi_pin_for_all":"on","_relevanssi_pin_keywords":"Vg2 Barne- og ungdomsarbeiderfag, barne- og ungdomsarbeider, jobbe med barn og unge, jobbe med barn, ungdomsarbeider","_relevanssi_unpin_keywords":"","_relevanssi_related_keywords":"","_relevanssi_related_include_ids":"","_relevanssi_related_exclude_ids":"","_relevanssi_related_no_append":"","_relevanssi_related_not_related":"","_relevanssi_related_posts":"1","_relevanssi_noindex_reason":"","_custom_cards_description":"","footnotes":""},"class_list":["post-83","page","type-page","status-publish","has-post-thumbnail","hentry"],"acf":[],"_links":{"self":[{"href":"https:\/\/www.blakors.no\/videregaende-skole-grimstad\/wp-json\/wp\/v2\/pages\/83","targetHints":{"allow":["GET"]}}],"collection":[{"href":"https:\/\/www.blakors.no\/videregaende-skole-grimstad\/wp-json\/wp\/v2\/pages"}],"about":[{"href":"https:\/\/www.blakors.no\/videregaende-skole-grimstad\/wp-json\/wp\/v2\/types\/page"}],"author":[{"embeddable":true,"href":"https:\/\/www.blakors.no\/videregaende-skole-grimstad\/wp-json\/wp\/v2\/users\/23"}],"replies":[{"embeddable":true,"href":"https:\/\/www.blakors.no\/videregaende-skole-grimstad\/wp-json\/wp\/v2\/comments?post=83"}],"version-history":[{"count":4,"href":"https:\/\/www.blakors.no\/videregaende-skole-grimstad\/wp-json\/wp\/v2\/pages\/83\/revisions"}],"predecessor-version":[{"id":2161,"href":"https:\/\/www.blakors.no\/videregaende-skole-grimstad\/wp-json\/wp\/v2\/pages\/83\/revisions\/2161"}],"wp:featuredmedia":[{"embeddable":true,"href":"https:\/\/www.blakors.no\/videregaende-skole-grimstad\/wp-json\/wp\/v2\/media\/647"}],"wp:attachment":[{"href":"https:\/\/www.blakors.no\/videregaende-skole-grimstad\/wp-json\/wp\/v2\/media?parent=83"}],"curies":[{"name":"wp","href":"https:\/\/api.w.org\/{rel}","templated":true}]}}