{"id":85,"date":"2021-08-24T09:25:32","date_gmt":"2021-08-24T07:25:32","guid":{"rendered":"https:\/\/www.blakors.no\/videregaende-skole-grimstad\/?page_id=85"},"modified":"2021-11-04T08:06:27","modified_gmt":"2021-11-04T07:06:27","slug":"vg2-helsearbeiderfag","status":"publish","type":"page","link":"https:\/\/www.blakors.no\/videregaende-skole-grimstad\/vg2-helsearbeiderfag\/","title":{"rendered":"Vg2 Helsearbeiderfag"},"content":{"rendered":"\n<div class=\"wp-block-lib-header alignfull hide\"><div class=\"image-wrapper\"><img decoding=\"async\" src=\"https:\/\/www.blakors.no\/content\/uploads\/sites\/24\/2021\/08\/hob.jpg\"\/><\/div><div class=\"header-innercontent\"><\/div><\/div>\n\n\n<div class=\"custom-block-banner alignwide contenthalf\"><div class=\"banner-image\" style=\"background-image:url(https:\/\/www.blakors.no\/content\/uploads\/sites\/24\/2021\/09\/thumbnail_IMG_0295-1024x768.jpg)\"><\/div><div class=\"banner-inner\"><div><div class=\"icon \"><\/div><h1 id=\"vg2-helsearbeiderfag\"  class=\"title large \" >Vg2 Helsearbeiderfag<\/h1><p>\u00d8nsker du en givende jobb med n\u00e6r kontakt med mennesker?<\/p><div class=\"wp-block-button is-style-primary small\"><a class=\"wp-block-button__link\" href=\"https:\/\/www.blakors.no\/videregaende-skole-grimstad\/sok-skoleplass\/\" target=\"\">S\u00f8k skoleplass<\/a><\/div><\/div><\/div><\/div>\n\n\n<p>Helsefagarbeider kombinerer og erstatter de to tidligere fagomr\u00e5dene hjelpepleier og omsorgsarbeider.<\/p>\n\n\n\n<p>Du kan arbeide i ulike offentlige eller private institusjoner der de utf\u00f8rer praktisk pleie, omsorg og milj\u00f8arbeid, for pasienter og brukere av helse- og sosialtjenester. Du kan v\u00e6re med \u00e5 lette et menneskes hverdag b\u00e5de med praktisk hjelp og omsorg.<\/p>\n\n\n\n<p>Som helsefagarbeider er du kvalifisert til mange spennende jobber. Du kan blant annet&nbsp;jobbe innen:<\/p>\n\n\n\n<ul class=\"wp-block-list\"><li>sykehus<\/li><li>sykehjem<\/li><li>psykisk helsearbeid<\/li><li>kommunens hjemmebaserte tjenester<\/li><li>rehabiliteringshjem for rusavhengige<\/li><li>andre institusjoner innen helse- og sosialsektoren.<\/li><\/ul>\n\n\n\n<h2 class=\"wp-block-heading\" id=\"h-dette-best-r-utdanningen-av\">Dette best\u00e5r utdanningen av:<\/h2>\n\n\n\n<p>Utdanningen&nbsp;er i tr\u00e5d med godkjente l\u00e6replaner for Helsearbeiderfaget og best\u00e5r av&nbsp;f\u00f8lgende&nbsp;hovedomr\u00e5der:<\/p>\n\n\n\n<ul class=\"wp-block-list\"><li>helsefremmende arbeid<\/li><li>kommunikasjon og samhandling<\/li><li>yrkesut\u00f8velse<\/li><li>yrkesfaglig fordypning<\/li><\/ul>\n\n\n\n<div class=\"wp-block-lib-accentuated-link\"><a class=\"lib-link__link\" href=\"https:\/\/www.udir.no\/lk20\/hea02-04\" rel=\"noreferrer noopener\" target=\"_blank\"><div class=\"lib-link__text-content\"><h6 id=\"les-ogsa\"  class=\"lib-link__tagline\" >Les ogs\u00e5<\/h6><h3 id=\"laereplan-i-vg2-helsearbeiderfag\"  class=\"lib-link__title\" >L\u00e6replan i Vg2 Helsearbeiderfag<\/h3><span class=\"lib-link__link-source\">www.udir.no<SVG viewBox=\"0 0 13 13\" xmlns=\"http:\/\/www.w3.org\/2000\/svg\" width=\"16\" height=\"16\">\n\t\t<Path d=\"M12.5,0h.15l0,0,0,0,0,0,0,0,0,0v0h0l0,0L12.85.15a.27.27,0,0,1,.07.08.08.08,0,0,1,0,0,.08.08,0,0,1,0,0s0,0,0,0A.43.43,0,0,1,13,.4h0v0a.09.09,0,0,1,0,0v4a.5.5,0,0,1-1,.09V1.71L5.52,8.19a.51.51,0,0,1-.71,0,.5.5,0,0,1,0-.64l0-.07L11.29,1H8.5A.5.5,0,0,1,8,.59V.5A.5.5,0,0,1,8.41,0H12.5ZM5.83,2a.5.5,0,0,1,.5.5A.49.49,0,0,1,5.92,3H1.83a.87.87,0,0,0-.59.24A.8.8,0,0,0,1,3.72v7.45a.87.87,0,0,0,.24.59.8.8,0,0,0,.48.23H9.17a.87.87,0,0,0,.59-.24.8.8,0,0,0,.23-.48V7.17a.5.5,0,0,1,.5-.5.49.49,0,0,1,.49.41v4.09a1.8,1.8,0,0,1-.54,1.29A1.76,1.76,0,0,1,9.33,13H1.83a1.8,1.8,0,0,1-1.29-.54A1.76,1.76,0,0,1,0,11.33V3.83A1.8,1.8,0,0,1,.54,2.54,1.76,1.76,0,0,1,1.67,2H5.83Z\"\/>\n<\/SVG>\n<\/span><\/div><\/a><\/div>\n\n\n\n<h2 class=\"wp-block-heading\" id=\"h-etter-fullf-rt-vg2-helsearbeiderfag\">Etter fullf\u00f8rt Vg2 Helsearbeiderfag<\/h2>\n\n\n\n<p>Etter at du har fullf\u00f8rt og best\u00e5tt&nbsp;Vg2 helsearbeiderfag, m\u00e5 du kontakte oppl\u00e6ringskontoret i ditt hjemfylke. De&nbsp;vil v\u00e6re behjelpelige med \u00e5 finne en l\u00e6replass til deg. Etter at du har g\u00e5tt 2 \u00e5r som l\u00e6rling, kan&nbsp;du ta opp fagbrevet.<\/p>\n\n\n\n<p>\u00d8nsker du&nbsp;\u00e5 g\u00e5 videre p\u00e5 skole \u00e5&nbsp;f\u00e5 generell&nbsp;studiekompetanse,&nbsp;kan sosialr\u00e5dgiver v\u00e6re behjelpelig med \u00e5 s\u00f8ke og \u00e5 gi deg mer informasjon.<\/p>\n\n\n\n<p><strong>Studietilbud: HSHEA2<\/strong><\/p>\n\n\n\n<div class=\"wp-block-buttons is-content-justification-center is-layout-flex wp-block-buttons-is-layout-flex\">\n<div class=\"wp-block-button is-style-primary\"><a class=\"wp-block-button__link\" href=\"https:\/\/www.blakors.no\/videregaende-skole-grimstad\/sok-skoleplass\/\">S\u00f8k skoleplass<\/a><\/div>\n<\/div>\n","protected":false},"excerpt":{"rendered":"<p>Helsefagarbeider kombinerer og erstatter de to tidligere fagomr\u00e5dene hjelpepleier og omsorgsarbeider. Du kan arbeide i ulike offentlige eller private institusjoner der de utf\u00f8rer praktisk pleie, omsorg og milj\u00f8arbeid, for pasienter og brukere av helse- og sosialtjenester. Du kan v\u00e6re med \u00e5 lette et menneskes hverdag b\u00e5de med praktisk hjelp og omsorg. Som helsefagarbeider er du [&hellip;]<\/p>\n","protected":false},"author":23,"featured_media":238,"parent":0,"menu_order":0,"comment_status":"closed","ping_status":"closed","template":"","meta":{"_acf_changed":false,"_relevanssi_hide_post":"","_relevanssi_hide_content":"","_relevanssi_pin_for_all":"on","_relevanssi_pin_keywords":"Vg2 Helsearbeiderfag, helsearbeider, fag innen helsearbeider, jobbe innen helse","_relevanssi_unpin_keywords":"","_relevanssi_related_keywords":"","_relevanssi_related_include_ids":"","_relevanssi_related_exclude_ids":"","_relevanssi_related_no_append":"","_relevanssi_related_not_related":"","_relevanssi_related_posts":"1","_relevanssi_noindex_reason":"","_custom_cards_description":"","footnotes":""},"class_list":["post-85","page","type-page","status-publish","has-post-thumbnail","hentry"],"acf":[],"_links":{"self":[{"href":"https:\/\/www.blakors.no\/videregaende-skole-grimstad\/wp-json\/wp\/v2\/pages\/85","targetHints":{"allow":["GET"]}}],"collection":[{"href":"https:\/\/www.blakors.no\/videregaende-skole-grimstad\/wp-json\/wp\/v2\/pages"}],"about":[{"href":"https:\/\/www.blakors.no\/videregaende-skole-grimstad\/wp-json\/wp\/v2\/types\/page"}],"author":[{"embeddable":true,"href":"https:\/\/www.blakors.no\/videregaende-skole-grimstad\/wp-json\/wp\/v2\/users\/23"}],"replies":[{"embeddable":true,"href":"https:\/\/www.blakors.no\/videregaende-skole-grimstad\/wp-json\/wp\/v2\/comments?post=85"}],"version-history":[{"count":40,"href":"https:\/\/www.blakors.no\/videregaende-skole-grimstad\/wp-json\/wp\/v2\/pages\/85\/revisions"}],"predecessor-version":[{"id":1186,"href":"https:\/\/www.blakors.no\/videregaende-skole-grimstad\/wp-json\/wp\/v2\/pages\/85\/revisions\/1186"}],"wp:featuredmedia":[{"embeddable":true,"href":"https:\/\/www.blakors.no\/videregaende-skole-grimstad\/wp-json\/wp\/v2\/media\/238"}],"wp:attachment":[{"href":"https:\/\/www.blakors.no\/videregaende-skole-grimstad\/wp-json\/wp\/v2\/media?parent=85"}],"curies":[{"name":"wp","href":"https:\/\/api.w.org\/{rel}","templated":true}]}}