{"id":91,"date":"2021-08-24T09:28:21","date_gmt":"2021-08-24T07:28:21","guid":{"rendered":"https:\/\/www.blakors.no\/videregaende-skole-grimstad\/?page_id=91"},"modified":"2025-07-30T08:54:23","modified_gmt":"2025-07-30T06:54:23","slug":"vg3-pabygging-til-generell-studiekompetanse","status":"publish","type":"page","link":"https:\/\/www.blakors.no\/videregaende-skole-grimstad\/vg3-pabygging-til-generell-studiekompetanse\/","title":{"rendered":"Vg3&#038;Vg4 p\u00e5bygging til generell studiekompetanse"},"content":{"rendered":"\n<div class=\"wp-block-lib-header alignfull hide\"><div class=\"image-wrapper\"><img decoding=\"async\" src=\"https:\/\/www.blakors.no\/content\/uploads\/sites\/24\/2021\/09\/Generell-studiekompetanse-scaled.jpg\"\/><\/div><div class=\"header-innercontent\">\n\n<\/div><\/div>\n\n\n<div class=\"custom-block-banner alignwide contenthalf\"><div class=\"banner-image\" style=\"background-image:url(https:\/\/www.blakors.no\/content\/uploads\/sites\/24\/2021\/09\/Generell-studiekompetanse-1024x683.jpg)\"><\/div><div class=\"banner-inner\"><div><h1 id=\"vg3vg4-pabygging-til-generell-studiekompetanse\"  class=\"title small \" >Vg3&amp;Vg4 p\u00e5bygging til generell studiekompetanse<\/h1><p>&#8211; Generell studiekompetanse kan du oppn\u00e5 ved \u00e5 fullf\u00f8re og best\u00e5 Vg3 p\u00e5bygging til generell studiekompetanse. Da m\u00e5 du ha fullf\u00f8rt og best\u00e5tt Vg1 og Vg2 fra et yrkesfaglig utdanningsprogram.\r\n&#8211; Du kan ogs\u00e5 oppn\u00e5 generell studiekompetanse ved \u00e5 fullf\u00f8re og best\u00e5 Vg4 p\u00e5bygging til generell studiekompetanse. Da har du fullf\u00f8rt og best\u00e5tt Vg1 og Vg2 p\u00e5 yrkesfag, og du har best\u00e5tt og fullf\u00f8rt l\u00e6retiden. <\/p><div class=\"wp-block-button is-style-primary small\"><a class=\"wp-block-button__link\" href=\"https:\/\/www.blakors.no\/videregaende-skole-grimstad\/sok-skoleplass\/\" target=\"\">S\u00f8k skoleplass<\/a><\/div><\/div><\/div><\/div>\n\n\n<p>Bl\u00e5 Kors videreg\u00e5ende skole, Grimstad tilbyr Vg3 &amp; Vg4 p\u00e5bygging til generell studiekompetanse.<\/p>\n\n\n\n<p>Med denne utdanningen kan elever fra yrkesfaglige programomr\u00e5der oppn\u00e5 studiekompetanse i l\u00f8pet av ett skole\u00e5r. Etter dette \u00e5ret kan du studere videre p\u00e5 h\u00f8yskole eller universitet. <br><br>Du trenger ikke \u00e5 ha g\u00e5tt p\u00e5 Bl\u00e5 Kors videreg\u00e5ende skole, Grimstad tidligere, men v\u00e6re kvalifisert for inntak (<a href=\"https:\/\/www.blakors.no\/videregaende-skole-grimstad\/inntaksreglement\/\">se inntaksreglement<\/a>). For \u00e5 g\u00e5 p\u00e5 <strong>Vg3 p\u00e5bygging til generell studiekompetanse<\/strong> m\u00e5 du ogs\u00e5 ha best\u00e5tt vg1 og vg2 yrkesfaglige utdanningsprogram eller vg1 studieforberedende og vg2 yrkesfaglig utdanningsprogram for \u00e5 v\u00e6re kvalifisert for inntak. For \u00e5 g\u00e5 p\u00e5 <strong>Vg4 p\u00e5bygging til generell studiekompetanse<\/strong> m\u00e5 du i tillegg ha fullf\u00f8rt og best\u00e5tt l\u00e6rlingtiden. <\/p>\n\n\n\n<p>P\u00e5bygg er arbeidskrevende med lekser og innleveringer.  For \u00e5 ha mulighet til \u00e5 best\u00e5 alle fag, m\u00e5 en arbeide med lekser. <\/p>\n\n\n\n<h2 class=\"wp-block-heading\" id=\"h-fag-og-timefordeling-per-uke\">Fag og timefordeling per uke Vg3:<\/h2>\n\n\n\n<ul class=\"wp-block-list\">\n<li>Norsk cirka 8 timer<\/li>\n\n\n\n<li>Kropps\u00f8ving cirka 1,5 timer<\/li>\n\n\n\n<li>Naturfag cirka 2 timer<\/li>\n\n\n\n<li>Matematikk cirka 4 timer<\/li>\n\n\n\n<li>Historie cirka 4 timer<\/li>\n\n\n\n<li>Programfag cirka 4 timer<\/li>\n<\/ul>\n\n\n\n<h2 class=\"wp-block-heading\" id=\"h-fag-og-timefordeling-per-uke\">Fag og timefordeling per uke Vg4:<\/h2>\n\n\n\n<ul class=\"wp-block-list\">\n<li>Norsk cirka 8 timer<\/li>\n\n\n\n<li>Naturfag cirka 2 timer<\/li>\n\n\n\n<li>Matematikk cirka 4 timer<\/li>\n\n\n\n<li>Historie cirka 4 timer<\/li>\n<\/ul>\n\n\n\n<p>\u00d8nsker du mer informasjon om v\u00e5rt tilbud er det fint om du tar kontakt med skolen.<\/p>\n\n\n<div class=\"no-image wp-block-blakors-person-cards\">\n\t\t\t\n<div class=\"t2-featured-single-post compact-card-template t2-featured-content is-post-type-person compact-card-template wp-block-t2-featured-single-post\"><figure class=\"t2-post-featured-image has-image-ratio-1-1 wp-block-t2-post-featured-image\"><img decoding=\"async\" sizes=\"(min-width: 782px) 768px, 100vw\" class=\"fallback\" loading=\"lazy\" src=\"https:\/\/www.blakors.no\/content\/themes\/blakors\/assets\/icons\/t2-post-featured-image.svg\"><\/figure>\n\n<div class=\"wp-block-group alignfull is-layout-flow wp-block-group-is-layout-flow\">\n\t<div class=\"t2-post-dynamic-part is-source-filter filter-person_card_meta post-meta wp-block-t2-post-dynamic-part\"><div class=\"title\"><h2 id=\"bla-kors-videregaende-skole-grimstad\"  class=\"t2-post-title wp-block-t2-post-title\" >Bl\u00e5 Kors videreg\u00e5ende skole, Grimstad<\/h2><p class=\"position\">Resepsjonen<\/p><\/div><div class=\"contact-info\"><p class=\"phone\"><a href=\"tel:+4740004124\">+47 400 04 124<\/a><\/p><p class=\"email\"><a href=\"mailto:grimstadvgs@blakors.no\">grimstadvgs@blakors.no<\/a><\/p><\/div><\/div>\n<\/div>\n\n<\/div>\n\n\t\t<\/div>\n\n\n\t\t<div class=\"wp-block-lib-accentuated-link\">\n\t\t\t<a class=\"lib-link__link\" href=\"https:\/\/www.vilbli.no\/nb\/nb\/no\" target=\"\" rel=\"noopener\">\n\t\t\t\t\n\t\t\t\t<div class=\"lib-link__text-content\">\n\t\t\t\t\t<span class=\"lib-link__tagline\">\n\t\t\t\t\t\tMer informasjon\n\t\t\t\t\t<\/span>\n\n\t\t\t\t\t<h3 class=\"lib-link__title\">\n\t\t\t\t\t\tOversikt over utdanningsprogrammene\n\t\t\t\t\t<\/h3>\n\n\t\t\t\t\t\n\t\t\t<span class=\"lib-link__link-source\">\n\t\t\t\twww.vilbli.no\n\t\t\t\t<svg xmlns=\"http:\/\/www.w3.org\/2000\/svg\" viewBox=\"0 0 24 24\" height=\"24\" width=\"24\" class=\"t2-icon t2-icon-linkexternal\" aria-hidden=\"true\" focusable=\"false\"><path d=\"M5 21c-.5 0-1-.2-1.4-.6S3 19.6 3 19V5c0-.6.2-1 .6-1.4S4.5 3 5 3h6c.3 0 .5.1.7.3.2.2.3.4.3.7 0 .3-.1.5-.3.7-.2.2-.4.3-.7.3H5v14h14v-6c0-.3.1-.5.3-.7.2-.2.4-.3.7-.3s.5.1.7.3c.2.2.3.4.3.7v6c0 .6-.2 1-.6 1.4s-.8.6-1.4.6H5zm4-6c-.2-.2-.3-.4-.3-.7s.1-.5.3-.7L17.6 5H15c-.3 0-.5-.1-.7-.3-.2-.2-.3-.4-.3-.7 0-.3.1-.5.3-.7.2-.2.4-.3.7-.3h5c.3 0 .5.1.7.3.2.2.3.4.3.7v5c0 .3-.1.5-.3.7-.2.2-.4.3-.7.3s-.5-.1-.7-.3c-.2-.2-.3-.4-.3-.7V6.4L10.4 15c-.2.2-.4.3-.7.3s-.5-.1-.7-.3z\" fill=\"currentColor\" \/><\/svg>\n\t\t\t<\/span>\n\t\t\t\t<\/div>\n\t\t\t<\/a>\n\t\t<\/div>\n\n\n<p><strong>Studienummer: PBPBY3<\/strong><\/p>\n\n\n\n<div class=\"wp-block-buttons is-horizontal is-content-justification-center is-layout-flex wp-container-core-buttons-is-layout-499968f5 wp-block-buttons-is-layout-flex\">\n<div class=\"wp-block-button is-style-primary\"><a class=\"wp-block-button__link wp-element-button\" href=\"https:\/\/www.blakors.no\/videregaende-skole-grimstad\/sok-skoleplass\/\">S\u00f8k skoleplass<\/a><\/div>\n<\/div>\n","protected":false},"excerpt":{"rendered":"<p>Bl\u00e5 Kors videreg\u00e5ende skole, Grimstad tilbyr Vg3 &amp; Vg4 p\u00e5bygging til generell studiekompetanse. Med denne utdanningen kan elever fra yrkesfaglige programomr\u00e5der oppn\u00e5 studiekompetanse i l\u00f8pet av ett skole\u00e5r. Etter dette \u00e5ret kan du studere videre p\u00e5 h\u00f8yskole eller universitet. Du trenger ikke \u00e5 ha g\u00e5tt p\u00e5 Bl\u00e5 Kors videreg\u00e5ende skole, Grimstad tidligere, men v\u00e6re kvalifisert [&hellip;]<\/p>\n","protected":false},"author":23,"featured_media":920,"parent":0,"menu_order":0,"comment_status":"closed","ping_status":"closed","template":"","meta":{"_acf_changed":false,"_relevanssi_hide_post":"","_relevanssi_hide_content":"","_relevanssi_pin_for_all":"on","_relevanssi_pin_keywords":"Vg3 p\u00e5bygging til generell studiekompetanse, studiekompetanse, generell studiekompetanse, p\u00e5bygging til generell studiekompetanse","_relevanssi_unpin_keywords":"","_relevanssi_related_keywords":"","_relevanssi_related_include_ids":"","_relevanssi_related_exclude_ids":"","_relevanssi_related_no_append":"","_relevanssi_related_not_related":"","_relevanssi_related_posts":"1","_relevanssi_noindex_reason":"","_custom_cards_description":"","footnotes":""},"class_list":["post-91","page","type-page","status-publish","has-post-thumbnail","hentry"],"acf":[],"_links":{"self":[{"href":"https:\/\/www.blakors.no\/videregaende-skole-grimstad\/wp-json\/wp\/v2\/pages\/91","targetHints":{"allow":["GET"]}}],"collection":[{"href":"https:\/\/www.blakors.no\/videregaende-skole-grimstad\/wp-json\/wp\/v2\/pages"}],"about":[{"href":"https:\/\/www.blakors.no\/videregaende-skole-grimstad\/wp-json\/wp\/v2\/types\/page"}],"author":[{"embeddable":true,"href":"https:\/\/www.blakors.no\/videregaende-skole-grimstad\/wp-json\/wp\/v2\/users\/23"}],"replies":[{"embeddable":true,"href":"https:\/\/www.blakors.no\/videregaende-skole-grimstad\/wp-json\/wp\/v2\/comments?post=91"}],"version-history":[{"count":5,"href":"https:\/\/www.blakors.no\/videregaende-skole-grimstad\/wp-json\/wp\/v2\/pages\/91\/revisions"}],"predecessor-version":[{"id":2198,"href":"https:\/\/www.blakors.no\/videregaende-skole-grimstad\/wp-json\/wp\/v2\/pages\/91\/revisions\/2198"}],"wp:featuredmedia":[{"embeddable":true,"href":"https:\/\/www.blakors.no\/videregaende-skole-grimstad\/wp-json\/wp\/v2\/media\/920"}],"wp:attachment":[{"href":"https:\/\/www.blakors.no\/videregaende-skole-grimstad\/wp-json\/wp\/v2\/media?parent=91"}],"curies":[{"name":"wp","href":"https:\/\/api.w.org\/{rel}","templated":true}]}}