{"id":930,"date":"2021-09-13T11:24:12","date_gmt":"2021-09-13T09:24:12","guid":{"rendered":"https:\/\/www.blakors.no\/videregaende-skole-grimstad\/?page_id=930"},"modified":"2021-09-27T10:50:13","modified_gmt":"2021-09-27T08:50:13","slug":"hva-skal-du-bli","status":"publish","type":"page","link":"https:\/\/www.blakors.no\/videregaende-skole-grimstad\/hva-skal-du-bli\/","title":{"rendered":"Hva skal du bli?"},"content":{"rendered":"\n<p>Det er ikke alltid lett \u00e5 vite hva man skal bli. Det er et stort og viktig valg \u00e5 ta. Ut i fra v\u00e5re yrkesfaglige valg pr\u00f8ver vi \u00e5 veilede deg til hva du kan bli, og hvordan du kan vite at valget er rett for deg. Du f\u00e5r f\u00f8rst noen sp\u00f8rsm\u00e5l du m\u00e5 gruble p\u00e5 for \u00e5 finne ut hvem du er og hva du \u00f8nsker.<\/p>\n\n\n\n<ol class=\"wp-block-list\" type=\"1\"><li>Hvilke interesser og egenskaper har du?<\/li><\/ol>\n\n\n\n<ul class=\"wp-block-list\" type=\"1\"><li>Hva betyr noe for deg, hvilke verdier og interesser har du?<\/li><li>Hva er du flink til?<\/li><li>Er du teoretisk eller praktisk anlagt?<\/li><li>Liker du \u00e5 jobbe aleine eller sammen med andre?<\/li><\/ul>\n\n\n\n<p>Hvem kan hjelpe deg med informasjon og gi deg gode r\u00e5d ved \u00e5 lytte til deg?<\/p>\n\n\n\n<div class=\"wp-block-lib-accentuated-link\"><a class=\"lib-link__link\" href=\"https:\/\/utdanning.no\/tema\/hjelp_og_veiledning\/interessetester\" rel=\"noopener\" target=\"_blank\"><div class=\"lib-link__text-content\"><h6 id=\"les-ogsa\"  class=\"lib-link__tagline\" >Les Ogs\u00e5<\/h6><h3 id=\"test-deg-selv-pa-hva-du-vil-bli\"  class=\"lib-link__title\" >Test deg selv p\u00e5 hva du vil bli!<\/h3><span class=\"lib-link__link-source\">utdanning.no<SVG viewBox=\"0 0 13 13\" xmlns=\"http:\/\/www.w3.org\/2000\/svg\" width=\"16\" height=\"16\">\n\t\t<Path d=\"M12.5,0h.15l0,0,0,0,0,0,0,0,0,0v0h0l0,0L12.85.15a.27.27,0,0,1,.07.08.08.08,0,0,1,0,0,.08.08,0,0,1,0,0s0,0,0,0A.43.43,0,0,1,13,.4h0v0a.09.09,0,0,1,0,0v4a.5.5,0,0,1-1,.09V1.71L5.52,8.19a.51.51,0,0,1-.71,0,.5.5,0,0,1,0-.64l0-.07L11.29,1H8.5A.5.5,0,0,1,8,.59V.5A.5.5,0,0,1,8.41,0H12.5ZM5.83,2a.5.5,0,0,1,.5.5A.49.49,0,0,1,5.92,3H1.83a.87.87,0,0,0-.59.24A.8.8,0,0,0,1,3.72v7.45a.87.87,0,0,0,.24.59.8.8,0,0,0,.48.23H9.17a.87.87,0,0,0,.59-.24.8.8,0,0,0,.23-.48V7.17a.5.5,0,0,1,.5-.5.49.49,0,0,1,.49.41v4.09a1.8,1.8,0,0,1-.54,1.29A1.76,1.76,0,0,1,9.33,13H1.83a1.8,1.8,0,0,1-1.29-.54A1.76,1.76,0,0,1,0,11.33V3.83A1.8,1.8,0,0,1,.54,2.54,1.76,1.76,0,0,1,1.67,2H5.83Z\"\/>\n<\/SVG>\n<\/span><\/div><\/a><\/div>\n\n\n\n<ol class=\"wp-block-list\" start=\"2\"><li>P\u00e5 v\u00e5r skole kan vi hjelpe deg til \u00e5 velge blant disse yrkene: <strong>t\u00f8mrer, salg og reiselivsarbeider, barne- og ungdomsarbeider og helsefagarbeider.<\/strong> Dette er yrker som vi vet at det er et stort  behov for. Etter perioden som l\u00e6rling kan sjansene for \u00e5 g\u00e5 rett ut i jobb v\u00e6re gode. F\u00f8r du skal bestemme deg, b\u00f8r du tenke gjennom noen av disse punktene:<\/li><\/ol>\n\n\n\n<ul class=\"wp-block-list\"><li>F\u00e5r jeg jobb som fagl\u00e6rt?<\/li><li>Hva kan jeg forvente \u00e5 gj\u00f8re i jobben?<\/li><li>Hva vil jeg tjene? <\/li><li>Hvordan vil arbeidsdagene v\u00e6re?<\/li><li>Kan jeg forvente \u00e5 jobbe i turnus?<\/li><li>Hvilke utdanningskrav stilles til jobben og yrket jeg velger?<\/li><li>Hvor lang tid vil det ta og utdannes?<\/li><li>Hvor kan jeg ta utdanningen?<\/li><li>Kan deler av utdanningen jeg \u00f8nsker tas i utlandet?<\/li><\/ul>\n\n\n\n<h2 class=\"wp-block-heading\" id=\"h-velg-noe-som-passer-deg\">Velg noe som passer deg<\/h2>\n\n\n\n<p>N\u00e5r du skal velge utdannelse er det viktig at du velger noe som passer deg, som du kan holde p\u00e5 med over lang tid. Ikke la deg presse av andres forventninger eller f\u00f8lge andre og deres valg. Velg noe som passer til dine forventninger, evner og interesser. <\/p>\n\n\n\n<p>Et tips til deg som \u00f8nsker \u00e5 utdanne deg til et praktisk fag, er \u00e5 sp\u00f8rre om du kan hospitere hos en bedrift og f\u00f8lge den noen dager, for \u00e5 se om dette passer deg. Sv\u00e6rt mange bedrifter er positive, men det krever noe av deg, nemlig det \u00e5 sp\u00f8rre om du kan hospitere.<\/p>\n\n\n\n<h2 class=\"wp-block-heading\" id=\"h-arbeidslivet-er-i-endring\">Arbeidslivet er i endring<\/h2>\n\n\n\n<p>En annen viktig sak er at dette er starten p\u00e5 en lang yrkeskarriere, forh\u00e5pentligvis. Vi vet i dag at morgendagen er usikker. Noen yrker forsvinner, og andre dukker opp. I dag finnes det yrker som ikke fantes for 10-15 \u00e5r siden, og arbeidslivet er stadig i endring. Man m\u00e5 derfor v\u00e6re villig til \u00e5 omstille seg.<\/p>\n\n\n\n<p>Det er flere gjennom et langt liv som forandrer interesser og yrker underveis. Kanskje man valgte feil tidlig i livet. Dersom en kommer dit, skal man likevel tenke at det ikke har v\u00e6rt bortkastet. Man har l\u00e6rt noe, og blitt formet underveis til den personen man er, som andre kan anerkjenne og sette pris p\u00e5. Det er mange muligheter av yrkesvalg. Det viktigste er \u00e5 velge noe du selv har evnen og brenner for. <\/p>\n\n\n<h2 id=\"hvilke-egenskaper-er-viktige-i-disse-yrkene\"  >Hvilke egenskaper er viktige i disse yrkene:<\/h2><div class=\"t2-accordion wp-block-t2-accordion\" data-allow-multiple=\"1\" role=\"list\"><div class=\"t2-accordion-item wp-block-t2-accordion-item\" role=\"listitem\">\n\t\t\t<h3 class=\"t2-accordion-title\">\n\t\t\t\t<button type=\"button\" class=\"t2-accordion-trigger\" id=\"barne-og-ungdomsarbeider\" aria-controls=\"accordion-panel\" aria-expanded=\"false\">\n\t\t\t\t\tBarne- og ungdomsarbeider\n\t\t\t\t\t<span class=\"t2-accordion-icon is-closed-icon\"><svg xmlns=\"http:\/\/www.w3.org\/2000\/svg\" viewBox=\"0 0 24 24\" height=\"24\" width=\"24\" class=\"t2-icon t2-icon-chevrondown\" aria-hidden=\"true\" focusable=\"false\"><path d=\"M12 14.9c-.1 0-.3 0-.4-.1-.1 0-.2-.1-.3-.2L6.7 10c-.2-.1-.3-.4-.3-.6 0-.3.1-.5.3-.7.2-.2.4-.3.7-.3s.5.1.7.3l3.9 3.9 3.9-3.9c.2-.2.4-.3.7-.3.3 0 .5.1.7.3.2.2.3.4.3.7s-.1.5-.3.7l-4.6 4.6c-.1.1-.2.2-.3.2H12z\" fill=\"currentColor\" \/><\/svg><\/span>\n\t\t\t\t\t<span class=\"t2-accordion-icon is-open-icon\"><svg xmlns=\"http:\/\/www.w3.org\/2000\/svg\" viewBox=\"0 0 24 24\" height=\"24\" width=\"24\" class=\"t2-icon t2-icon-chevronup\" aria-hidden=\"true\" focusable=\"false\"><path d=\"M6.7 14.7c-.2-.2-.3-.4-.3-.7s.1-.5.3-.7l4.6-4.6c.1-.1.2-.2.3-.2.1 0 .2-.1.4-.1.1 0 .3 0 .4.1.1 0 .2.1.3.2l4.6 4.6c.2.2.3.4.3.7s-.1.5-.3.7c-.2.2-.4.3-.7.3s-.5-.1-.7-.3L12 10.8l-3.9 3.9c-.2.2-.4.3-.7.3s-.5-.1-.7-.3z\" fill=\"currentColor\" \/><\/svg><\/span>\n\t\t\t\t<\/button>\n\t\t\t<\/h3>\n\t\t\t<div class=\"t2-accordion-item__inner-container is-layout-flow\" id=\"accordion-panel\" aria-labelledby=\"barne-og-ungdomsarbeider\" role=\"region\" hidden>\n\t\t\t\t\n\t\t\t\t<p>Barne- og ungdomsarbeidere jobber tett mot b\u00e5de barn\/ungdom og kolleger. I mange tilfeller vil det ogs\u00e5 v\u00e6re naturlig har du har mye kontakt med foreldre og foresatte og st\u00f8tteapparatet rundt barn og ungdom.<\/p>\n<p>Det er ikke uvanlig at barne- og ungdomsarbeidere jobber med krevende barn\/ungdommer, som utfordrer alle sider ved ens personlighet. Viktige egenskaper er \u00e5 kunne st\u00e5 i vanskelige og krevende situasjoner, t\u00e5le \u00e5 bli utfordret b\u00e5de personlig og som profesjonell yrkesut\u00f8ver. Du m\u00e5 kunne st\u00e5 i det som er bestemt, selv om noen andre vil pr\u00f8ve \u00e5 forhandle seg til noe annet.<\/p>\n<p>Som barne- og ungdomsarbeider vil du trenge ventiler i en travel og krevende arbeidsdag. Det \u00e5 l\u00e6re og ta vare p\u00e5 deg selv er viktig. Vi vil derfor l\u00e6re deg opp til hva du som barne- og ungdomsarbeider m\u00e5 ta med deg inn i dette utfordrende og spennende yrkesvalget. Det gir dessuten mange muligheter til videre utdanning, dersom det frister etter \u00e5 ha pr\u00f8vd yrket og l\u00e6rt det \u00e5 kjenne.<\/p>\n\n\t\t\t\n\t\t\t<\/div>\n\t\t<\/div><div class=\"t2-accordion-item wp-block-t2-accordion-item\" role=\"listitem\">\n\t\t\t<h3 class=\"t2-accordion-title\">\n\t\t\t\t<button type=\"button\" class=\"t2-accordion-trigger\" id=\"t\u00f8mrer\" aria-controls=\"accordion-panel-1\" aria-expanded=\"false\">\n\t\t\t\t\tT\u00f8mrer\n\t\t\t\t\t<span class=\"t2-accordion-icon is-closed-icon\"><svg xmlns=\"http:\/\/www.w3.org\/2000\/svg\" viewBox=\"0 0 24 24\" height=\"24\" width=\"24\" class=\"t2-icon t2-icon-chevrondown\" aria-hidden=\"true\" focusable=\"false\"><path d=\"M12 14.9c-.1 0-.3 0-.4-.1-.1 0-.2-.1-.3-.2L6.7 10c-.2-.1-.3-.4-.3-.6 0-.3.1-.5.3-.7.2-.2.4-.3.7-.3s.5.1.7.3l3.9 3.9 3.9-3.9c.2-.2.4-.3.7-.3.3 0 .5.1.7.3.2.2.3.4.3.7s-.1.5-.3.7l-4.6 4.6c-.1.1-.2.2-.3.2H12z\" fill=\"currentColor\" \/><\/svg><\/span>\n\t\t\t\t\t<span class=\"t2-accordion-icon is-open-icon\"><svg xmlns=\"http:\/\/www.w3.org\/2000\/svg\" viewBox=\"0 0 24 24\" height=\"24\" width=\"24\" class=\"t2-icon t2-icon-chevronup\" aria-hidden=\"true\" focusable=\"false\"><path d=\"M6.7 14.7c-.2-.2-.3-.4-.3-.7s.1-.5.3-.7l4.6-4.6c.1-.1.2-.2.3-.2.1 0 .2-.1.4-.1.1 0 .3 0 .4.1.1 0 .2.1.3.2l4.6 4.6c.2.2.3.4.3.7s-.1.5-.3.7c-.2.2-.4.3-.7.3s-.5-.1-.7-.3L12 10.8l-3.9 3.9c-.2.2-.4.3-.7.3s-.5-.1-.7-.3z\" fill=\"currentColor\" \/><\/svg><\/span>\n\t\t\t\t<\/button>\n\t\t\t<\/h3>\n\t\t\t<div class=\"t2-accordion-item__inner-container is-layout-flow\" id=\"accordion-panel-1\" aria-labelledby=\"t\u00f8mrer\" role=\"region\" hidden>\n\t\t\t\t\n\t\t\t\t<p>Som t\u00f8mrer m\u00e5 du like \u00e5 jobbe ute under skiftende v\u00e6rforhold. Du m\u00e5 kunne jobbe raskt, effektivt og selvstendig.<\/p>\n<p>Til t\u00f8mrerfaget h\u00f8rer beregning av medg\u00e5tte materialer, s\u00e5 du m\u00e5 regne med \u00e5 bruke det du har for h\u00e5nden n\u00e5r du m\u00e5ler opp og skal kappe til. Ikke la deg skremme av matematikken, du l\u00e6rer raskt gode teknikker og arbeidsvaner for dette arbeidet.<\/p>\n<p>Du b\u00f8r v\u00e6re glad i \u00e5 v\u00e6re n\u00f8yaktig og kunne dine verkt\u00f8y. Du m\u00e5 ogs\u00e5 kunne vedlikeholde verkt\u00f8yet og holde god orden p\u00e5 det du bruker.<\/p>\n<p>En ryddig arbeidsplass er viktig og godt verneutstyr h\u00f8rer med til hverdagen.<\/p>\n<p>En t\u00f8mrer er proff og har l\u00e6rt seg gode og effektive arbeidsvaner. En god egenskap er \u00e5 v\u00e6re p\u00e5litelig og troverdig, og dette m\u00e5 gjennomsyre ens yrkesut\u00f8velse.<\/p>\n<p>I tillegg forvalter du kundens penger og ressurser. Derfor b\u00f8r du v\u00e6re i god dialog med kundene slik at det skapes et godt samarbeidsforhold mellom deg som h\u00e5ndverker og kunde.<\/p>\n<p>P\u00e5 sikt m\u00e5 du regne med at det blir din oppgave \u00e5 jobbe med andre som \u00f8nsker \u00e5 l\u00e6re yrket. Det vil ogs\u00e5 hjelpe deg til \u00e5 bli en enda bedre yrkesut\u00f8ver.<\/p>\n\n\t\t\t\n\t\t\t<\/div>\n\t\t<\/div><div class=\"t2-accordion-item wp-block-t2-accordion-item\" role=\"listitem\">\n\t\t\t<h3 class=\"t2-accordion-title\">\n\t\t\t\t<button type=\"button\" class=\"t2-accordion-trigger\" id=\"helsefagarbeider\" aria-controls=\"accordion-panel-2\" aria-expanded=\"false\">\n\t\t\t\t\tHelsefagarbeider\n\t\t\t\t\t<span class=\"t2-accordion-icon is-closed-icon\"><svg xmlns=\"http:\/\/www.w3.org\/2000\/svg\" viewBox=\"0 0 24 24\" height=\"24\" width=\"24\" class=\"t2-icon t2-icon-chevrondown\" aria-hidden=\"true\" focusable=\"false\"><path d=\"M12 14.9c-.1 0-.3 0-.4-.1-.1 0-.2-.1-.3-.2L6.7 10c-.2-.1-.3-.4-.3-.6 0-.3.1-.5.3-.7.2-.2.4-.3.7-.3s.5.1.7.3l3.9 3.9 3.9-3.9c.2-.2.4-.3.7-.3.3 0 .5.1.7.3.2.2.3.4.3.7s-.1.5-.3.7l-4.6 4.6c-.1.1-.2.2-.3.2H12z\" fill=\"currentColor\" \/><\/svg><\/span>\n\t\t\t\t\t<span class=\"t2-accordion-icon is-open-icon\"><svg xmlns=\"http:\/\/www.w3.org\/2000\/svg\" viewBox=\"0 0 24 24\" height=\"24\" width=\"24\" class=\"t2-icon t2-icon-chevronup\" aria-hidden=\"true\" focusable=\"false\"><path d=\"M6.7 14.7c-.2-.2-.3-.4-.3-.7s.1-.5.3-.7l4.6-4.6c.1-.1.2-.2.3-.2.1 0 .2-.1.4-.1.1 0 .3 0 .4.1.1 0 .2.1.3.2l4.6 4.6c.2.2.3.4.3.7s-.1.5-.3.7c-.2.2-.4.3-.7.3s-.5-.1-.7-.3L12 10.8l-3.9 3.9c-.2.2-.4.3-.7.3s-.5-.1-.7-.3z\" fill=\"currentColor\" \/><\/svg><\/span>\n\t\t\t\t<\/button>\n\t\t\t<\/h3>\n\t\t\t<div class=\"t2-accordion-item__inner-container is-layout-flow\" id=\"accordion-panel-2\" aria-labelledby=\"helsefagarbeider\" role=\"region\" hidden>\n\t\t\t\t\n\t\t\t\t<p>Helsefagsarbeideren jobber i et omsorgsyrke hvor det er viktig \u00e5 se og trygge klienter og pasienter man jobber med. I tillegg til \u00e5 ha et blikk for deres behov.<\/p>\n<p>Du vil m\u00f8te mennesker som er i en s\u00e5rbar situasjon hvor medmenneskelighet, trygghet og tid er sentrale stikkord i hverdagen.<\/p>\n<p>Vi vil trygge deg som elev til \u00e5 bli en god medarbeider, som ser den enkelte og jobber p\u00e5 lag med andre.<\/p>\n<p>Du m\u00e5 forvente \u00e5 gi mye av deg selv. Er du heldig f\u00e5r du mye tilbake. Du vil st\u00e5 i situasjoner som kan oppleves sv\u00e6rt krevende, og til og med f\u00f8le at det som skjer med klienter og pasienter er skremmende, meningsl\u00f8st og urettferdig. Da m\u00e5 du trenes opp til \u00e5 l\u00e6re av det du har v\u00e6rt gjennom, for \u00e5 bli enda bedre rustet neste gang du kommer opp i tilsvarende situasjon.<\/p>\n<p>Helsepersonell er avhengige av hverandre, og for pasienten\/klienten man jobber med betyr alle like mye. I mange tilfeller vil du v\u00e6re den som st\u00e5r pasienten\/klienten n\u00e6rmest.<\/p>\n\n\t\t\t\n\t\t\t<\/div>\n\t\t<\/div><div class=\"t2-accordion-item wp-block-t2-accordion-item\" role=\"listitem\">\n\t\t\t<h3 class=\"t2-accordion-title\">\n\t\t\t\t<button type=\"button\" class=\"t2-accordion-trigger\" id=\"salg-og-reiseliv\" aria-controls=\"accordion-panel-3\" aria-expanded=\"false\">\n\t\t\t\t\tSalg og reiseliv\n\t\t\t\t\t<span class=\"t2-accordion-icon is-closed-icon\"><svg xmlns=\"http:\/\/www.w3.org\/2000\/svg\" viewBox=\"0 0 24 24\" height=\"24\" width=\"24\" class=\"t2-icon t2-icon-chevrondown\" aria-hidden=\"true\" focusable=\"false\"><path d=\"M12 14.9c-.1 0-.3 0-.4-.1-.1 0-.2-.1-.3-.2L6.7 10c-.2-.1-.3-.4-.3-.6 0-.3.1-.5.3-.7.2-.2.4-.3.7-.3s.5.1.7.3l3.9 3.9 3.9-3.9c.2-.2.4-.3.7-.3.3 0 .5.1.7.3.2.2.3.4.3.7s-.1.5-.3.7l-4.6 4.6c-.1.1-.2.2-.3.2H12z\" fill=\"currentColor\" \/><\/svg><\/span>\n\t\t\t\t\t<span class=\"t2-accordion-icon is-open-icon\"><svg xmlns=\"http:\/\/www.w3.org\/2000\/svg\" viewBox=\"0 0 24 24\" height=\"24\" width=\"24\" class=\"t2-icon t2-icon-chevronup\" aria-hidden=\"true\" focusable=\"false\"><path d=\"M6.7 14.7c-.2-.2-.3-.4-.3-.7s.1-.5.3-.7l4.6-4.6c.1-.1.2-.2.3-.2.1 0 .2-.1.4-.1.1 0 .3 0 .4.1.1 0 .2.1.3.2l4.6 4.6c.2.2.3.4.3.7s-.1.5-.3.7c-.2.2-.4.3-.7.3s-.5-.1-.7-.3L12 10.8l-3.9 3.9c-.2.2-.4.3-.7.3s-.5-.1-.7-.3z\" fill=\"currentColor\" \/><\/svg><\/span>\n\t\t\t\t<\/button>\n\t\t\t<\/h3>\n\t\t\t<div class=\"t2-accordion-item__inner-container is-layout-flow\" id=\"accordion-panel-3\" aria-labelledby=\"salg-og-reiseliv\" role=\"region\" hidden>\n\t\t\t\t\n\t\t\t\t<p>En salg eller reiselivsarbeider m\u00f8ter mennesker som skal dekke sine behov enten i form av \u00e5 kj\u00f8pe en vare eller et reiselivsprodukt. Kunden kan ha bygd opp forventninger gjennom lang tid og gjort grundige unders\u00f8kelser.<\/p>\n<p>Noen ganger g\u00e5r salg av seg selv, andre ganger m\u00e5 en jobbe for det. M\u00e5let er uansett at alle involverte har gode opplevelser og f\u00f8ler at det har v\u00e6rt en god prosess.<\/p>\n<p>\u00d8nsker du \u00e5 jobbe med salg og reiseliv m\u00e5 du v\u00e6re godt rustet til \u00e5 lytte til kunden og dens behov. Du m\u00e5 kunne veilede andre til gode valg, samtidig som du gir dem lysten til \u00e5 komme tilbake for nye kj\u00f8p. Det kan medf\u00f8re stress som du m\u00e5 venne deg til \u00e5 h\u00e5ndtere.<\/p>\n<p>Du m\u00e5 t\u00e5le at du kan miste kontrakter og salg du har lagt mye tid og innsats i, og samtidig \u00f8nske kunden velkommen tilbake. Salg og reiseliv er kommunikasjon \u2013 god kommunikasjon og evnen til \u00e5 forst\u00e5 mennesker.<\/p>\n<p>Du m\u00e5 like \u00e5 ta initiativ og f\u00f8lge opp mennesker. Du m\u00e5 like \u00e5 orientere deg i stadig nye produkter, dersom du ikke finner en nisje hvor god opparbeidet kompetanse f\u00f8rer kundene til deg. Du vil bli trent opp i \u00e5 v\u00e6re b\u00e5de troverdig og p\u00e5litelig. Dette krever trening slik at du du f\u00e5r tillit.<\/p>\n<p>Liker du spenningen, er dette yrkesvalget en god start for et yrkesliv med massevis av utfordringer og muligheter videre i livet.<\/p>\n\n\t\t\t\n\t\t\t<\/div>\n\t\t<\/div><\/div>\n\n\n<div class=\"wp-block-lib-header alignfull hide\"><div class=\"header-innercontent\"><\/div><\/div>\n","protected":false},"excerpt":{"rendered":"<p>Det er ikke alltid lett \u00e5 vite hva man skal bli. Det er et stort og viktig valg \u00e5 ta. Ut i fra v\u00e5re yrkesfaglige valg pr\u00f8ver vi \u00e5 veilede deg til hva du kan bli, og hvordan du kan vite at valget er rett for deg. Du f\u00e5r f\u00f8rst noen sp\u00f8rsm\u00e5l du m\u00e5 gruble [&hellip;]<\/p>\n","protected":false},"author":46,"featured_media":0,"parent":0,"menu_order":0,"comment_status":"closed","ping_status":"closed","template":"","meta":{"_acf_changed":false,"_relevanssi_hide_post":"","_relevanssi_hide_content":"","_relevanssi_pin_for_all":"on","_relevanssi_pin_keywords":"Hva skal jeg bli? Hva skal jeg bli n\u00e5r jeg blir stor? Yrkestest","_relevanssi_unpin_keywords":"","_relevanssi_related_keywords":"","_relevanssi_related_include_ids":"","_relevanssi_related_exclude_ids":"","_relevanssi_related_no_append":"","_relevanssi_related_not_related":"","_relevanssi_related_posts":"1","_relevanssi_noindex_reason":"","_custom_cards_description":"","footnotes":""},"class_list":["post-930","page","type-page","status-publish","hentry"],"acf":[],"_links":{"self":[{"href":"https:\/\/www.blakors.no\/videregaende-skole-grimstad\/wp-json\/wp\/v2\/pages\/930","targetHints":{"allow":["GET"]}}],"collection":[{"href":"https:\/\/www.blakors.no\/videregaende-skole-grimstad\/wp-json\/wp\/v2\/pages"}],"about":[{"href":"https:\/\/www.blakors.no\/videregaende-skole-grimstad\/wp-json\/wp\/v2\/types\/page"}],"author":[{"embeddable":true,"href":"https:\/\/www.blakors.no\/videregaende-skole-grimstad\/wp-json\/wp\/v2\/users\/46"}],"replies":[{"embeddable":true,"href":"https:\/\/www.blakors.no\/videregaende-skole-grimstad\/wp-json\/wp\/v2\/comments?post=930"}],"version-history":[{"count":47,"href":"https:\/\/www.blakors.no\/videregaende-skole-grimstad\/wp-json\/wp\/v2\/pages\/930\/revisions"}],"predecessor-version":[{"id":1023,"href":"https:\/\/www.blakors.no\/videregaende-skole-grimstad\/wp-json\/wp\/v2\/pages\/930\/revisions\/1023"}],"wp:attachment":[{"href":"https:\/\/www.blakors.no\/videregaende-skole-grimstad\/wp-json\/wp\/v2\/media?parent=930"}],"curies":[{"name":"wp","href":"https:\/\/api.w.org\/{rel}","templated":true}]}}