{"id":13,"date":"2022-06-01T13:35:52","date_gmt":"2022-06-01T11:35:52","guid":{"rendered":"https:\/\/www.blakors.no\/videregaende-skole-ovrebo\/?page_id=13"},"modified":"2026-01-23T10:33:38","modified_gmt":"2026-01-23T09:33:38","slug":"studietilbud","status":"publish","type":"page","link":"https:\/\/www.blakors.no\/videregaende-skole-ovrebo\/studietilbud\/","title":{"rendered":"Studietilbud"},"content":{"rendered":"<div class=\"t2-featured-content-layout alignwide alignwide wp-block-t2-featured-content-layout\" role=\"list\">\n<div class=\"t2-featured-single-post t2-featured-content is-post-type-page wp-block-t2-featured-single-post\" role=\"listitem\"><a class=\"t2-post-link wp-block-t2-post-link\" href=\"https:\/\/www.blakors.no\/videregaende-skole-ovrebo\/vg1-salg-service-og-reiseliv\/\">\n<figure style=\"--t2-focal-point: 50% 50%;\" class=\"t2-post-featured-image has-image-ratio-16-9 wp-block-t2-post-featured-image\"><img loading=\"lazy\" decoding=\"async\" width=\"2048\" height=\"1351\" src=\"https:\/\/www.blakors.no\/content\/uploads\/sites\/30\/2022\/09\/Cafe-ovrebo-vgs-scaled.jpg\" class=\"attachment-post-thumbnail size-post-thumbnail wp-post-image\" alt=\"\" srcset=\"https:\/\/www.blakors.no\/content\/uploads\/sites\/30\/2022\/09\/Cafe-ovrebo-vgs-scaled.jpg 2048w, https:\/\/www.blakors.no\/content\/uploads\/sites\/30\/2022\/09\/Cafe-ovrebo-vgs-300x198.jpg 300w, https:\/\/www.blakors.no\/content\/uploads\/sites\/30\/2022\/09\/Cafe-ovrebo-vgs-1024x676.jpg 1024w, https:\/\/www.blakors.no\/content\/uploads\/sites\/30\/2022\/09\/Cafe-ovrebo-vgs-768x507.jpg 768w, https:\/\/www.blakors.no\/content\/uploads\/sites\/30\/2022\/09\/Cafe-ovrebo-vgs-1536x1013.jpg 1536w\" sizes=\"auto, (min-width: 782px) 768px, 100vw\" \/><\/figure>\n\n<div class=\"wp-block-group alignfull is-layout-flow wp-block-group-is-layout-flow\">\n\t<h2 id=\"vg1-salg-service-og-reiseliv\"  class=\"t2-post-title wp-block-t2-post-title\" >Vg1 Salg, service og reiseliv<\/h2>\n\t<div class=\"wp-block-post-date__modified-date wp-block-post-date\"><time datetime=\"2022-09-08T14:37:51+02:00\">8. september 2022<\/time><\/div>\n\t\t\t<div class=\"single-meta t2-post-excerpt card-description wp-block-blakors-meta-display\"><\/div>\n\t\n<\/div>\n\n<\/a>\n<\/div>\n\n<div class=\"t2-featured-single-post t2-featured-content is-post-type-page wp-block-t2-featured-single-post\" role=\"listitem\"><a class=\"t2-post-link wp-block-t2-post-link\" href=\"https:\/\/www.blakors.no\/videregaende-skole-ovrebo\/vg1-teknologi-og-industrifag\/\">\n<figure style=\"--t2-focal-point: 50% 50%;\" class=\"t2-post-featured-image has-image-ratio-16-9 wp-block-t2-post-featured-image\"><img loading=\"lazy\" decoding=\"async\" width=\"2048\" height=\"1384\" src=\"https:\/\/www.blakors.no\/content\/uploads\/sites\/30\/2022\/09\/Bygg-og-anlegg-i-verksted-scaled.jpg\" class=\"attachment-post-thumbnail size-post-thumbnail wp-post-image\" alt=\"\" srcset=\"https:\/\/www.blakors.no\/content\/uploads\/sites\/30\/2022\/09\/Bygg-og-anlegg-i-verksted-scaled.jpg 2048w, https:\/\/www.blakors.no\/content\/uploads\/sites\/30\/2022\/09\/Bygg-og-anlegg-i-verksted-300x203.jpg 300w, https:\/\/www.blakors.no\/content\/uploads\/sites\/30\/2022\/09\/Bygg-og-anlegg-i-verksted-1024x692.jpg 1024w, https:\/\/www.blakors.no\/content\/uploads\/sites\/30\/2022\/09\/Bygg-og-anlegg-i-verksted-768x519.jpg 768w, https:\/\/www.blakors.no\/content\/uploads\/sites\/30\/2022\/09\/Bygg-og-anlegg-i-verksted-1536x1038.jpg 1536w\" sizes=\"auto, (min-width: 782px) 768px, 100vw\" \/><\/figure>\n\n<div class=\"wp-block-group alignfull is-layout-flow wp-block-group-is-layout-flow\">\n\t<h2 id=\"vg1-teknologi-og-industrifag\"  class=\"t2-post-title wp-block-t2-post-title\" >Vg1 Teknologi og industrifag<\/h2>\n\t<div class=\"wp-block-post-date__modified-date wp-block-post-date\"><time datetime=\"2022-09-08T14:35:48+02:00\">8. september 2022<\/time><\/div>\n\t\t\t<div class=\"single-meta t2-post-excerpt card-description wp-block-blakors-meta-display\"><\/div>\n\t\n<\/div>\n\n<\/a>\n<\/div>\n\n<div class=\"t2-featured-single-post t2-featured-content is-post-type-page wp-block-t2-featured-single-post\" role=\"listitem\"><a class=\"t2-post-link wp-block-t2-post-link\" href=\"https:\/\/www.blakors.no\/videregaende-skole-ovrebo\/helse-og-oppvekstfag\/\">\n<figure style=\"--t2-focal-point: 50% 50%;\" class=\"t2-post-featured-image has-image-ratio-16-9 wp-block-t2-post-featured-image\"><img loading=\"lazy\" decoding=\"async\" width=\"2048\" height=\"1224\" src=\"https:\/\/www.blakors.no\/content\/uploads\/sites\/30\/2022\/09\/Helse-og-oppvekst-sykeseng-scaled.jpg\" class=\"attachment-post-thumbnail size-post-thumbnail wp-post-image\" alt=\"\" srcset=\"https:\/\/www.blakors.no\/content\/uploads\/sites\/30\/2022\/09\/Helse-og-oppvekst-sykeseng-scaled.jpg 2048w, https:\/\/www.blakors.no\/content\/uploads\/sites\/30\/2022\/09\/Helse-og-oppvekst-sykeseng-300x179.jpg 300w, https:\/\/www.blakors.no\/content\/uploads\/sites\/30\/2022\/09\/Helse-og-oppvekst-sykeseng-1024x612.jpg 1024w, https:\/\/www.blakors.no\/content\/uploads\/sites\/30\/2022\/09\/Helse-og-oppvekst-sykeseng-768x459.jpg 768w, https:\/\/www.blakors.no\/content\/uploads\/sites\/30\/2022\/09\/Helse-og-oppvekst-sykeseng-1536x918.jpg 1536w\" sizes=\"auto, (min-width: 782px) 768px, 100vw\" \/><\/figure>\n\n<div class=\"wp-block-group alignfull is-layout-flow wp-block-group-is-layout-flow\">\n\t<h2 id=\"vg1-helse-og-oppvekstfag\"  class=\"t2-post-title wp-block-t2-post-title\" >Vg1 Helse- og oppvekstfag<\/h2>\n\t<div class=\"wp-block-post-date__modified-date wp-block-post-date\"><time datetime=\"2022-09-08T14:37:07+02:00\">8. september 2022<\/time><\/div>\n\t\t\t<div class=\"single-meta t2-post-excerpt card-description wp-block-blakors-meta-display\"><\/div>\n\t\n<\/div>\n\n<\/a>\n<\/div>\n\n<div class=\"t2-featured-single-post t2-featured-content is-post-type-page wp-block-t2-featured-single-post\" role=\"listitem\"><a class=\"t2-post-link wp-block-t2-post-link\" href=\"https:\/\/www.blakors.no\/videregaende-skole-ovrebo\/bygg-og-anleggsteknikk\/\">\n<figure style=\"--t2-focal-point: 50% 50%;\" class=\"t2-post-featured-image has-image-ratio-16-9 wp-block-t2-post-featured-image\"><img loading=\"lazy\" decoding=\"async\" width=\"2048\" height=\"1303\" src=\"https:\/\/www.blakors.no\/content\/uploads\/sites\/30\/2022\/09\/Praktisk-undervisning-ute-scaled.jpg\" class=\"attachment-post-thumbnail size-post-thumbnail wp-post-image\" alt=\"\" srcset=\"https:\/\/www.blakors.no\/content\/uploads\/sites\/30\/2022\/09\/Praktisk-undervisning-ute-scaled.jpg 2048w, https:\/\/www.blakors.no\/content\/uploads\/sites\/30\/2022\/09\/Praktisk-undervisning-ute-300x191.jpg 300w, https:\/\/www.blakors.no\/content\/uploads\/sites\/30\/2022\/09\/Praktisk-undervisning-ute-1024x651.jpg 1024w, https:\/\/www.blakors.no\/content\/uploads\/sites\/30\/2022\/09\/Praktisk-undervisning-ute-768x489.jpg 768w, https:\/\/www.blakors.no\/content\/uploads\/sites\/30\/2022\/09\/Praktisk-undervisning-ute-1536x977.jpg 1536w\" sizes=\"auto, (min-width: 782px) 768px, 100vw\" \/><\/figure>\n\n<div class=\"wp-block-group alignfull is-layout-flow wp-block-group-is-layout-flow\">\n\t<h2 id=\"vg1-bygg-og-anleggsteknikk\"  class=\"t2-post-title wp-block-t2-post-title\" >Vg1 Bygg- og anleggsteknikk<\/h2>\n\t<div class=\"wp-block-post-date__modified-date wp-block-post-date\"><time datetime=\"2022-09-08T14:36:36+02:00\">8. september 2022<\/time><\/div>\n\t\t\t<div class=\"single-meta t2-post-excerpt card-description wp-block-blakors-meta-display\"><\/div>\n\t\n<\/div>\n\n<\/a>\n<\/div>\n\n<div class=\"t2-featured-single-post t2-featured-content is-post-type-page wp-block-t2-featured-single-post\" role=\"listitem\"><a class=\"t2-post-link wp-block-t2-post-link\" href=\"https:\/\/www.blakors.no\/videregaende-skole-ovrebo\/vg2-salg-og-reiseliv\/\">\n<figure style=\"--t2-focal-point: 50% 50%;\" class=\"t2-post-featured-image has-image-ratio-16-9 wp-block-t2-post-featured-image\"><img loading=\"lazy\" decoding=\"async\" sizes=\"auto, (min-width: 782px) 768px, 100vw\" width=\"1428\" height=\"1780\" src=\"https:\/\/www.blakors.no\/content\/uploads\/sites\/30\/2022\/09\/Salg-service-og-reiseliv1-e1663835343368.jpg\" class=\"attachment-post-thumbnail size-post-thumbnail wp-post-image\" alt=\"\" \/><\/figure>\n\n<div class=\"wp-block-group alignfull is-layout-flow wp-block-group-is-layout-flow\">\n\t<h2 id=\"vg2-salg-og-reiseliv\"  class=\"t2-post-title wp-block-t2-post-title\" >Vg2 Salg og reiseliv<\/h2>\n\t<div class=\"wp-block-post-date__modified-date wp-block-post-date\"><time datetime=\"2022-09-22T14:21:41+02:00\">22. september 2022<\/time><\/div>\n\t\t\t<div class=\"single-meta t2-post-excerpt card-description wp-block-blakors-meta-display\"><\/div>\n\t\n<\/div>\n\n<\/a>\n<\/div>\n\n<div class=\"t2-featured-single-post t2-featured-content is-post-type-page wp-block-t2-featured-single-post\" role=\"listitem\"><a class=\"t2-post-link wp-block-t2-post-link\" href=\"https:\/\/www.blakors.no\/videregaende-skole-ovrebo\/vg2-helsearbeiderfag\/\">\n<figure style=\"--t2-focal-point: 50% 50%;\" class=\"t2-post-featured-image has-image-ratio-16-9 wp-block-t2-post-featured-image\"><img loading=\"lazy\" decoding=\"async\" width=\"2048\" height=\"1355\" src=\"https:\/\/www.blakors.no\/content\/uploads\/sites\/30\/2022\/09\/Helse-og-oppvekst-kroppen-scaled.jpg\" class=\"attachment-post-thumbnail size-post-thumbnail wp-post-image\" alt=\"\" srcset=\"https:\/\/www.blakors.no\/content\/uploads\/sites\/30\/2022\/09\/Helse-og-oppvekst-kroppen-scaled.jpg 2048w, https:\/\/www.blakors.no\/content\/uploads\/sites\/30\/2022\/09\/Helse-og-oppvekst-kroppen-300x198.jpg 300w, https:\/\/www.blakors.no\/content\/uploads\/sites\/30\/2022\/09\/Helse-og-oppvekst-kroppen-1024x677.jpg 1024w, https:\/\/www.blakors.no\/content\/uploads\/sites\/30\/2022\/09\/Helse-og-oppvekst-kroppen-768x508.jpg 768w, https:\/\/www.blakors.no\/content\/uploads\/sites\/30\/2022\/09\/Helse-og-oppvekst-kroppen-1536x1016.jpg 1536w\" sizes=\"auto, (min-width: 782px) 768px, 100vw\" \/><\/figure>\n\n<div class=\"wp-block-group alignfull is-layout-flow wp-block-group-is-layout-flow\">\n\t<h2 id=\"vg2-helsearbeiderfag\"  class=\"t2-post-title wp-block-t2-post-title\" >Vg2 Helsearbeiderfag<\/h2>\n\t<div class=\"wp-block-post-date__modified-date wp-block-post-date\"><time datetime=\"2022-09-08T14:39:45+02:00\">8. september 2022<\/time><\/div>\n\t\t\t<div class=\"single-meta t2-post-excerpt card-description wp-block-blakors-meta-display\"><\/div>\n\t\n<\/div>\n\n<\/a>\n<\/div>\n\n<div class=\"t2-featured-single-post t2-featured-content is-post-type-page wp-block-t2-featured-single-post\" role=\"listitem\"><a class=\"t2-post-link wp-block-t2-post-link\" href=\"https:\/\/www.blakors.no\/videregaende-skole-ovrebo\/vg2-barne-og-ungdomsarbeiderfag\/\">\n<figure style=\"--t2-focal-point: 50% 50%;\" class=\"t2-post-featured-image has-image-ratio-16-9 wp-block-t2-post-featured-image\"><img loading=\"lazy\" decoding=\"async\" width=\"2048\" height=\"1345\" src=\"https:\/\/www.blakors.no\/content\/uploads\/sites\/30\/2022\/09\/Mellomma\u030altid-med-frukt-scaled.jpg\" class=\"attachment-post-thumbnail size-post-thumbnail wp-post-image\" alt=\"\" srcset=\"https:\/\/www.blakors.no\/content\/uploads\/sites\/30\/2022\/09\/Mellomma\u030altid-med-frukt-scaled.jpg 2048w, https:\/\/www.blakors.no\/content\/uploads\/sites\/30\/2022\/09\/Mellomma\u030altid-med-frukt-300x197.jpg 300w, https:\/\/www.blakors.no\/content\/uploads\/sites\/30\/2022\/09\/Mellomma\u030altid-med-frukt-1024x672.jpg 1024w, https:\/\/www.blakors.no\/content\/uploads\/sites\/30\/2022\/09\/Mellomma\u030altid-med-frukt-768x504.jpg 768w, https:\/\/www.blakors.no\/content\/uploads\/sites\/30\/2022\/09\/Mellomma\u030altid-med-frukt-1536x1008.jpg 1536w\" sizes=\"auto, (min-width: 782px) 768px, 100vw\" \/><\/figure>\n\n<div class=\"wp-block-group alignfull is-layout-flow wp-block-group-is-layout-flow\">\n\t<h2 id=\"vg2-barne-og-ungdomsarbeiderfag\"  class=\"t2-post-title wp-block-t2-post-title\" >Vg2 Barne- og ungdomsarbeiderfag<\/h2>\n\t<div class=\"wp-block-post-date__modified-date wp-block-post-date\"><time datetime=\"2024-08-29T12:57:16+02:00\">29. august 2024<\/time><\/div>\n\t\t\t<div class=\"single-meta t2-post-excerpt card-description wp-block-blakors-meta-display\"><\/div>\n\t\n<\/div>\n\n<\/a>\n<\/div>\n\n<div class=\"t2-featured-single-post t2-featured-content is-post-type-page wp-block-t2-featured-single-post\" role=\"listitem\"><a class=\"t2-post-link wp-block-t2-post-link\" href=\"https:\/\/www.blakors.no\/videregaende-skole-ovrebo\/vg2-industriteknologi\/\">\n<figure style=\"--t2-focal-point: 50% 50%;\" class=\"t2-post-featured-image has-image-ratio-16-9 wp-block-t2-post-featured-image\"><img loading=\"lazy\" decoding=\"async\" width=\"2048\" height=\"1366\" src=\"https:\/\/www.blakors.no\/content\/uploads\/sites\/30\/2022\/09\/Bistand-fra-laerer-sveis-scaled.jpg\" class=\"attachment-post-thumbnail size-post-thumbnail wp-post-image\" alt=\"\" srcset=\"https:\/\/www.blakors.no\/content\/uploads\/sites\/30\/2022\/09\/Bistand-fra-laerer-sveis-scaled.jpg 2048w, https:\/\/www.blakors.no\/content\/uploads\/sites\/30\/2022\/09\/Bistand-fra-laerer-sveis-300x200.jpg 300w, https:\/\/www.blakors.no\/content\/uploads\/sites\/30\/2022\/09\/Bistand-fra-laerer-sveis-1024x683.jpg 1024w, https:\/\/www.blakors.no\/content\/uploads\/sites\/30\/2022\/09\/Bistand-fra-laerer-sveis-768x512.jpg 768w, https:\/\/www.blakors.no\/content\/uploads\/sites\/30\/2022\/09\/Bistand-fra-laerer-sveis-1536x1025.jpg 1536w\" sizes=\"auto, (min-width: 782px) 768px, 100vw\" \/><\/figure>\n\n<div class=\"wp-block-group alignfull is-layout-flow wp-block-group-is-layout-flow\">\n\t<h2 id=\"vg2-industriteknologi\"  class=\"t2-post-title wp-block-t2-post-title\" >Vg2 Industriteknologi<\/h2>\n\t<div class=\"wp-block-post-date__modified-date wp-block-post-date\"><time datetime=\"2022-09-22T14:42:10+02:00\">22. september 2022<\/time><\/div>\n\t\t\t<div class=\"single-meta t2-post-excerpt card-description wp-block-blakors-meta-display\"><\/div>\n\t\n<\/div>\n\n<\/a>\n<\/div>\n\n<div class=\"t2-featured-single-post t2-featured-content is-post-type-page wp-block-t2-featured-single-post\" role=\"listitem\"><a class=\"t2-post-link wp-block-t2-post-link\" href=\"https:\/\/www.blakors.no\/videregaende-skole-ovrebo\/vg2-tomrer\/\">\n<figure style=\"--t2-focal-point: 50% 50%;\" class=\"t2-post-featured-image has-image-ratio-16-9 wp-block-t2-post-featured-image\"><img loading=\"lazy\" decoding=\"async\" width=\"2048\" height=\"1280\" src=\"https:\/\/www.blakors.no\/content\/uploads\/sites\/30\/2022\/09\/Snekring-kutter-scaled.jpg\" class=\"attachment-post-thumbnail size-post-thumbnail wp-post-image\" alt=\"\" srcset=\"https:\/\/www.blakors.no\/content\/uploads\/sites\/30\/2022\/09\/Snekring-kutter-scaled.jpg 2048w, https:\/\/www.blakors.no\/content\/uploads\/sites\/30\/2022\/09\/Snekring-kutter-300x188.jpg 300w, https:\/\/www.blakors.no\/content\/uploads\/sites\/30\/2022\/09\/Snekring-kutter-1024x640.jpg 1024w, https:\/\/www.blakors.no\/content\/uploads\/sites\/30\/2022\/09\/Snekring-kutter-768x480.jpg 768w, https:\/\/www.blakors.no\/content\/uploads\/sites\/30\/2022\/09\/Snekring-kutter-1536x960.jpg 1536w\" sizes=\"auto, (min-width: 782px) 768px, 100vw\" \/><\/figure>\n\n<div class=\"wp-block-group alignfull is-layout-flow wp-block-group-is-layout-flow\">\n\t<h2 id=\"vg2-tomrer\"  class=\"t2-post-title wp-block-t2-post-title\" >Vg2 T\u00f8mrer<\/h2>\n\t<div class=\"wp-block-post-date__modified-date wp-block-post-date\"><time datetime=\"2022-09-08T14:40:17+02:00\">8. september 2022<\/time><\/div>\n\t\t\t<div class=\"single-meta t2-post-excerpt card-description wp-block-blakors-meta-display\"><\/div>\n\t\n<\/div>\n\n<\/a>\n<\/div>\n\n<div class=\"t2-featured-single-post t2-featured-content is-post-type-page wp-block-t2-featured-single-post\" role=\"listitem\"><a class=\"t2-post-link wp-block-t2-post-link\" href=\"https:\/\/www.blakors.no\/videregaende-skole-ovrebo\/vg3-pabygg\/\">\n<figure style=\"--t2-focal-point: 50% 50%;\" class=\"t2-post-featured-image has-image-ratio-16-9 wp-block-t2-post-featured-image\"><img loading=\"lazy\" decoding=\"async\" width=\"439\" height=\"211\" src=\"https:\/\/v.imgi.no\/blakors-2224-4afd4b4441f3e9b398111c1c33288819-439x211\/2026_01_elever-pa-sesa.webp\" class=\"attachment-post-thumbnail size-post-thumbnail wp-post-image\" alt=\"Elever p\u00e5 BK VGS \u00d8vreb\u00f8\" srcset=\"https:\/\/v.imgi.no\/blakors-2224-4afd4b4441f3e9b398111c1c33288819-150x72\/2026_01_elever-pa-sesa.webp 150w, https:\/\/v.imgi.no\/blakors-2224-4afd4b4441f3e9b398111c1c33288819-300x144\/2026_01_elever-pa-sesa.webp 300w, https:\/\/v.imgi.no\/blakors-2224-4afd4b4441f3e9b398111c1c33288819-439x211\/2026_01_elever-pa-sesa.webp 439w, https:\/\/v.imgi.no\/blakors-2224-4afd4b4441f3e9b398111c1c33288819-439x211\/2026_01_elever-pa-sesa.webp 439w, https:\/\/v.imgi.no\/blakors-2224-4afd4b4441f3e9b398111c1c33288819-439x211\/2026_01_elever-pa-sesa.webp 439w, https:\/\/v.imgi.no\/blakors-2224-4afd4b4441f3e9b398111c1c33288819-439x211\/2026_01_elever-pa-sesa.webp 439w, https:\/\/v.imgi.no\/blakors-2224-4afd4b4441f3e9b398111c1c33288819-300x144\/2026_01_elever-pa-sesa.webp 300w, https:\/\/v.imgi.no\/blakors-2224-4afd4b4441f3e9b398111c1c33288819-439x211\/2026_01_elever-pa-sesa.webp 439w, https:\/\/v.imgi.no\/blakors-2224-4afd4b4441f3e9b398111c1c33288819-200x96\/2026_01_elever-pa-sesa.webp 200w, https:\/\/v.imgi.no\/blakors-2224-4afd4b4441f3e9b398111c1c33288819-439x211\/2026_01_elever-pa-sesa.webp 439w, https:\/\/v.imgi.no\/blakors-2224-4afd4b4441f3e9b398111c1c33288819-300x144\/2026_01_elever-pa-sesa.webp 300w, https:\/\/v.imgi.no\/blakors-2224-4afd4b4441f3e9b398111c1c33288819-400x192\/2026_01_elever-pa-sesa.webp 400w, https:\/\/v.imgi.no\/blakors-2224-4afd4b4441f3e9b398111c1c33288819-439x211\/2026_01_elever-pa-sesa.webp 439w, https:\/\/v.imgi.no\/blakors-2224-4afd4b4441f3e9b398111c1c33288819-439x211\/2026_01_elever-pa-sesa.webp 439w, https:\/\/v.imgi.no\/blakors-2224-4afd4b4441f3e9b398111c1c33288819-439x211\/2026_01_elever-pa-sesa.webp 439w\" sizes=\"auto, (min-width: 782px) 768px, 100vw\" \/><\/figure>\n\n<div class=\"wp-block-group alignfull is-layout-flow wp-block-group-is-layout-flow\">\n\t<h2 id=\"vg3-pabygg\"  class=\"t2-post-title wp-block-t2-post-title\" >Vg3 P\u00e5bygg<\/h2>\n\t<div class=\"wp-block-post-date__modified-date wp-block-post-date\"><time datetime=\"2026-01-23T10:54:45+01:00\">23. januar 2026<\/time><\/div>\n\t\t\t<div class=\"single-meta t2-post-excerpt card-description wp-block-blakors-meta-display\"><\/div>\n\t\n<\/div>\n\n<\/a>\n<\/div>\n<\/div>\n\n\n<div class=\"wp-block-group alignfull has-green-light-background-color has-background is-layout-constrained wp-block-group-is-layout-constrained\">\n<h2 id=\"sok-skoleplass\"  class=\"wp-block-heading\" >S\u00f8k skoleplass<\/h2>\n\n\n\n<p>Bl\u00e5 Kors videreg\u00e5ende skole, \u00d8vreb\u00f8 er en skole for elever med dokumentert behov for s\u00e6rskilt tilrettelagt oppl\u00e6ring. Velkommen som s\u00f8ker!<\/p>\n\n\n\n<div class=\"wp-block-buttons is-layout-flex wp-block-buttons-is-layout-flex\">\n<div class=\"wp-block-button\"><a class=\"wp-block-button__link wp-element-button\">S\u00f8k skoleplass<\/a><\/div>\n<\/div>\n<\/div>\n","protected":false},"excerpt":{"rendered":"<p>S\u00f8k skoleplass Bl\u00e5 Kors videreg\u00e5ende skole, \u00d8vreb\u00f8 er en skole for elever med dokumentert behov for s\u00e6rskilt tilrettelagt oppl\u00e6ring. Velkommen som s\u00f8ker!<\/p>\n","protected":false},"author":23,"featured_media":0,"parent":0,"menu_order":0,"comment_status":"closed","ping_status":"closed","template":"","meta":{"_acf_changed":false,"_relevanssi_hide_post":"","_relevanssi_hide_content":"","_relevanssi_pin_for_all":"","_relevanssi_pin_keywords":"","_relevanssi_unpin_keywords":"","_relevanssi_related_keywords":"","_relevanssi_related_include_ids":"","_relevanssi_related_exclude_ids":"","_relevanssi_related_no_append":"","_relevanssi_related_not_related":"","_relevanssi_related_posts":"1","_relevanssi_noindex_reason":"","_custom_cards_description":"","footnotes":""},"class_list":["post-13","page","type-page","status-publish","hentry"],"acf":[],"_links":{"self":[{"href":"https:\/\/www.blakors.no\/videregaende-skole-ovrebo\/wp-json\/wp\/v2\/pages\/13","targetHints":{"allow":["GET"]}}],"collection":[{"href":"https:\/\/www.blakors.no\/videregaende-skole-ovrebo\/wp-json\/wp\/v2\/pages"}],"about":[{"href":"https:\/\/www.blakors.no\/videregaende-skole-ovrebo\/wp-json\/wp\/v2\/types\/page"}],"author":[{"embeddable":true,"href":"https:\/\/www.blakors.no\/videregaende-skole-ovrebo\/wp-json\/wp\/v2\/users\/23"}],"replies":[{"embeddable":true,"href":"https:\/\/www.blakors.no\/videregaende-skole-ovrebo\/wp-json\/wp\/v2\/comments?post=13"}],"version-history":[{"count":3,"href":"https:\/\/www.blakors.no\/videregaende-skole-ovrebo\/wp-json\/wp\/v2\/pages\/13\/revisions"}],"predecessor-version":[{"id":2228,"href":"https:\/\/www.blakors.no\/videregaende-skole-ovrebo\/wp-json\/wp\/v2\/pages\/13\/revisions\/2228"}],"wp:attachment":[{"href":"https:\/\/www.blakors.no\/videregaende-skole-ovrebo\/wp-json\/wp\/v2\/media?parent=13"}],"curies":[{"name":"wp","href":"https:\/\/api.w.org\/{rel}","templated":true}]}}