{"id":15,"date":"2022-06-01T13:36:10","date_gmt":"2022-06-01T11:36:10","guid":{"rendered":"https:\/\/www.blakors.no\/videregaende-skole-ovrebo\/?page_id=15"},"modified":"2022-09-08T14:36:36","modified_gmt":"2022-09-08T12:36:36","slug":"bygg-og-anleggsteknikk","status":"publish","type":"page","link":"https:\/\/www.blakors.no\/videregaende-skole-ovrebo\/bygg-og-anleggsteknikk\/","title":{"rendered":"Vg1 Bygg- og anleggsteknikk"},"content":{"rendered":"\n<div class=\"wp-block-lib-header alignfull hide\"><div class=\"image-wrapper\"><img decoding=\"async\" src=\"https:\/\/www.blakors.no\/content\/uploads\/sites\/30\/2022\/09\/Praktisk-undervisning-ute-scaled.jpg\"\/><\/div><div class=\"header-innercontent\"><\/div><\/div>\n\n\n<div class=\"custom-block-banner alignwide contenthalf\"><div class=\"banner-image\" style=\"background-image:url(https:\/\/www.blakors.no\/content\/uploads\/sites\/30\/2022\/09\/Praktisk-undervisning-ute-1024x651.jpg)\"><\/div><div class=\"banner-inner\"><div><h1 id=\"vg1-bygg-og-anleggsteknikk\"  class=\"title small \" >Vg1 Bygg- og anleggsteknikk<\/h1><p>Trives du med \u00e5 holde p\u00e5 med praktiske ting? Liker du \u00e5 bygge og skape ting med hendene? Da kan byggfag v\u00e6re noe for deg. Med denne utdanningen kan du bygge p\u00e5 til fagbrev innen en rekke yrkesfag.<\/p><div class=\"wp-block-button is-style-primary small\"><a class=\"wp-block-button__link\" href=\"https:\/\/www.blakors.no\/videregaende-skole-ovrebo\/sok-skoleplass\/\" target=\"\">S\u00f8k skoleplass<\/a><\/div><\/div><\/div><\/div>\n\n\n<p>Utdanningen f\u00f8lger nasjonal l\u00e6replan&nbsp;for Bygg og anleggsteknikk. L\u00e6replanen best\u00e5r av 3 ulike hovedomr\u00e5der:<\/p>\n\n\n\n<h2 class=\"wp-block-heading\" id=\"h-produksjon\">Produksjon<\/h2>\n\n\n\n<ul class=\"wp-block-list\"><li>Elevene skal i dette faget bli kjent med de forskjellige materialene som er sentrale innen bygg og anlegg: tre, betong, ulike typer metaller og kjemiske stoffer.<\/li><li>Et m\u00e5l er ogs\u00e5 \u00e5 bli kjent med verkt\u00f8y som brukes i yrkene: H\u00e5ndverkt\u00f8y, industrimaskiner, anleggsmaskiner.<\/li><li>Praksisering av helse, milj\u00f8 og sikkerhet og kvalitetssikring.<\/li><li>Utf\u00f8relses av arbeidsoppgaver tilpasset vg1-niv\u00e5, som inneb\u00e6rer planlegging, gjennomf\u00f8ring, dokumentasjon og vurdering av eget arbeid.<\/li><\/ul>\n\n\n\n<h2 class=\"wp-block-heading\" id=\"h-tegning-og-bransjelaere\">Tegning og bransjel\u00e6re<\/h2>\n\n\n\n<ul class=\"wp-block-list\"><li>Utf\u00f8relse av enkle tegninger og dokumentasjoner av produkter som produseres i bygg og anleggsbransjen.<\/li><li>Praktisk bruk av m\u00e5leverkt\u00f8y.<\/li><li>Bruk av IKT-baserte tegneprogrammer og enkle kalkulasjons- og beregningsprogrammer.<\/li><li>Regelverk og planlegging av tiltak i forbindelse med HMS.<\/li><li>Organisering og planlegging &#8211; forhold mellom de ulike yrkene.<\/li><\/ul>\n\n\n\n<h2 class=\"wp-block-heading\" id=\"h-yrkefaglig-fordypning\">Yrkefaglig&nbsp;fordypning<\/h2>\n\n\n\n<p>I dette faget har elevene mulighet til \u00e5 v\u00e6re i praksis i&nbsp;en bedrift 1 dag i uken. Noen elever er p\u00e5 skolen og jobber med oppgaver knyttet til programfagomr\u00e5det. Faget best\u00e5r ogs\u00e5 av en teoretisk del.<\/p>\n\n\n\n<p>Etter at du har fullf\u00f8rt og best\u00e5tt vg1 Bygg og anlegg, kan \u00d8vreb\u00f8 videreg\u00e5ende skole tilby&nbsp;<strong><a href=\"https:\/\/www.blakors.no\/videregaende-skole-ovrebo\/vg2-tomrer\/\">VG2 byggteknikk<\/a>.<\/strong><\/p>\n\n\n\n<div class=\"custom-block-factbox is-style-green\">\n\t<p><!-- wp:heading --><\/p>\n<h2 id=\"andre-alternativer-etter-vg1-er\"  >Andre alternativer etter Vg1 er:<\/h2>\n<p><!-- \/wp:heading --> <!-- wp:list --><\/p>\n<ul>\n<li>Anleggsgartner- og idrettsanleggsfag<\/li>\n<li>Anleggsteknikk<\/li>\n<li>Design og trearbeid<\/li>\n<li>IKT- servicefag<\/li>\n<li>Idustriell m\u00f8belproduksjon<\/li>\n<li>Klima-, energi- og milj\u00f8teknikk<\/li>\n<li>Overflateteknikk<\/li>\n<li>Treteknikk<\/li>\n<li>Feierfaget<\/li>\n<li>Glassfaget<\/li>\n<li>Isolat\u00f8rfaget<\/li>\n<li>Steinfaget<\/li>\n<\/ul>\n<p><!-- \/wp:list --><\/p>\n<\/div>\n","protected":false},"excerpt":{"rendered":"<p>Utdanningen f\u00f8lger nasjonal l\u00e6replan&nbsp;for Bygg og anleggsteknikk. L\u00e6replanen best\u00e5r av 3 ulike hovedomr\u00e5der: Produksjon Elevene skal i dette faget bli kjent med de forskjellige materialene som er sentrale innen bygg og anlegg: tre, betong, ulike typer metaller og kjemiske stoffer. Et m\u00e5l er ogs\u00e5 \u00e5 bli kjent med verkt\u00f8y som brukes i yrkene: H\u00e5ndverkt\u00f8y, industrimaskiner, [&hellip;]<\/p>\n","protected":false},"author":23,"featured_media":295,"parent":0,"menu_order":0,"comment_status":"closed","ping_status":"closed","template":"","meta":{"_acf_changed":false,"_relevanssi_hide_post":"","_relevanssi_hide_content":"","_relevanssi_pin_for_all":"","_relevanssi_pin_keywords":"","_relevanssi_unpin_keywords":"","_relevanssi_related_keywords":"","_relevanssi_related_include_ids":"","_relevanssi_related_exclude_ids":"","_relevanssi_related_no_append":"","_relevanssi_related_not_related":"","_relevanssi_related_posts":"1","_relevanssi_noindex_reason":"","_custom_cards_description":"","footnotes":""},"class_list":["post-15","page","type-page","status-publish","has-post-thumbnail","hentry"],"acf":[],"_links":{"self":[{"href":"https:\/\/www.blakors.no\/videregaende-skole-ovrebo\/wp-json\/wp\/v2\/pages\/15","targetHints":{"allow":["GET"]}}],"collection":[{"href":"https:\/\/www.blakors.no\/videregaende-skole-ovrebo\/wp-json\/wp\/v2\/pages"}],"about":[{"href":"https:\/\/www.blakors.no\/videregaende-skole-ovrebo\/wp-json\/wp\/v2\/types\/page"}],"author":[{"embeddable":true,"href":"https:\/\/www.blakors.no\/videregaende-skole-ovrebo\/wp-json\/wp\/v2\/users\/23"}],"replies":[{"embeddable":true,"href":"https:\/\/www.blakors.no\/videregaende-skole-ovrebo\/wp-json\/wp\/v2\/comments?post=15"}],"version-history":[{"count":10,"href":"https:\/\/www.blakors.no\/videregaende-skole-ovrebo\/wp-json\/wp\/v2\/pages\/15\/revisions"}],"predecessor-version":[{"id":400,"href":"https:\/\/www.blakors.no\/videregaende-skole-ovrebo\/wp-json\/wp\/v2\/pages\/15\/revisions\/400"}],"wp:featuredmedia":[{"embeddable":true,"href":"https:\/\/www.blakors.no\/videregaende-skole-ovrebo\/wp-json\/wp\/v2\/media\/295"}],"wp:attachment":[{"href":"https:\/\/www.blakors.no\/videregaende-skole-ovrebo\/wp-json\/wp\/v2\/media?parent=15"}],"curies":[{"name":"wp","href":"https:\/\/api.w.org\/{rel}","templated":true}]}}