{"id":1969,"date":"2025-11-12T14:22:09","date_gmt":"2025-11-12T13:22:09","guid":{"rendered":"https:\/\/www.blakors.no\/videregaende-skole-ovrebo\/?page_id=1969"},"modified":"2025-11-12T14:24:48","modified_gmt":"2025-11-12T13:24:48","slug":"vedtekter","status":"publish","type":"page","link":"https:\/\/www.blakors.no\/videregaende-skole-ovrebo\/om-oss\/vedtekter\/","title":{"rendered":"Vedtekter for Bl\u00e5 Kors videreg\u00e5ende skole \u00d8vreb\u00f8 AS"},"content":{"rendered":"<ol class=\"is-layout-constrained is-list-type-numbers wp-block-blakors-checklist-timeline\">\n\t\t\t\n<li class=\"wp-block-blakors-checklist-timeline-item\">\n<p><span class=\"is-style-h2\"><strong>Selskapets foretaksnavn<\/strong><\/span><\/p>\n\n<p>Skolens navn er Bl\u00e5 Kors videreg\u00e5ende skole \u00d8vreb\u00f8 AS, org.nr. 971 534 346<\/p>\n<\/li>\n\n<li class=\"wp-block-blakors-checklist-timeline-item\">\n<p><span class=\"is-style-h2\"><strong>Forretningskontorets beliggenhet<\/strong><\/span><\/p>\n\n<p>Selskapets forretningskontor er i Vennesla kommune, og adressen er Lolandsvegen 37, 4715 Vennesla.<\/p>\n<\/li>\n\n<li class=\"wp-block-blakors-checklist-timeline-item\">\n<p><span class=\"is-style-h2\"><strong>Selskapets aksjekapital<\/strong><\/span><\/p>\n\n<p>Aksjekapitalen er kr. 100 000.-, fordelt p\u00e5 100 aksjer \u00e0 kr. 1000.- per aksje.<\/p>\n\n<p>Aksjenes omsettelighet er begrenset. Samtlige aksjer skal eies av Bl\u00e5 Kors Norge, org. nr. 962 323 855.<\/p>\n<\/li>\n\n<li class=\"wp-block-blakors-checklist-timeline-item\">\n<p><span class=\"is-style-h2\"><strong>Selskapets form\u00e5l<\/strong><\/span><\/p>\n\n<p>Selskapets form\u00e5l er \u00e5 gi undervisning til elever som har spesielle behov for tilrettelagt<\/p>\n\n<p>oppl\u00e6ring i videreg\u00e5ende skole.<\/p>\n\n<p>Alle offentlige tilskudd og skolepenger skal komme elevene til gode.<\/p>\n\n<p>Selskapet er forankret i Bl\u00e5 Kors Norge sitt form\u00e5l og verdigrunnlag.<\/p>\n\n<p>Selskapets form\u00e5l er \u00e5 drive ikke-kommersiell skole, og det deles ikke ut utbytte til eier.<\/p>\n<\/li>\n\n<li class=\"wp-block-blakors-checklist-timeline-item\">\n<p><span class=\"is-style-h2\"><strong>Selskapets lovgrunnlag<\/strong><\/span><\/p>\n\n<p>Selskapets vedtekter og l\u00f8pende drift er i samsvar med bestemmelsene i Privatskoleloven<\/p>\n\n<p>og aksjeloven.<\/p>\n<\/li>\n\n<li class=\"wp-block-blakors-checklist-timeline-item\">\n<p><span class=\"is-style-h2\"><strong>Generalforsamling<\/strong><\/span><\/p>\n\n<p>Ordin\u00e6r generalforsamling avholdes hvert \u00e5r f\u00f8r utgangen av juni m\u00e5ned. Innkalling skjer skriftlig med minst 8 \u2013 \u00e5tte \u2013 dagers varsel til alle kjente aksjon\u00e6rer.<\/p>\n\n<p>Ekstraordin\u00e6r generalforsamling avholdes n\u00e5r styret eller eier bestemmer det. Innkalling skjer skriftlig med minst 8 \u2013 \u00e5tte \u2013 dagers varsel til alle kjente aksjon\u00e6rer.<\/p>\n\n<p>Kunngj\u00f8ring i offentlig tidende finner ikke sted.<\/p>\n\n<p>P\u00e5 den ordin\u00e6re generalforsamling skal f\u00f8lgende saker behandles:<\/p>\n\n<p>&#8211; \u00c5rsregnskap, revisjonsberetning og balanse<br>&#8211; Styrets \u00e5rsberetning. Derunder bruk av \u00e5rsoverskudd eller dekning av underskudd i henhold til den fastsatte balanse. \u00c5rlig overskudd fra driften skal nyttes slik friskoleloven tillater det, og til det beste for elevene ved skolen.<br>&#8211; Valg av styre<br>&#8211; Vedtektsendringer<br>&#8211; Andre saker som etter lov eller vedtekter h\u00f8rer under generalforsamlingen<br>&#8211; Saker som er nevnt i innkallingen<\/p>\n<\/li>\n\n<li class=\"wp-block-blakors-checklist-timeline-item\">\n<p><span class=\"is-style-h2\"><strong>Styret<\/strong><\/span><\/p>\n\n<p>I henhold til lov om friskoler har styret det \u00f8verste ansvaret for skolen og skal se til at skolen drives i samsvar med gjeldende lover og forskrifter.<\/p>\n\n<p>Selskapets styre har fra 3 til 7 medlemmer valgt av generalforsamlingen<\/p>\n\n<p>Styremedlemmer valgt av generalforsamlingen skal ha flertall i styret.Bl\u00e5 Kors videreg\u00e5ende skole \u00d8vreb\u00f8 AS<\/p>\n\n<p>Generalforsamlingen utpeker styreleder og nestleder blant styrets valgte medlemmer.<\/p>\n\n<p>Styrets medlemmer som velges av aksjon\u00e6ren, skal velges for en periode p\u00e5 to \u00e5r. Valget skal sikre at det ikke velges mer enn 4 nye representanter i l\u00f8pet av ett \u00e5r.<\/p>\n\n<p>Selskapets daglige leder fungerer som styrets sekret\u00e6r.<\/p>\n\n<p>Styret er vedtaksf\u00f8rt n\u00e5r minst halvparten av representantene, derav styreleder eller styrets nestleder er til stede.<\/p>\n\n<p>Rett til \u00e5 v\u00e6re til stede p\u00e5 m\u00f8te i styret, til \u00e5 si sin mening og f\u00e5 denne tilf\u00f8rt protokollen har:<\/p>\n\n<p>&#8211; Daglig leder av skolen.<\/p>\n\n<p>&#8211; En representant oppnevnt av fylkeskommunen<\/p>\n\n<p>&#8211; En representant fra elevr\u00e5det<\/p>\n\n<p>&#8211; En representant fra undervisningspersonalet ved skolen<\/p>\n\n<p>&#8211; En representant for andre tilsatte ved skolen<\/p>\n\n<p>Ansatte representanter etter friskoleloven eller selskapsretten oppnevnes av de ansatte.<\/p>\n\n<p>Styrem\u00f8ter avholdes minimum tre ganger pr. \u00e5r eller oftere n\u00e5r styreleder bestemmer, eller n\u00e5r to av styrets medlemmer krever det.<\/p>\n\n<p>Det skal foreligge innkalling med saksliste i god tid f\u00f8r styrem\u00f8tet. Det f\u00f8res protokoll p\u00e5 alle styrem\u00f8ter. Protokollen skal gj\u00f8res tilgjengelig for styrets medlemmer og varamedlemmer, aksjon\u00e6rer og revisor. Protokollen skal ogs\u00e5 v\u00e6re tilgjengelig for de som m\u00f8ter i styret ut fra friskoleloven \u00a7 5-1 (de som har uttalerett). Eventuelle m\u00f8tende i skolestyret, som er under 18 \u00e5r, skal ikke delta i behandling av saker som inneholder taushetsbelagte opplysninger. De skal heller ikke ha tilgang til de delene av sakspapirene og protokollene som inneholder taushetsbelagt informasjon.<\/p>\n<\/li>\n\n<li class=\"wp-block-blakors-checklist-timeline-item\">\n<p><span class=\"is-style-h2\"><strong>Signatur<\/strong><\/span><\/p>\n\n<p>Selskapets firma tegnes av daglig leder og styrets leder i fellesskap.<\/p>\n\n<p>Styret kan meddele prokura.<\/p>\n<\/li>\n\n<li class=\"wp-block-blakors-checklist-timeline-item\">\n<p><span class=\"is-style-h2\"><strong>Opph\u00f8r av drift<\/strong><\/span><\/p>\n\n<p>Dersom form\u00e5let ikke lenger lar seg etterleve \u2013 det v\u00e6re seg p\u00e5 grunn av vesentlig endret offentlig styring av virksomheten, \u00f8konomisk grunnlag, eller andre forhold, kan selskapet og derigjennom ogs\u00e5 skoledriften bringes til opph\u00f8r gjennom vedtak i generalforsamlingen.<\/p>\n\n<p>Slik vedtak fattes med minst \u00be-delers flertall. Forslag om opph\u00f8r kan fremsettes av styret eller en aksjon\u00e6r overfor generalforsamlingen<strong>.<\/strong><\/p>\n<\/li>\n\n<li class=\"wp-block-blakors-checklist-timeline-item\">\n<p><span class=\"is-style-h2\"><strong>Vedtektsendringer<\/strong><\/span><\/p>\n\n<p>Skolens vedtekter kan endres av generalforsamlingen med 2\/3 flertall.<\/p>\n<\/li>\n\n<li class=\"wp-block-blakors-checklist-timeline-item\">\n<p><span class=\"is-style-h2\"><strong><strong>Disponering av eiendeler ved opph\u00f8r av skoledrift<\/strong><\/strong><\/span><\/p>\n\n<p><br>Dersom skoledriften legges ned f\u00f8lges reglene i \u00f8konomiforskrift for friskoler. Ved eventuell nedleggelse skal det s\u00f8kes Utdanningsdirektoratet om godkjenning til \u00e5 overf\u00f8re aktiva til annen friskolevirksomhet i regi av Bl\u00e5 Kors Norge.<\/p>\n<\/li>\n\n\t\t<\/ol>\n\n\n<p><br>Vedtatt i generalforsamling 29.05.2024<\/p>\n","protected":false},"excerpt":{"rendered":"<p>Vedtatt i generalforsamling 29.05.2024<\/p>\n","protected":false},"author":86,"featured_media":0,"parent":3,"menu_order":0,"comment_status":"closed","ping_status":"closed","template":"","meta":{"_acf_changed":false,"_relevanssi_hide_post":"","_relevanssi_hide_content":"","_relevanssi_pin_for_all":"","_relevanssi_pin_keywords":"","_relevanssi_unpin_keywords":"","_relevanssi_related_keywords":"","_relevanssi_related_include_ids":"","_relevanssi_related_exclude_ids":"","_relevanssi_related_no_append":"","_relevanssi_related_not_related":"","_relevanssi_related_posts":"1854,1960,1302","_relevanssi_noindex_reason":"","_custom_cards_description":"","footnotes":""},"class_list":["post-1969","page","type-page","status-publish","hentry"],"acf":[],"_links":{"self":[{"href":"https:\/\/www.blakors.no\/videregaende-skole-ovrebo\/wp-json\/wp\/v2\/pages\/1969","targetHints":{"allow":["GET"]}}],"collection":[{"href":"https:\/\/www.blakors.no\/videregaende-skole-ovrebo\/wp-json\/wp\/v2\/pages"}],"about":[{"href":"https:\/\/www.blakors.no\/videregaende-skole-ovrebo\/wp-json\/wp\/v2\/types\/page"}],"author":[{"embeddable":true,"href":"https:\/\/www.blakors.no\/videregaende-skole-ovrebo\/wp-json\/wp\/v2\/users\/86"}],"replies":[{"embeddable":true,"href":"https:\/\/www.blakors.no\/videregaende-skole-ovrebo\/wp-json\/wp\/v2\/comments?post=1969"}],"version-history":[{"count":2,"href":"https:\/\/www.blakors.no\/videregaende-skole-ovrebo\/wp-json\/wp\/v2\/pages\/1969\/revisions"}],"predecessor-version":[{"id":1998,"href":"https:\/\/www.blakors.no\/videregaende-skole-ovrebo\/wp-json\/wp\/v2\/pages\/1969\/revisions\/1998"}],"up":[{"embeddable":true,"href":"https:\/\/www.blakors.no\/videregaende-skole-ovrebo\/wp-json\/wp\/v2\/pages\/3"}],"wp:attachment":[{"href":"https:\/\/www.blakors.no\/videregaende-skole-ovrebo\/wp-json\/wp\/v2\/media?parent=1969"}],"curies":[{"name":"wp","href":"https:\/\/api.w.org\/{rel}","templated":true}]}}