{"id":2185,"date":"2026-01-23T10:20:11","date_gmt":"2026-01-23T09:20:11","guid":{"rendered":"https:\/\/www.blakors.no\/videregaende-skole-ovrebo\/?page_id=2185"},"modified":"2026-01-23T10:54:45","modified_gmt":"2026-01-23T09:54:45","slug":"vg3-pabygg","status":"publish","type":"page","link":"https:\/\/www.blakors.no\/videregaende-skole-ovrebo\/vg3-pabygg\/","title":{"rendered":"Vg3 P\u00e5bygg"},"content":{"rendered":"\n<div class=\"wp-block-lib-header alignfull hide\"><div class=\"image-wrapper\"><img decoding=\"async\" src=\"https:\/\/www.blakors.no\/content\/uploads\/sites\/30\/2022\/09\/Snekring-kutter-scaled.jpg\"\/><\/div><div class=\"header-innercontent\">\n\n<\/div><\/div>\n\n\n<div class=\"custom-block-banner alignwide contenthalf\"><div class=\"banner-image\" style=\"background-image:url(https:\/\/v.imgi.no\/blakors-2224-4afd4b4441f3e9b398111c1c33288819-439x211\/2026_01_elever-pa-sesa.webp)\"><\/div><div class=\"banner-inner\"><div><div class=\"icon \"><\/div><h1 id=\"vg3-pabygg\"  class=\"title large \" >Vg3 p\u00e5bygg<\/h1><p>Har du g\u00e5tt to \u00e5r p\u00e5 yrkesfag, men \u00f8nsker n\u00e5 generell studiekompetanse? Da kan dette v\u00e6re noe for deg.<\/p><div class=\"wp-block-button is-style-primary small\"><a class=\"wp-block-button__link\" href=\"https:\/\/www.blakors.no\/videregaende-skole-ovrebo\/sok-skoleplass\/\" target=\"\">S\u00f8k skoleplass<\/a><\/div><\/div><\/div><\/div>\n\n\n<p>Bl\u00e5 Kors videreg\u00e5ende skole \u00d8vreb\u00f8 tilbyr Vg3 p\u00e5bygging til generell studiekompetanse.<\/p>\n\n\n\n<p>Med denne utdanningen kan elever fra yrkesfaglige programomr\u00e5der oppn\u00e5 studiekompetanse i l\u00f8pet av ett skole\u00e5r. Etter dette \u00e5ret kan du studere videre p\u00e5 h\u00f8yskole eller universitet.<\/p>\n\n\n\n<p>Du trenger ikke \u00e5 ha g\u00e5tt p\u00e5 Bl\u00e5 Kors videreg\u00e5ende skole \u00d8vreb\u00f8 tidligere, men v\u00e6re kvalifisert for inntak (se inntaksreglement). For \u00e5 g\u00e5 p\u00e5 Vg3 p\u00e5bygging til generell studiekompetanse m\u00e5 du ogs\u00e5 ha best\u00e5tt vg1 og vg2 yrkesfaglige utdanningsprogram eller vg1 studieforberedende og vg2 yrkesfaglig utdanningsprogram for \u00e5 v\u00e6re kvalifisert for inntak.<\/p>\n\n\n\n<p>P\u00e5bygg er arbeidskrevende med lekser og innleveringer. Selv om vi er en leksefri skole, m\u00e5 en regne med noe lekser p\u00e5 p\u00e5bygg.<\/p>\n\n\n\n<p>Kurset er i tr\u00e5d med godkjente l\u00e6replaner for vg3 p\u00e5bygging til generell studiekompetanse. <\/p>\n\n\n\n<h2 class=\"wp-block-heading\" id=\"h-yrkesfaglig-fordypning\">Fag og timefordeling per uke p\u00e5 vg3<\/h2>\n\n\n\n<ul class=\"wp-block-list\">\n<li>Norsk (10 x 45 min)<\/li>\n\n\n\n<li>Kropps\u00f8ving (2 x 45 min)<\/li>\n\n\n\n<li>Naturfag cirka (3 x 45 min)<\/li>\n\n\n\n<li>Matematikk (5 x 45 min)<\/li>\n\n\n\n<li>Historie (5 x 45 min)<\/li>\n\n\n\n<li>Programfag (5 x 45 min)<\/li>\n<\/ul>\n\n\n\n<p><\/p>\n\n\n\n<div class=\"wp-block-buttons is-horizontal is-content-justification-center is-layout-flex wp-container-core-buttons-is-layout-499968f5 wp-block-buttons-is-layout-flex\">\n<div class=\"wp-block-button is-style-primary\"><a class=\"wp-block-button__link wp-element-button\" href=\"https:\/\/www.vilbli.no\/nb\/agder\/a\/pabygging-til-generell-studiekompetanse-6\" target=\"_blank\" rel=\"noopener\">Se mer p\u00e5 vilbli<\/a><\/div>\n<\/div>\n","protected":false},"excerpt":{"rendered":"<p>Bl\u00e5 Kors videreg\u00e5ende skole \u00d8vreb\u00f8 tilbyr Vg3 p\u00e5bygging til generell studiekompetanse. Med denne utdanningen kan elever fra yrkesfaglige programomr\u00e5der oppn\u00e5 studiekompetanse i l\u00f8pet av ett skole\u00e5r. Etter dette \u00e5ret kan du studere videre p\u00e5 h\u00f8yskole eller universitet. Du trenger ikke \u00e5 ha g\u00e5tt p\u00e5 Bl\u00e5 Kors videreg\u00e5ende skole \u00d8vreb\u00f8 tidligere, men v\u00e6re kvalifisert for inntak [&hellip;]<\/p>\n","protected":false},"author":61,"featured_media":2224,"parent":0,"menu_order":0,"comment_status":"closed","ping_status":"closed","template":"","meta":{"_acf_changed":false,"_relevanssi_hide_post":"","_relevanssi_hide_content":"","_relevanssi_pin_for_all":"","_relevanssi_pin_keywords":"","_relevanssi_unpin_keywords":"","_relevanssi_related_keywords":"","_relevanssi_related_include_ids":"","_relevanssi_related_exclude_ids":"","_relevanssi_related_no_append":"","_relevanssi_related_not_related":"","_relevanssi_related_posts":"1","_relevanssi_noindex_reason":"","_custom_cards_description":"","footnotes":""},"class_list":["post-2185","page","type-page","status-publish","has-post-thumbnail","hentry"],"acf":[],"_links":{"self":[{"href":"https:\/\/www.blakors.no\/videregaende-skole-ovrebo\/wp-json\/wp\/v2\/pages\/2185","targetHints":{"allow":["GET"]}}],"collection":[{"href":"https:\/\/www.blakors.no\/videregaende-skole-ovrebo\/wp-json\/wp\/v2\/pages"}],"about":[{"href":"https:\/\/www.blakors.no\/videregaende-skole-ovrebo\/wp-json\/wp\/v2\/types\/page"}],"author":[{"embeddable":true,"href":"https:\/\/www.blakors.no\/videregaende-skole-ovrebo\/wp-json\/wp\/v2\/users\/61"}],"replies":[{"embeddable":true,"href":"https:\/\/www.blakors.no\/videregaende-skole-ovrebo\/wp-json\/wp\/v2\/comments?post=2185"}],"version-history":[{"count":4,"href":"https:\/\/www.blakors.no\/videregaende-skole-ovrebo\/wp-json\/wp\/v2\/pages\/2185\/revisions"}],"predecessor-version":[{"id":2236,"href":"https:\/\/www.blakors.no\/videregaende-skole-ovrebo\/wp-json\/wp\/v2\/pages\/2185\/revisions\/2236"}],"wp:featuredmedia":[{"embeddable":true,"href":"https:\/\/www.blakors.no\/videregaende-skole-ovrebo\/wp-json\/wp\/v2\/media\/2224"}],"wp:attachment":[{"href":"https:\/\/www.blakors.no\/videregaende-skole-ovrebo\/wp-json\/wp\/v2\/media?parent=2185"}],"curies":[{"name":"wp","href":"https:\/\/api.w.org\/{rel}","templated":true}]}}