{"id":22,"date":"2022-06-01T13:39:37","date_gmt":"2022-06-01T11:39:37","guid":{"rendered":"https:\/\/www.blakors.no\/videregaende-skole-ovrebo\/?page_id=22"},"modified":"2022-09-08T14:40:17","modified_gmt":"2022-09-08T12:40:17","slug":"vg2-tomrer","status":"publish","type":"page","link":"https:\/\/www.blakors.no\/videregaende-skole-ovrebo\/vg2-tomrer\/","title":{"rendered":"Vg2 T\u00f8mrer"},"content":{"rendered":"\n<div class=\"wp-block-lib-header alignfull hide\"><div class=\"image-wrapper\"><img decoding=\"async\" src=\"https:\/\/www.blakors.no\/content\/uploads\/sites\/30\/2022\/09\/Snekring-kutter-scaled.jpg\"\/><\/div><div class=\"header-innercontent\"><\/div><\/div>\n\n\n<div class=\"custom-block-banner alignwide contenthalf\"><div class=\"banner-image\" style=\"background-image:url(https:\/\/www.blakors.no\/content\/uploads\/sites\/30\/2022\/09\/Fester-vegger-1024x713.jpg)\"><\/div><div class=\"banner-inner\"><div><h1 id=\"vg2-tomrer\"  class=\"title large \" >Vg2 T\u00f8mrer<\/h1><p>Vil du v\u00e6re med p\u00e5 \u00e5 skape og ta vare p\u00e5 samfunnets verdier? Da kan det v\u00e6re t\u00f8mrer er noe for deg.<\/p><div class=\"wp-block-button is-style-primary small\"><a class=\"wp-block-button__link\" href=\"https:\/\/www.blakors.no\/videregaende-skole-ovrebo\/sok-skoleplass\/\" target=\"\">S\u00f8k skoleplass<\/a><\/div><\/div><\/div><\/div>\n\n\n<p>Oppl\u00e6ringen&nbsp;i t\u00f8mrerfaget skal bidra til \u00e5 utvikle dyktige h\u00e5ndverkere og fagarbeidere i et yrke hvor det skjer en kontinuerlig utvikling av metoder, verkt\u00f8y og materialer.<br><br>T\u00f8mrerfaget handler om \u00e5 bygge nye trebygninger og andre trekonstruksjoner, vedlikeholde, bevare de eksisterende, og videref\u00f8re kulturtradisjonen i faget.<\/p>\n\n\n\n<p>Kurset er i tr\u00e5d med godkjente l\u00e6replaner for Byggteknikk. L\u00e6replanen for T\u00f8mrer Vg2 best\u00e5r av 3 ulike hovedomr\u00e5der i tillegg til yrkesfaglig fordypning:<\/p>\n\n\n\n<ol class=\"wp-block-list\"><li>Konstruksjoner og klimaskall<\/li><li>Materialegenskaper, varmeisolering og tetting<\/li><li>Vinduer, d\u00f8rer og innvendig arbeid<\/li><\/ol>\n\n\n\n<h2 class=\"wp-block-heading\" id=\"h-yrkesfaglig-fordypning\">Yrkesfaglig fordypning<\/h2>\n\n\n\n<p>I dette faget f\u00e5r eleven mulighet til \u00e5 v\u00e6re i praksis hos en bedrift. Elevene kan v\u00e6re med \u00e5&nbsp;velge selv hvor de vil v\u00e6re i praksisen.&nbsp;Men har de ingen \u00f8nsker har skolen et samarbeid med enkelte bedrifter og vil derfor v\u00e6re behjelpelige med \u00e5 finne en praksisplass.<br><br>Etter at du har fullf\u00f8rt og best\u00e5tt&nbsp;Vg2 Byggteknikk, har skolen et eget oppl\u00e6ringskontor.&nbsp;\u00d8vreb\u00f8 oppl\u00e6ringskontor&nbsp;vil v\u00e6re behjelpelig med \u00e5 finne en l\u00e6replass til deg.<br>Etter at du har g\u00e5tt 2 \u00e5r som l\u00e6rling, kan&nbsp;du g\u00e5 opp \u00e5&nbsp;ta fagbrevet.<\/p>\n\n\n\n<h2 class=\"wp-block-heading\" id=\"h-muligheter\">Muligheter<\/h2>\n\n\n\n<p>Ved v\u00e5rt <a href=\"https:\/\/www.blakors.no\/videregaende-skole-ovrebo\/opplaeringskontoret\/\">oppl\u00e6ringskontor<\/a>&nbsp;har du mulighet for l\u00e6rekontrakt innen disse&nbsp;programfagomr\u00e5dene:<\/p>\n\n\n\n<ul class=\"wp-block-list\"><li>T\u00f8mrerfaget<\/li><li>Betongfaget<\/li><li>Murerfaget<\/li><li>Stillasbyggerfaget<\/li><li>Forskalingsfaget<\/li><\/ul>\n\n\n\n<p>\u00d8nsker du&nbsp;\u00e5 ta generell&nbsp;studiekompetanse,&nbsp;kan <a href=\"https:\/\/www.blakors.no\/videregaende-skole-ovrebo\/sosialradgiver-og-radgivertjenesten\/\">sosialr\u00e5dgiver<\/a> v\u00e6re med \u00e5 hjelpe&nbsp;deg \u00e5 s\u00f8ke og \u00e5 gi deg mer informasjon om dette.<\/p>\n\n\n\n<div class=\"wp-block-buttons is-content-justification-center is-layout-flex wp-block-buttons-is-layout-flex\">\n<div class=\"wp-block-button is-style-primary\"><a class=\"wp-block-button__link\">Se hele l\u00e6replanen<\/a><\/div>\n<\/div>\n","protected":false},"excerpt":{"rendered":"<p>Oppl\u00e6ringen&nbsp;i t\u00f8mrerfaget skal bidra til \u00e5 utvikle dyktige h\u00e5ndverkere og fagarbeidere i et yrke hvor det skjer en kontinuerlig utvikling av metoder, verkt\u00f8y og materialer. T\u00f8mrerfaget handler om \u00e5 bygge nye trebygninger og andre trekonstruksjoner, vedlikeholde, bevare de eksisterende, og videref\u00f8re kulturtradisjonen i faget. Kurset er i tr\u00e5d med godkjente l\u00e6replaner for Byggteknikk. L\u00e6replanen for [&hellip;]<\/p>\n","protected":false},"author":23,"featured_media":299,"parent":0,"menu_order":0,"comment_status":"closed","ping_status":"closed","template":"","meta":{"_acf_changed":false,"_relevanssi_hide_post":"","_relevanssi_hide_content":"","_relevanssi_pin_for_all":"","_relevanssi_pin_keywords":"","_relevanssi_unpin_keywords":"","_relevanssi_related_keywords":"","_relevanssi_related_include_ids":"","_relevanssi_related_exclude_ids":"","_relevanssi_related_no_append":"","_relevanssi_related_not_related":"","_relevanssi_related_posts":"1","_relevanssi_noindex_reason":"","_custom_cards_description":"","footnotes":""},"class_list":["post-22","page","type-page","status-publish","has-post-thumbnail","hentry"],"acf":[],"_links":{"self":[{"href":"https:\/\/www.blakors.no\/videregaende-skole-ovrebo\/wp-json\/wp\/v2\/pages\/22","targetHints":{"allow":["GET"]}}],"collection":[{"href":"https:\/\/www.blakors.no\/videregaende-skole-ovrebo\/wp-json\/wp\/v2\/pages"}],"about":[{"href":"https:\/\/www.blakors.no\/videregaende-skole-ovrebo\/wp-json\/wp\/v2\/types\/page"}],"author":[{"embeddable":true,"href":"https:\/\/www.blakors.no\/videregaende-skole-ovrebo\/wp-json\/wp\/v2\/users\/23"}],"replies":[{"embeddable":true,"href":"https:\/\/www.blakors.no\/videregaende-skole-ovrebo\/wp-json\/wp\/v2\/comments?post=22"}],"version-history":[{"count":12,"href":"https:\/\/www.blakors.no\/videregaende-skole-ovrebo\/wp-json\/wp\/v2\/pages\/22\/revisions"}],"predecessor-version":[{"id":409,"href":"https:\/\/www.blakors.no\/videregaende-skole-ovrebo\/wp-json\/wp\/v2\/pages\/22\/revisions\/409"}],"wp:featuredmedia":[{"embeddable":true,"href":"https:\/\/www.blakors.no\/videregaende-skole-ovrebo\/wp-json\/wp\/v2\/media\/299"}],"wp:attachment":[{"href":"https:\/\/www.blakors.no\/videregaende-skole-ovrebo\/wp-json\/wp\/v2\/media?parent=22"}],"curies":[{"name":"wp","href":"https:\/\/api.w.org\/{rel}","templated":true}]}}