{"id":26,"date":"2022-06-01T13:40:35","date_gmt":"2022-06-01T11:40:35","guid":{"rendered":"https:\/\/www.blakors.no\/videregaende-skole-ovrebo\/?page_id=26"},"modified":"2022-09-22T14:42:10","modified_gmt":"2022-09-22T12:42:10","slug":"vg2-industriteknologi","status":"publish","type":"page","link":"https:\/\/www.blakors.no\/videregaende-skole-ovrebo\/vg2-industriteknologi\/","title":{"rendered":"Vg2 Industriteknologi"},"content":{"rendered":"\n<div class=\"wp-block-lib-header alignfull hide\"><div class=\"image-wrapper\"><img decoding=\"async\" src=\"https:\/\/www.blakors.no\/content\/uploads\/sites\/30\/2022\/09\/Bistand-fra-laerer-sveis-scaled.jpg\"\/><\/div><div class=\"header-innercontent\"><\/div><\/div>\n\n\n<div class=\"custom-block-banner alignwide contenthalf\"><div class=\"banner-image\" style=\"background-image:url(https:\/\/www.blakors.no\/content\/uploads\/sites\/30\/2022\/09\/Bistand-fra-laerer-sveis-1024x683.jpg)\"><\/div><div class=\"banner-inner\"><div><h1 id=\"vg2-industriteknologi\"  class=\"title large \" >Vg2 Industriteknologi<\/h1><p>\u00d8nsker du \u00e5 arbeide med teknikk og mekanikk? Er du interessert i maskiner og kj\u00f8ret\u00f8y?<\/p><div class=\"wp-block-button is-style-primary small\"><a class=\"wp-block-button__link\" href=\"https:\/\/www.blakors.no\/videregaende-skole-ovrebo\/sok-skoleplass\/\" target=\"\">S\u00f8k skoleplass<\/a><\/div><\/div><\/div><\/div>\n\n\n<p>Programomr\u00e5det industriteknologi skal legge grunnlag for yrkesut\u00f8velse innen mekanisk og teknisk industri, prosessindustri og grafisk produksjon. Denne type industri er preget av kontinuerlig teknologisk utvikling med \u00f8kende grad av automatisering og datastyring av arbeidsprosesser.<br><br>Faget skal bidra til \u00e5 utvikle kvalifiserte og omstillingsdyktige fagarbeidere. Faget skal fremme helhetlig forst\u00e5else av produksjonsprosesser, HMS og legge grunnlaget for \u00e5 tenke tverrfaglig.<\/p>\n\n\n\n<p>Kurset er i tr\u00e5d med godkjente l\u00e6replaner for Industriteknologi. L\u00e6replanen&nbsp;industriteknologi Vg2 best\u00e5r av&nbsp;4 ulike hovedomr\u00e5der:<\/p>\n\n\n\n<h2 class=\"wp-block-heading\" id=\"h-1-produksjon\">1. <strong>Produksjon<\/strong><\/h2>\n\n\n\n<ul class=\"wp-block-list\"><li>Sponbearbeiding<\/li><li>CNC<\/li><li>Sammenf\u00f8yning<\/li><li>Platebearbeiding<\/li><li>Materiall\u00e6re<\/li><li>St\u00f8ping<\/li><li>Overflatebehandling<\/li><\/ul>\n\n\n\n<h2 id=\"2-reperasjon-og-vedlikehold\"  class=\"wp-block-heading\" >2. <strong>Reperasjon og vedlikehold<\/strong><\/h2>\n\n\n\n<ul class=\"wp-block-list\"><li>Montering og reperasjon<\/li><li>Elektroteknikk<\/li><li>Hydraulikk og pneumatikk<\/li><\/ul>\n\n\n\n<h2 id=\"3-dokumentasjon-og-kvalitet\"  class=\"wp-block-heading\" >3. <strong>Dokumentasjon og kvalitet&nbsp;<\/strong><\/h2>\n\n\n\n<ul class=\"wp-block-list\"><li>Kvalitetssikring<\/li><li>Tegningslesing<\/li><li>HMS<\/li><\/ul>\n\n\n\n<h2 id=\"4-prosjekt-til-fordypning\"  class=\"wp-block-heading\" >4. <strong>Prosjekt til fordypning<\/strong><\/h2>\n\n\n\n<p>Elevene er enten i praksis&nbsp;hos&nbsp;en bedrift eller jobber med yrkesrelaterte&nbsp;oppgaver p\u00e5 skolen.&nbsp;&nbsp;<br>Det er ogs\u00e5 en skriftelig oppgave knyttet til dette faget.<\/p>\n\n\n\n<h2 class=\"wp-block-heading\" id=\"h-fullfort-industriteknologi-hva-na\">Fullf\u00f8rt Industriteknologi &#8211; hva n\u00e5?<\/h2>\n\n\n\n<p>Etter at du har fullf\u00f8rt og best\u00e5tt&nbsp;<strong>Vg2 Industriteknologi<\/strong>, har skolen et eget <a href=\"https:\/\/www.blakors.no\/videregaende-skole-ovrebo\/opplaeringskontoret\/\">oppl\u00e6ringskontor<\/a><strong>, <\/strong>som<strong> <\/strong>vil v\u00e6re behjelpelige med \u00e5 finne en l\u00e6replass til deg.<br><strong>Etter 2 \u00e5r som l\u00e6rling kan&nbsp;du&nbsp;ta fagbrevet.<\/strong><\/p>\n\n\n\n<div class=\"custom-block-factbox is-style-green\">\n\t<p><!-- wp:paragraph --><\/p>\n<p>Innen\u00a0Industriteknologi er det\u00a0<strong>23 forskjellige\u00a0fagomr\u00e5der\u00a0<\/strong>du kan velge blant som l\u00e6rling. ppl\u00e6ringskontor kan tilby deg mulighet for l\u00e6rekontrakt i f\u00f8lgende fagomr\u00e5der:<\/p>\n<p><!-- \/wp:paragraph --> <!-- wp:list --><\/p>\n<ul>\n<li>Industrimekanikerfaget<\/li>\n<li>Industrimont\u00f8rfaget<\/li>\n<li>Platearbeiderfaget<\/li>\n<li>Sveisefaget<\/li>\n<li>CNC- maskineringsfaget<a href=\"https:\/\/www.vilbli.no\/nb\/nb\/no\/yrker-og-kompetanser-teknologi-og-industrifag\/program\/v.tp\/v.tptip1----_v.tppin2----\/p3\" target=\"_blank\" rel=\"noopener\">Full oversikt finner du her.<\/a>\u00d8nsker du \u00e5 g\u00e5 videre p\u00e5 skole og ta generell studiekompetanse, kan sosialr\u00e5dgiver v\u00e6re behjelpelig med \u00e5 s\u00f8ke og gi deg mer informasjon.<\/li>\n<\/ul>\n<p><!-- \/wp:list --><\/p>\n<\/div>\n\n\n\n<p><\/p>\n","protected":false},"excerpt":{"rendered":"<p>Programomr\u00e5det industriteknologi skal legge grunnlag for yrkesut\u00f8velse innen mekanisk og teknisk industri, prosessindustri og grafisk produksjon. Denne type industri er preget av kontinuerlig teknologisk utvikling med \u00f8kende grad av automatisering og datastyring av arbeidsprosesser. Faget skal bidra til \u00e5 utvikle kvalifiserte og omstillingsdyktige fagarbeidere. Faget skal fremme helhetlig forst\u00e5else av produksjonsprosesser, HMS og legge grunnlaget [&hellip;]<\/p>\n","protected":false},"author":23,"featured_media":279,"parent":0,"menu_order":0,"comment_status":"closed","ping_status":"closed","template":"","meta":{"_acf_changed":false,"_relevanssi_hide_post":"","_relevanssi_hide_content":"","_relevanssi_pin_for_all":"","_relevanssi_pin_keywords":"","_relevanssi_unpin_keywords":"","_relevanssi_related_keywords":"","_relevanssi_related_include_ids":"","_relevanssi_related_exclude_ids":"","_relevanssi_related_no_append":"","_relevanssi_related_not_related":"","_relevanssi_related_posts":"1","_relevanssi_noindex_reason":"","_custom_cards_description":"","footnotes":""},"class_list":["post-26","page","type-page","status-publish","has-post-thumbnail","hentry"],"acf":[],"_links":{"self":[{"href":"https:\/\/www.blakors.no\/videregaende-skole-ovrebo\/wp-json\/wp\/v2\/pages\/26","targetHints":{"allow":["GET"]}}],"collection":[{"href":"https:\/\/www.blakors.no\/videregaende-skole-ovrebo\/wp-json\/wp\/v2\/pages"}],"about":[{"href":"https:\/\/www.blakors.no\/videregaende-skole-ovrebo\/wp-json\/wp\/v2\/types\/page"}],"author":[{"embeddable":true,"href":"https:\/\/www.blakors.no\/videregaende-skole-ovrebo\/wp-json\/wp\/v2\/users\/23"}],"replies":[{"embeddable":true,"href":"https:\/\/www.blakors.no\/videregaende-skole-ovrebo\/wp-json\/wp\/v2\/comments?post=26"}],"version-history":[{"count":14,"href":"https:\/\/www.blakors.no\/videregaende-skole-ovrebo\/wp-json\/wp\/v2\/pages\/26\/revisions"}],"predecessor-version":[{"id":471,"href":"https:\/\/www.blakors.no\/videregaende-skole-ovrebo\/wp-json\/wp\/v2\/pages\/26\/revisions\/471"}],"wp:featuredmedia":[{"embeddable":true,"href":"https:\/\/www.blakors.no\/videregaende-skole-ovrebo\/wp-json\/wp\/v2\/media\/279"}],"wp:attachment":[{"href":"https:\/\/www.blakors.no\/videregaende-skole-ovrebo\/wp-json\/wp\/v2\/media?parent=26"}],"curies":[{"name":"wp","href":"https:\/\/api.w.org\/{rel}","templated":true}]}}