{"id":28,"date":"2022-06-01T13:40:57","date_gmt":"2022-06-01T11:40:57","guid":{"rendered":"https:\/\/www.blakors.no\/videregaende-skole-ovrebo\/?page_id=28"},"modified":"2024-08-29T12:57:16","modified_gmt":"2024-08-29T10:57:16","slug":"vg2-barne-og-ungdomsarbeiderfag","status":"publish","type":"page","link":"https:\/\/www.blakors.no\/videregaende-skole-ovrebo\/vg2-barne-og-ungdomsarbeiderfag\/","title":{"rendered":"Vg2 Barne- og ungdomsarbeiderfag"},"content":{"rendered":"\n<div class=\"wp-block-lib-header alignfull hide\"><div class=\"image-wrapper\"><img decoding=\"async\" src=\"https:\/\/www.blakors.no\/content\/uploads\/sites\/30\/2022\/09\/Mellomma\u030altid-med-frukt-scaled.jpg\"\/><\/div><div class=\"header-innercontent\">\n\n<\/div><\/div>\n\n\n<div class=\"custom-block-banner alignwide is-style-green contenthalf\"><div class=\"banner-image\" style=\"background-image:url(https:\/\/www.blakors.no\/content\/uploads\/sites\/30\/2022\/09\/Mellomma\u030altid-med-frukt-1024x672.jpg)\"><\/div><div class=\"banner-inner\"><div><h1 id=\"vg2-barne-og-ungdomsarbeiderfag\"  class=\"title small \" >Vg2 Barne- og ungdomsarbeiderfag<\/h1><p>Er du interessert i en jobb som b\u00e5de er aktiv, spennende og givende? Liker du \u00e5 v\u00e6re sammen med barn og unge? Da kan en utdanning som barne- og ungdomsarbeider v\u00e6re noe for deg.<\/p><div class=\"wp-block-button is-style-primary small\"><a class=\"wp-block-button__link\" href=\"https:\/\/www.blakors.no\/videregaende-skole-ovrebo\/sok-skoleplass\/\" target=\"\">S\u00f8k skoleplass<\/a><\/div><\/div><\/div><\/div>\n\n\n<p>Med denne utdannelsen kan du blant annet f\u00e5&nbsp;jobb i&nbsp;barnehage, skole, SFO og fritidsklubb. Utdanningen&nbsp;er i tr\u00e5d med godkjent l\u00e6replan for vg2 Barne- og ungdomsarbeiderfaget og best\u00e5r av f\u00f8lgende&nbsp;hovedomr\u00e5der:<\/p>\n\n\n\n<ul class=\"wp-block-list\">\n<li>Helsefremmende arbeid<\/li>\n\n\n\n<li>Kommunikasjon og samhandling<\/li>\n\n\n\n<li>Yrkesut\u00f8velse<\/li>\n\n\n\n<li>Yrkesfaglig fordypning<\/li>\n<\/ul>\n\n\n\n\t\t<div class=\"is-style-violet is-style-violet wp-block-blakors-expanding-fact-box\">\n\t\t\t<h3 id=\"inntaksreglement\"  class=\"blakors-fact-box__title\" >Inntaksreglement<\/h3>\n\t\t\t<div class=\"blakors-fact-box__content\">\n\t\t\t\t\n\n<p>Bl\u00e5 Kors videreg\u00e5ende skole, \u00d8vreb\u00f8 er en skole som er godkjent for ressurskrevende elever (jfr. friskolelovens \u00a7 2.1a, og 2.1f).&nbsp;S\u00f8kere til skolen m\u00e5 kunne dokumentere at de har behov for s\u00e6rskilt tilrettelagt oppl\u00e6ring jfr. \u00f8konomiforskrift til friskoleloven \u00a7 4-3a.<\/p>\n\n\n\t\t\t<\/div>\n\t\t\t<div class=\"blakors-fact-box__toggle\">\n\t\t\t\t<button class=\"blakors-fact-box__button\"><svg xmlns=\"http:\/\/www.w3.org\/2000\/svg\" viewBox=\"0 0 17.367 17.367\"><path d=\"M0-8.684v-2.133H13.2L7.16-16.91l1.523-1.523L17.367-9.75,8.684-1.066,7.109-2.59,13.2-8.684Z\" transform=\"translate(0 18.434)\" \/><\/svg><\/button>\n\t\t\t<\/div>\n\t\t<\/div>\n\n\n<p>Skolen har et eget <a href=\"https:\/\/www.blakors.no\/videregaende-skole-ovrebo\/opplaeringskontoret\/\">oppl\u00e6ringskontor<\/a>, som<strong> <\/strong>er behjelpelige med \u00e5 finne l\u00e6replass til deg som har best\u00e5tt Vg2 barne- og ungdomsarbeider.<\/p>\n","protected":false},"excerpt":{"rendered":"<p>Med denne utdannelsen kan du blant annet f\u00e5&nbsp;jobb i&nbsp;barnehage, skole, SFO og fritidsklubb. Utdanningen&nbsp;er i tr\u00e5d med godkjent l\u00e6replan for vg2 Barne- og ungdomsarbeiderfaget og best\u00e5r av f\u00f8lgende&nbsp;hovedomr\u00e5der: Skolen har et eget oppl\u00e6ringskontor, som er behjelpelige med \u00e5 finne l\u00e6replass til deg som har best\u00e5tt Vg2 barne- og ungdomsarbeider.<\/p>\n","protected":false},"author":23,"featured_media":294,"parent":0,"menu_order":0,"comment_status":"closed","ping_status":"closed","template":"","meta":{"_acf_changed":false,"_relevanssi_hide_post":"","_relevanssi_hide_content":"","_relevanssi_pin_for_all":"","_relevanssi_pin_keywords":"","_relevanssi_unpin_keywords":"","_relevanssi_related_keywords":"","_relevanssi_related_include_ids":"","_relevanssi_related_exclude_ids":"","_relevanssi_related_no_append":"","_relevanssi_related_not_related":"","_relevanssi_related_posts":"1","_relevanssi_noindex_reason":"","_custom_cards_description":"","footnotes":""},"class_list":["post-28","page","type-page","status-publish","has-post-thumbnail","hentry"],"acf":[],"_links":{"self":[{"href":"https:\/\/www.blakors.no\/videregaende-skole-ovrebo\/wp-json\/wp\/v2\/pages\/28","targetHints":{"allow":["GET"]}}],"collection":[{"href":"https:\/\/www.blakors.no\/videregaende-skole-ovrebo\/wp-json\/wp\/v2\/pages"}],"about":[{"href":"https:\/\/www.blakors.no\/videregaende-skole-ovrebo\/wp-json\/wp\/v2\/types\/page"}],"author":[{"embeddable":true,"href":"https:\/\/www.blakors.no\/videregaende-skole-ovrebo\/wp-json\/wp\/v2\/users\/23"}],"replies":[{"embeddable":true,"href":"https:\/\/www.blakors.no\/videregaende-skole-ovrebo\/wp-json\/wp\/v2\/comments?post=28"}],"version-history":[{"count":5,"href":"https:\/\/www.blakors.no\/videregaende-skole-ovrebo\/wp-json\/wp\/v2\/pages\/28\/revisions"}],"predecessor-version":[{"id":938,"href":"https:\/\/www.blakors.no\/videregaende-skole-ovrebo\/wp-json\/wp\/v2\/pages\/28\/revisions\/938"}],"wp:featuredmedia":[{"embeddable":true,"href":"https:\/\/www.blakors.no\/videregaende-skole-ovrebo\/wp-json\/wp\/v2\/media\/294"}],"wp:attachment":[{"href":"https:\/\/www.blakors.no\/videregaende-skole-ovrebo\/wp-json\/wp\/v2\/media?parent=28"}],"curies":[{"name":"wp","href":"https:\/\/api.w.org\/{rel}","templated":true}]}}