{"id":34,"date":"2022-06-01T13:42:25","date_gmt":"2022-06-01T11:42:25","guid":{"rendered":"https:\/\/www.blakors.no\/videregaende-skole-ovrebo\/?page_id=34"},"modified":"2022-09-22T14:21:41","modified_gmt":"2022-09-22T12:21:41","slug":"vg2-salg-og-reiseliv","status":"publish","type":"page","link":"https:\/\/www.blakors.no\/videregaende-skole-ovrebo\/vg2-salg-og-reiseliv\/","title":{"rendered":"Vg2 Salg og reiseliv"},"content":{"rendered":"\n<div class=\"wp-block-lib-header alignfull hide\"><div class=\"image-wrapper\"><img decoding=\"async\" src=\"https:\/\/www.blakors.no\/content\/uploads\/sites\/30\/2022\/09\/Salg-service-og-reiseliv1-e1663835343368.jpg\"\/><\/div><div class=\"header-innercontent\"><\/div><\/div>\n\n\n<div class=\"custom-block-banner alignwide contenthalf\"><div class=\"banner-image\" style=\"background-image:url(https:\/\/www.blakors.no\/content\/uploads\/sites\/30\/2022\/09\/Salg-service-og-reiseliv1-821x1024.jpg)\"><\/div><div class=\"banner-inner\"><div><h1 id=\"vg2-salg-og-reiseliv\"  class=\"title large \" >Vg2 Salg og reiseliv<\/h1><p>P\u00e5 Vg2\u00a0Salg og reiseliv\u00a0f\u00e5r du kunnskap og ferdigheter til \u00e5 mestre mange ulike jobber innen salg- og reiselivsn\u00e6ringen.\u00a0Utdanningsprogrammet bygger p\u00e5 Vg1 Salg, service og reiseliv.<\/p><div class=\"wp-block-button is-style-primary small\"><a class=\"wp-block-button__link\" href=\"https:\/\/www.blakors.no\/videregaende-skole-ovrebo\/sok-skoleplass\/\" target=\"\">S\u00f8k skoleplass<\/a><\/div><\/div><\/div><\/div>\n\n\n<p>Vi er opptatt av \u00e5 gi elevene s\u00e5 praktisk undervisning&nbsp;som mulig, og bedriftsbes\u00f8k, entrepen\u00f8rskap og elevbedrifter st\u00e5r sentralt.<\/p>\n\n\n\n<h2 class=\"wp-block-heading\" id=\"h-opptatt-av-reiseliv\">Opptatt av reiseliv?<\/h2>\n\n\n\n<p>Er du interessert i reiseliv&nbsp;og \u00f8nsker deg et fagbrev i reiselivsfaget, kvalifiserer dette til ulike jobber innen&nbsp;reiseselskaper, aktivitetsturisme, reisebyr\u00e5er, turoperat\u00f8rer og cruiseindustrien.&nbsp;<\/p>\n\n\n\n<h2 class=\"wp-block-heading\" id=\"h-eller-helst-salg\">Eller helst salg?<\/h2>\n\n\n\n<p>Er du interessert i&nbsp;salg og \u00f8nsker deg et fagbrev i salgsfaget kvalifiserer dette til ulike jobber innen dagligvarebransjen, nettsalg, opps\u00f8kende salg og andre bedrifter hvor du kan bidra til at kunden f\u00e5r en god kj\u00f8psopplevelse.&nbsp;<\/p>\n\n\n\n<p>Skolen har et eget <a href=\"https:\/\/www.blakors.no\/videregaende-skole-ovrebo\/opplaeringskontoret\/\">oppl\u00e6ringskontor<\/a>, som kan v\u00e6re behjelpelig med \u00e5 finne l\u00e6replass til deg etter fullf\u00f8rt og best\u00e5tt Vg2 Salg og reiseliv. <\/p>\n","protected":false},"excerpt":{"rendered":"<p>Vi er opptatt av \u00e5 gi elevene s\u00e5 praktisk undervisning&nbsp;som mulig, og bedriftsbes\u00f8k, entrepen\u00f8rskap og elevbedrifter st\u00e5r sentralt. Opptatt av reiseliv? Er du interessert i reiseliv&nbsp;og \u00f8nsker deg et fagbrev i reiselivsfaget, kvalifiserer dette til ulike jobber innen&nbsp;reiseselskaper, aktivitetsturisme, reisebyr\u00e5er, turoperat\u00f8rer og cruiseindustrien.&nbsp; Eller helst salg? Er du interessert i&nbsp;salg og \u00f8nsker deg et fagbrev [&hellip;]<\/p>\n","protected":false},"author":23,"featured_media":424,"parent":0,"menu_order":0,"comment_status":"closed","ping_status":"closed","template":"","meta":{"_acf_changed":false,"_relevanssi_hide_post":"","_relevanssi_hide_content":"","_relevanssi_pin_for_all":"","_relevanssi_pin_keywords":"","_relevanssi_unpin_keywords":"","_relevanssi_related_keywords":"","_relevanssi_related_include_ids":"","_relevanssi_related_exclude_ids":"","_relevanssi_related_no_append":"","_relevanssi_related_not_related":"","_relevanssi_related_posts":"1","_relevanssi_noindex_reason":"","_custom_cards_description":"","footnotes":""},"class_list":["post-34","page","type-page","status-publish","has-post-thumbnail","hentry"],"acf":[],"_links":{"self":[{"href":"https:\/\/www.blakors.no\/videregaende-skole-ovrebo\/wp-json\/wp\/v2\/pages\/34","targetHints":{"allow":["GET"]}}],"collection":[{"href":"https:\/\/www.blakors.no\/videregaende-skole-ovrebo\/wp-json\/wp\/v2\/pages"}],"about":[{"href":"https:\/\/www.blakors.no\/videregaende-skole-ovrebo\/wp-json\/wp\/v2\/types\/page"}],"author":[{"embeddable":true,"href":"https:\/\/www.blakors.no\/videregaende-skole-ovrebo\/wp-json\/wp\/v2\/users\/23"}],"replies":[{"embeddable":true,"href":"https:\/\/www.blakors.no\/videregaende-skole-ovrebo\/wp-json\/wp\/v2\/comments?post=34"}],"version-history":[{"count":16,"href":"https:\/\/www.blakors.no\/videregaende-skole-ovrebo\/wp-json\/wp\/v2\/pages\/34\/revisions"}],"predecessor-version":[{"id":463,"href":"https:\/\/www.blakors.no\/videregaende-skole-ovrebo\/wp-json\/wp\/v2\/pages\/34\/revisions\/463"}],"wp:featuredmedia":[{"embeddable":true,"href":"https:\/\/www.blakors.no\/videregaende-skole-ovrebo\/wp-json\/wp\/v2\/media\/424"}],"wp:attachment":[{"href":"https:\/\/www.blakors.no\/videregaende-skole-ovrebo\/wp-json\/wp\/v2\/media?parent=34"}],"curies":[{"name":"wp","href":"https:\/\/api.w.org\/{rel}","templated":true}]}}