{"id":42,"date":"2022-06-01T13:43:45","date_gmt":"2022-06-01T11:43:45","guid":{"rendered":"https:\/\/www.blakors.no\/videregaende-skole-ovrebo\/?page_id=42"},"modified":"2024-10-15T14:08:49","modified_gmt":"2024-10-15T12:08:49","slug":"skoleskyss","status":"publish","type":"page","link":"https:\/\/www.blakors.no\/videregaende-skole-ovrebo\/skoleskyss\/","title":{"rendered":"Skoleskyss"},"content":{"rendered":"\n<div class=\"wp-block-lib-header alignfull hide\"><div class=\"header-innercontent\"><\/div><\/div>\n\n\n<div class=\"custom-block-banner alignwide contenthalf\"><div class=\"banner-image\" style=\"background-image:url(https:\/\/www.blakors.no\/content\/uploads\/sites\/30\/2022\/09\/Bil-Ovrebo-VGS--1024x638.jpg)\"><\/div><div class=\"banner-inner\"><div><div class=\"icon \"><\/div><h1 id=\"skoleskyss\"  class=\"title large \" >Skoleskyss<\/h1><p>Skolen har mange moderne minibusser, og elevene f\u00e5r tilbud om gratis skoleskyss til og fra skolen. Disse direktebussene g\u00e5r fra Kristiansand, Vennesla, Iveland, S\u00f8gne og Nodeland, og stopper og tar med seg elever p\u00e5 naturlige stopp p\u00e5 vei til og fra skolen. \r\nTrenger du skyss til skolens egen buss, kan du s\u00f8ke om dette hos akt.no\r\n<\/p><\/div><\/div><\/div>\n\n\n<p>Det er skolens ansatte som er sj\u00e5f\u00f8rer. Har du sp\u00f8rsm\u00e5l vedr\u00f8rende skoleskyssen, ta kontakt med kontaktl\u00e6reren eller sosialr\u00e5dgiveren din.<\/p>\n","protected":false},"excerpt":{"rendered":"<p>Det er skolens ansatte som er sj\u00e5f\u00f8rer. Har du sp\u00f8rsm\u00e5l vedr\u00f8rende skoleskyssen, ta kontakt med kontaktl\u00e6reren eller sosialr\u00e5dgiveren din.<\/p>\n","protected":false},"author":23,"featured_media":0,"parent":0,"menu_order":0,"comment_status":"closed","ping_status":"closed","template":"","meta":{"_acf_changed":false,"_relevanssi_hide_post":"","_relevanssi_hide_content":"","_relevanssi_pin_for_all":"","_relevanssi_pin_keywords":"","_relevanssi_unpin_keywords":"","_relevanssi_related_keywords":"","_relevanssi_related_include_ids":"","_relevanssi_related_exclude_ids":"","_relevanssi_related_no_append":"","_relevanssi_related_not_related":"","_relevanssi_related_posts":"1","_relevanssi_noindex_reason":"","_custom_cards_description":"","footnotes":""},"class_list":["post-42","page","type-page","status-publish","hentry"],"acf":[],"_links":{"self":[{"href":"https:\/\/www.blakors.no\/videregaende-skole-ovrebo\/wp-json\/wp\/v2\/pages\/42","targetHints":{"allow":["GET"]}}],"collection":[{"href":"https:\/\/www.blakors.no\/videregaende-skole-ovrebo\/wp-json\/wp\/v2\/pages"}],"about":[{"href":"https:\/\/www.blakors.no\/videregaende-skole-ovrebo\/wp-json\/wp\/v2\/types\/page"}],"author":[{"embeddable":true,"href":"https:\/\/www.blakors.no\/videregaende-skole-ovrebo\/wp-json\/wp\/v2\/users\/23"}],"replies":[{"embeddable":true,"href":"https:\/\/www.blakors.no\/videregaende-skole-ovrebo\/wp-json\/wp\/v2\/comments?post=42"}],"version-history":[{"count":4,"href":"https:\/\/www.blakors.no\/videregaende-skole-ovrebo\/wp-json\/wp\/v2\/pages\/42\/revisions"}],"predecessor-version":[{"id":1137,"href":"https:\/\/www.blakors.no\/videregaende-skole-ovrebo\/wp-json\/wp\/v2\/pages\/42\/revisions\/1137"}],"wp:attachment":[{"href":"https:\/\/www.blakors.no\/videregaende-skole-ovrebo\/wp-json\/wp\/v2\/media?parent=42"}],"curies":[{"name":"wp","href":"https:\/\/api.w.org\/{rel}","templated":true}]}}