{"id":46,"date":"2022-06-01T13:45:50","date_gmt":"2022-06-01T11:45:50","guid":{"rendered":"https:\/\/www.blakors.no\/videregaende-skole-ovrebo\/?page_id=46"},"modified":"2026-03-05T09:08:19","modified_gmt":"2026-03-05T08:08:19","slug":"skolereglement","status":"publish","type":"page","link":"https:\/\/www.blakors.no\/videregaende-skole-ovrebo\/skolereglement\/","title":{"rendered":"Skoleregler \u00a0"},"content":{"rendered":"\n<p>For elever ved Bl\u00e5 Kors videreg\u00e5ende skole \u00d8vreb\u00f8&nbsp;<\/p>\n\n\n\n<p>Vedtatt i skolens styre: 04.03.2026<\/p>\n\n\n\n<h2 class=\"wp-block-heading\" id=\"h-1-formal\">\u00a71&nbsp; Form\u00e5l<\/h2>\n\n\n\n<div class=\"wp-block-lib-header alignfull hide\"><div class=\"header-innercontent\"><\/div><\/div>\n\n\n\n<p>Form\u00e5let med reglene er \u00e5 fremme gode arbeidsvaner og god orden, og slik legge til rette for et godt l\u00e6ringsmilj\u00f8. Reglene skal bidra til godt samarbeid, trivsel, respekt og medansvar.<\/p>\n\n\n\n<p>Plaging, trusler, mobbing, vold eller annen krenkende atferd skal ikke forekomme i skolemilj\u00f8et.<\/p>\n\n\n\n<h2 class=\"wp-block-heading\" id=\"h-2-virkeomrade\">\u00a72&nbsp; Virkeomr\u00e5de<\/h2>\n\n\n\n<p>Skolereglene gjelder for elever som er tatt inn ved Bl\u00e5 Kors videreg\u00e5ende skole \u00d8vreb\u00f8.<\/p>\n\n\n\n<p>Reglene gjelder p\u00e5 skolens omr\u00e5de, i skolens n\u00e6romr\u00e5de i skoletiden, ved skolens elevtransport, ekskursjoner, og p\u00e5 skolens digitale og sosiale medier\/plattformer, og \u00f8vrige aktiviteter i skolens regi. Reglene gjelder ogs\u00e5 ved oppl\u00e6ringsformer og aktiviteter som gis under skolens ansvar og regi utenfor skolens omr\u00e5de.<\/p>\n\n\n\n<p>Skolereglenes virkeomr\u00e5de utvides for mobbing og andre krenkelser som skjer utenfor skolens omr\u00e5de, utenfor skoletiden, og i digitale rom og p\u00e5 sms. Utvidelsen gjelder n\u00e5r handlingen har en klar tilknytning til skolemilj\u00f8et ved at handlingen er knyttet til skolesituasjonen eller setter sitt preg p\u00e5 den.<\/p>\n\n\n\n<h2 class=\"wp-block-heading\" id=\"h-3-rettigheter\">\u00a73&nbsp; Rettigheter&nbsp;&nbsp;&nbsp;&nbsp;&nbsp;<\/h2>\n\n\n\n<ol start=\"1\" class=\"wp-block-list\">\n<li>Elevene har rett p\u00e5 oppl\u00e6ring, hjelp og rettledning i samsvar med oppl\u00e6ringsloven med forskrift, privatskoleloven med forskrift, skolestyrets vedtak og gjeldende l\u00e6replaner.<\/li>\n<\/ol>\n\n\n\n<ol start=\"2\" class=\"wp-block-list\">\n<li>Elevene har krav p\u00e5 et trygt og godt skolemilj\u00f8 som fremmer helse, trivsel og l\u00e6ring, jfr. oppl\u00e6ringsloven kapittel 12-4.<\/li>\n<\/ol>\n\n\n\n<ol start=\"3\" class=\"wp-block-list\">\n<li>Elevene har rett til \u00e5 bli h\u00f8rt i saker som gjelder seg selv.&nbsp;<\/li>\n<\/ol>\n\n\n\n<ol start=\"4\" class=\"wp-block-list\">\n<li>Ved faglige, personlige eller sosiale vansker som har betydning for oppl\u00e6ringen, har elevene rett til r\u00e5dgivning, oppf\u00f8lging og hjelp til \u00e5 finne seg til rette. Dette omfatter b\u00e5de r\u00e5dgivning om utdannings- og yrkesvalg, r\u00e5dgivning om sosiale og personlige forhold, samt tilgang til pedagogisk-psykologisk tjeneste (PP-tjenesten). Jf. oppl\u00e6ringsloven \u00a7\u00a7 16-1, 16-2 og \u00a7 11-13.<\/li>\n<\/ol>\n\n\n\n<ol start=\"5\" class=\"wp-block-list\">\n<li>Elever som p\u00e5 grunn av sykdom eller omsorgsansvar f\u00e5r mye frav\u00e6r, har rett til hjelp og st\u00f8ttetiltak fra skolen for \u00e5 unng\u00e5 tap av oppl\u00e6ring og vurderingsgrunnlag.&nbsp;<\/li>\n<\/ol>\n\n\n\n<ol start=\"6\" class=\"wp-block-list\">\n<li>Elevene har rett til r\u00e5dgivning om utdanning og yrkesvalg.&nbsp;<\/li>\n<\/ol>\n\n\n\n<ol start=\"7\" class=\"wp-block-list\">\n<li>Elevene har rett og plikt til \u00e5 danne elevr\u00e5d, jf. privatskoleloven kapittel 5A. Skolen skal legge til rette for gode arbeidsforhold for elevenes tillitsvalgte.<\/li>\n<\/ol>\n\n\n\n<ol start=\"8\" class=\"wp-block-list\">\n<li>Elevene har rett til gratis l\u00e6remidler og undervisningsmateriell, jfr. privatskoleloven \u00a7 6-2.<\/li>\n<\/ol>\n\n\n\n<ol start=\"9\" class=\"wp-block-list\">\n<li>Skolen behandler personopplysninger i samsvar med personopplysningsloven og personvernforordningen (GDPR). Skolen behandler kun n\u00f8dvendige opplysninger og f\u00f8lger interne rutiner for oppbevaring, distribusjon og sletting av personopplysninger. Elever har rett til innsyn etter personvernregelverket.<\/li>\n<\/ol>\n\n\n\n<h2 class=\"wp-block-heading\" id=\"h-4-plikter\">\u00a74&nbsp; Plikter<\/h2>\n\n\n\n<ol start=\"1\" class=\"wp-block-list\">\n<li>Elevene plikter \u00e5 rette seg etter lover, regler og instrukser som til enhver tid gjelder.&nbsp;&nbsp;<\/li>\n<\/ol>\n\n\n\n<ol start=\"2\" class=\"wp-block-list\">\n<li>Elevene forplikter seg til \u00e5 medvirke til et godt l\u00e6ringsmilj\u00f8 og gode samarbeidsformer, vise h\u00f8flighet og medansvar.&nbsp;<\/li>\n<\/ol>\n\n\n\n<ol start=\"3\" class=\"wp-block-list\">\n<li>Elevene plikter \u00e5 m\u00f8te presis og delta aktivt i oppl\u00e6ringen. Elevene skal levere\/ gj\u00f8re avtalt arbeid til rett tid.&nbsp;&nbsp;<\/li>\n<\/ol>\n\n\n\n<ol start=\"4\" class=\"wp-block-list\">\n<li>Elevene har plikt til \u00e5 f\u00f8lge verneregler, bruke verneutstyr og\/eller s\u00e6rskilte arbeidskl\u00e6r som kreves for faget eller som skolen p\u00e5byr.&nbsp;<\/li>\n<\/ol>\n\n\n\n<ol start=\"5\" class=\"wp-block-list\">\n<li>Elevene forplikter seg til \u00e5 ha det undervisningsmateriell og utstyr som kreves.&nbsp;&nbsp;<\/li>\n<\/ol>\n\n\n\n<ol start=\"6\" class=\"wp-block-list\">\n<li>Skolens eiendom og utstyr skal behandles med forsiktighet og omtanke. H\u00e6rverk og skader kan i tillegg til reaksjoner etter \u00a7 8, ogs\u00e5 medf\u00f8re erstatningsansvar. &nbsp;<\/li>\n<\/ol>\n\n\n\n<ol start=\"7\" class=\"wp-block-list\">\n<li>Plaging, mobbing, trusler, vold eller andre brudd p\u00e5 allment akseptert atferd aksepteres ikke.&nbsp;&nbsp;<\/li>\n<\/ol>\n\n\n\n<ol start=\"8\" class=\"wp-block-list\">\n<li>Det er ikke tillatt \u00e5 benytte noen form for tobakk og snus i skoletiden. Forbudet gjelder hele skoletiden, uavhengig av hvor eleven befinner seg. I skolens lokaler og utearealer, og \u00f8vrige lokaler skolen leier eller disponerer, omfatter forbudet ogs\u00e5 bruk av elektroniske sigaretter, jfr. tobakksloven \u00a7 27.&nbsp;&nbsp;<\/li>\n<\/ol>\n\n\n\n<ol start=\"9\" class=\"wp-block-list\">\n<li>Bruk, omsetning, besittelse eller oppbevaring av rusmidler p\u00e5 skolens omr\u00e5de er forbudt b\u00e5de i skoletiden eller ved andre aktiviteter i skolens regi andre steder.&nbsp;&nbsp;<\/li>\n<\/ol>\n\n\n\n<ol start=\"10\" class=\"wp-block-list\">\n<li>Det er ikke tillatt \u00e5 ha med v\u00e5pen eller andre farlige gjenstander p\u00e5 skolen.&nbsp;&nbsp;<\/li>\n<\/ol>\n\n\n\n<ol start=\"11\" class=\"wp-block-list\">\n<li>Det er ikke tillatt \u00e5 bruke skolens datamaskiner til \u00e5 laste ned, lese eller spre pornografisk, rasistisk eller annet materiale som kan oppfattes som krenkende, eller som er i strid med norsk lov.&nbsp;<\/li>\n<\/ol>\n\n\n\n<ol start=\"12\" class=\"wp-block-list\">\n<li>Personlig elektronisk utstyr m\u00e5 brukes p\u00e5 en slik m\u00e5te at man ikke forstyrrer medelever eller l\u00e6rere. Skolen kan bestemme at elevenes mobiltelefon eller annet elektronisk utstyr skal leveres til l\u00e6rer og l\u00e5ses inn i et skap deler av skoledagen. Mobiltelefon skal v\u00e6re avsl\u00e5tt\/lydl\u00f8s og ute av syne i undervisningen.&nbsp;<\/li>\n<\/ol>\n\n\n\n<h2 class=\"wp-block-heading\" id=\"h-5-fusk-eller-forsok-pa-fusk\">\u00a75&nbsp; Fusk eller fors\u00f8k p\u00e5 fusk<\/h2>\n\n\n\n<p>Bruk av ikke tillatte hjelpemidler, herunder andres datafiler, og kommunikasjon under pr\u00f8ver og eksamener anses som fusk eller fors\u00f8k p\u00e5 fusk. Det samme gjelder innlevering av arbeid som ikke er elevens eget produkt.&nbsp;<\/p>\n\n\n\n<p>Fusk eller fors\u00f8k p\u00e5 fusk vil vanligvis f\u00e5 konsekvenser for karakteren i orden og atferd. Ved fusk eller fors\u00f8k p\u00e5 fusk p\u00e5 eksamen, vises det til forskriften til privatskoleloven \u00a7 6-41 som sier at eksamen kan annulleres, og at eleven da tidligst kan g\u00e5 opp til ny pr\u00f8ve 1 \u00e5r etter at eksamen ble annullert. Eleven har klagerett, jf. forvaltningsloven kapittel VI\u00a0<\/p>\n\n\n\n<h2 class=\"wp-block-heading\" id=\"h-6-fravaer\">\u00a76&nbsp; Frav\u00e6r<\/h2>\n\n\n\n<p>Ved \u00e5 takke ja til skoleplass ved Bl\u00e5 Kors videreg\u00e5ende skole \u00d8vreb\u00f8, aksepterer du samtidig at skolen kan fastsette regler om bortfall av skoleplass ved omfattende udokumentert frav\u00e6r, i tr\u00e5d med privatskoleloven og eget skolereglement.<\/p>\n\n\n\n<p>Elevene har framm\u00f8teplikt til undervisningen. Skolen registrerer alt frav\u00e6r fra undervisningen. Eleven plikter \u00e5 skaffe sykemelding eller annen dokumentasjon for legitimt frav\u00e6r.<\/p>\n\n\n\n<p>Alt frav\u00e6r for elever f\u00f8res p\u00e5 modulbevis og kompetansebevis. Frav\u00e6r f\u00f8res i dager og enkelttimer. For deltidselever kan rektor avgj\u00f8re om frav\u00e6ret skal f\u00f8res i timer eller dager. Eleven kan kreve at \u00e5rsaken til frav\u00e6ret p\u00e5f\u00f8res dokumentasjonen, men eleven har selv ansvar for \u00e5 dokumentere \u00e5rsaken til frav\u00e6ret, jf. forskrift til privatskolelova \u00a7 6-50.<\/p>\n\n\n\n<p>Rektor kan gi elever fri fra oppl\u00e6ring i opptil 10 skoledager i et skole\u00e5r uten at disse dagene skal f\u00f8res som frav\u00e6r. Elever skal s\u00f8ke om fri fra oppl\u00e6ringen p\u00e5 forh\u00e5nd.<\/p>\n\n\n\n<p>Forsentkomming og udokumentert frav\u00e6r kan f\u00f8re til nedsatt ordens- eller atferdskarakter. Det regnes som frav\u00e6r hvis eleven kommer 15 minutter etter at timen har begynt.<\/p>\n\n\n\n<p>Dersom en elev blir syk, eller av tvingende grunn m\u00e5 forlate oppl\u00e6ringen i l\u00f8pet av skoledagen, skal eleven alltid melde fra til kontaktl\u00e6rer\/fagl\u00e6rer eller avdelingsleder.<\/p>\n\n\n\n<p>Dersom en elev p\u00e5 grunn av sykdom eller av andre \u00e5rsaker ikke kan m\u00f8te til oppl\u00e6ringen, skal skolen ha beskjed tidligst mulig f\u00f8rste frav\u00e6rsdag.<\/p>\n\n\n\n<p>En elev som har frav\u00e6r mer enn 10 % av det totale timetallet, f\u00e5r ikke standpunktkarakter i faget. Eleven skal ved skolestart f\u00e5 beskjed om hvor mange timer 10 % utgj\u00f8r i hvert enkelt fag.<\/p>\n\n\n\n<p>Hvis fagl\u00e6rer har tilstrekkelig vurderingsgrunnlag, kan eleven likevel f\u00e5 halv\u00e5rsvurdering med karakter eller standpunktkarakter hvis frav\u00e6r over 10 % er dokumentert, og skyldes:<\/p>\n\n\n\n<ul class=\"wp-block-list\">\n<li>Helse- og velferdsgrunner<\/li>\n\n\n\n<li>Arbeid som tillitsvalgt<\/li>\n\n\n\n<li>Politisk arbeid<\/li>\n\n\n\n<li>Hjelpearbeid<\/li>\n\n\n\n<li>Lovp\u00e5lagt oppm\u00f8te<\/li>\n\n\n\n<li>Representasjon i arrangement p\u00e5 nasjonalt eller internasjonalt niv\u00e5<\/li>\n\n\n\n<li>Inntil to dager til religi\u00f8se h\u00f8ytider for elever som er medlem av andre trossamfunn enn Den norske kirke<\/li>\n<\/ul>\n\n\n\n<p>Frav\u00e6rsgrensen kan \u00f8kes til 15 % hvis rektor vurderer at det er klart urimelig at en elev som har 10 % frav\u00e6r eller mer, ikke f\u00e5r karakter. En slik \u00f8kning skal bare gis i spesielle tilfeller, etter vurdering av \u00e5rsakene til frav\u00e6ret.<\/p>\n\n\n\n<h2 class=\"wp-block-heading\" id=\"h-7-permisjon\">\u00a77&nbsp; Permisjon<\/h2>\n\n\n\n<ol start=\"1\" class=\"wp-block-list\">\n<li>Ved planlagt frav\u00e6r skal det s\u00f8kes om permisjon. S\u00f8knaden skal v\u00e6re skriftlig og begrunnet, og innleveres i god tid. Permisjon gis ikke dersom det kan medf\u00f8re fare for manglende vurderingsgrunnlag i fag, eller til hinder for oppl\u00e6ringsvirksomheten, f.eks. for gjennomf\u00f8ring av samarbeidsprosjekter.\u00a0<\/li>\n<\/ol>\n\n\n\n<ol start=\"2\" class=\"wp-block-list\">\n<li>Fagl\u00e6rer kan innvilge permisjon for enkelttimer, og kontaktl\u00e6rer kan innvilge permisjon for \u00e9n dag. Permisjonss\u00f8knader utover \u00e9n dag avgj\u00f8res av rektor i samr\u00e5d med avdelingsleder og ber\u00f8rte fagl\u00e6rere. Avslag kan p\u00e5klages til rektor.<\/li>\n<\/ol>\n\n\n\n<ol start=\"3\" class=\"wp-block-list\">\n<li>I de tilfeller det inng\u00e5s avtale om selvstendig studiearbeid i permisjonstiden vil det ikke bli f\u00f8rt frav\u00e6r.&nbsp;&nbsp;<\/li>\n<\/ol>\n\n\n\n<h2 class=\"wp-block-heading\" id=\"h-8-reaksjoner-ved-brudd-pa-reglementet\">\u00a78&nbsp; Reaksjoner ved brudd p\u00e5 reglementet<\/h2>\n\n\n\n<p>Ved brudd p\u00e5 skolereglementet kan skolen benytte seg av f\u00f8lgende restriksjoner:&nbsp;<\/p>\n\n\n\n<ul class=\"wp-block-list\">\n<li>muntlig eller skriftlig p\u00e5tale\/anmerkning fra en av de tilsatte ved skolen&nbsp;<\/li>\n\n\n\n<li>bortvisning fra klasse\/gruppe for resten av timen\/\u00f8kten etter fagl\u00e6rers avgj\u00f8relse&nbsp;<\/li>\n\n\n\n<li>bortvisning fra skolen for resten av skoledagen etter rektors\/ avdelingsleders avgj\u00f8relse&nbsp;<\/li>\n<\/ul>\n\n\n\n<p>Ved alvorlige eller gjentatte brudd p\u00e5 reglementet kan s\u00e6rskilte tiltak iverksettes:&nbsp;<\/p>\n\n\n\n<ul class=\"wp-block-list\">\n<li>Bortvisning av eleven fra en og inntil fem skoledager etter rektors avgj\u00f8relse&nbsp;<\/li>\n\n\n\n<li>Bortvisning for resten av skole\u00e5ret kan besluttes av fylkeskommunen (heimfylket) ved s\u00e6rlig alvorlige brudd p\u00e5 skolereglene, jf. privatskoleloven \u00a7 3-10.<\/li>\n<\/ul>\n\n\n\n<p>I tillegg til reaksjoner og s\u00e6rskilte tiltak kan brudd p\u00e5 reglementet f\u00f8re til f\u00f8lgende tiltak:&nbsp;<\/p>\n\n\n\n<ul class=\"wp-block-list\">\n<li>Nedsatt termin- og\/eller standpunktkarakter i orden og atferd&nbsp;<\/li>\n\n\n\n<li>Begrenset adgang til spesielle aktiviteter ved gjentatte eller alvorlige brudd p\u00e5 instrukser for slike aktiviteter&nbsp;<\/li>\n\n\n\n<li>Ved skade eller tilgrising p\u00e5 skolens eiendom vil det kunne kreves at eleven istandsetter\/vasker, eller betaler erstatning etter reglene i skadeerstatningsloven&nbsp;<\/li>\n\n\n\n<li>Politianmeldelse&nbsp;<\/li>\n<\/ul>\n\n\n\n<p>Ved fastsetting av karakter i orden og atferd skal skolens vurderingskriterier (eget dokument) brukes.&nbsp;<\/p>\n\n\n\n<h2 class=\"wp-block-heading\" id=\"h-9-saksbehandling-ved-brudd-pa-reglementet\">\u00a79&nbsp; Saksbehandling ved brudd p\u00e5 reglementet<\/h2>\n\n\n\n<p>F\u00f8r det blir tatt avgj\u00f8relser om tiltak ved brudd p\u00e5 reglene, skal du ha mulighet til \u00e5 forklare for den som skal ta avgj\u00f8relsen. Skolen skal s\u00f8rge for at saken er s\u00e5 godt opplyst som mulig. Avgj\u00f8relser treffes p\u00e5 et grunnlag som er forsvarlig ut fra regelbruddets art og alvorlighetsgrad. Skolen skal alltid vurdere mulighet for alternative tiltak.<\/p>\n\n\n\n<p>Bortvisning og enkeltvedtak: Vedtak om bortvisning er enkeltvedtak. Forvaltningslovens regler om blant annet forh\u00e5ndsvarsel, innsyn, begrunnelse og klage gjelder.<\/p>\n\n\n\n<p>\u2212 L\u00e6rer kan, dersom daglig leder har gitt adgang til det, vise bort en elev fra egen oppl\u00e6rings\u00f8kt i inntil to klokketimer.<\/p>\n\n\n\n<p>\u2212 Daglig leder kan vedta bortvisning inntil de grensene som f\u00f8lger av loven.<\/p>\n\n\n\n<p>\u2212 Bortvisning for resten av skole\u00e5ret i videreg\u00e5ende vedtas av fylkeskommunen (heimfylket) og kan ikke delegeres til skolen. Klage: Klage p\u00e5 bortvisningsvedtak sendes den som har fattet vedtaket.<br>Departementet er klageinstans. Skolen skal veilede om rettigheter og klageframgangsm\u00e5te, og elevombudet kan bist\u00e5.<\/p>\n\n\n\n<p>Jf. privatskoleloven \u00a7 3-10 (Bortvising).<\/p>\n","protected":false},"excerpt":{"rendered":"<p>For elever ved Bl\u00e5 Kors videreg\u00e5ende skole \u00d8vreb\u00f8&nbsp; Vedtatt i skolens styre: 04.03.2026 \u00a71&nbsp; Form\u00e5l Form\u00e5let med reglene er \u00e5 fremme gode arbeidsvaner og god orden, og slik legge til rette for et godt l\u00e6ringsmilj\u00f8. Reglene skal bidra til godt samarbeid, trivsel, respekt og medansvar. Plaging, trusler, mobbing, vold eller annen krenkende atferd skal ikke [&hellip;]<\/p>\n","protected":false},"author":75,"featured_media":0,"parent":0,"menu_order":0,"comment_status":"closed","ping_status":"closed","template":"","meta":{"_acf_changed":false,"_relevanssi_hide_post":"","_relevanssi_hide_content":"","_relevanssi_pin_for_all":"","_relevanssi_pin_keywords":"","_relevanssi_unpin_keywords":"","_relevanssi_related_keywords":"","_relevanssi_related_include_ids":"","_relevanssi_related_exclude_ids":"","_relevanssi_related_no_append":"","_relevanssi_related_not_related":"","_relevanssi_related_posts":"1","_relevanssi_noindex_reason":"","_custom_cards_description":"","footnotes":""},"class_list":["post-46","page","type-page","status-publish","hentry"],"acf":[],"_links":{"self":[{"href":"https:\/\/www.blakors.no\/videregaende-skole-ovrebo\/wp-json\/wp\/v2\/pages\/46","targetHints":{"allow":["GET"]}}],"collection":[{"href":"https:\/\/www.blakors.no\/videregaende-skole-ovrebo\/wp-json\/wp\/v2\/pages"}],"about":[{"href":"https:\/\/www.blakors.no\/videregaende-skole-ovrebo\/wp-json\/wp\/v2\/types\/page"}],"author":[{"embeddable":true,"href":"https:\/\/www.blakors.no\/videregaende-skole-ovrebo\/wp-json\/wp\/v2\/users\/75"}],"replies":[{"embeddable":true,"href":"https:\/\/www.blakors.no\/videregaende-skole-ovrebo\/wp-json\/wp\/v2\/comments?post=46"}],"version-history":[{"count":5,"href":"https:\/\/www.blakors.no\/videregaende-skole-ovrebo\/wp-json\/wp\/v2\/pages\/46\/revisions"}],"predecessor-version":[{"id":2254,"href":"https:\/\/www.blakors.no\/videregaende-skole-ovrebo\/wp-json\/wp\/v2\/pages\/46\/revisions\/2254"}],"wp:attachment":[{"href":"https:\/\/www.blakors.no\/videregaende-skole-ovrebo\/wp-json\/wp\/v2\/media?parent=46"}],"curies":[{"name":"wp","href":"https:\/\/api.w.org\/{rel}","templated":true}]}}