{"id":48,"date":"2022-06-01T13:46:21","date_gmt":"2022-06-01T11:46:21","guid":{"rendered":"https:\/\/www.blakors.no\/videregaende-skole-ovrebo\/?page_id=48"},"modified":"2024-10-18T15:05:39","modified_gmt":"2024-10-18T13:05:39","slug":"sosialradgiver-og-radgivertjenesten","status":"publish","type":"page","link":"https:\/\/www.blakors.no\/videregaende-skole-ovrebo\/sosialradgiver-og-radgivertjenesten\/","title":{"rendered":"Sosialr\u00e5dgivere"},"content":{"rendered":"\n<div class=\"wp-block-lib-header alignfull hide\"><div class=\"header-innercontent\"><\/div><\/div>\n\n\n<p>Skolen har fem sosialr\u00e5dgivere som er knyttet til hver avdeling, og er lett tilgjengelig for elever og l\u00e6rere.<\/p>\n<p>Sosialr\u00e5dgivernes oppgaver:<\/p>\n<ul>\n<li>Tett oppf\u00f8lging av den enkelte elev<\/li>\n<li>Saksbehandlere i inntaksarbeidet<\/li>\n<li>Bindeledd mellom hjem og samarbeidspartnere<\/li>\n<li>Ansvar for sosialpedagogiske tilstelninger i regi av skolen<\/li>\n<li>Tett samarbeid med l\u00e6rere<\/li>\n<li>Markedsf\u00f8ring av skolen<\/li>\n<\/ul>\n<p>\u00a0<\/p>","protected":false},"excerpt":{"rendered":"<p>Skolen har fem sosialr\u00e5dgivere som er knyttet til hver avdeling, og er lett tilgjengelig for elever og l\u00e6rere. Sosialr\u00e5dgivernes oppgaver: Tett oppf\u00f8lging av den enkelte elev Saksbehandlere i inntaksarbeidet Bindeledd mellom hjem og samarbeidspartnere Ansvar for sosialpedagogiske tilstelninger i regi av skolen Tett samarbeid med l\u00e6rere Markedsf\u00f8ring av skolen \u00a0<\/p>\n","protected":false},"author":23,"featured_media":0,"parent":0,"menu_order":0,"comment_status":"closed","ping_status":"closed","template":"","meta":{"_acf_changed":false,"_relevanssi_hide_post":"","_relevanssi_hide_content":"","_relevanssi_pin_for_all":"","_relevanssi_pin_keywords":"","_relevanssi_unpin_keywords":"","_relevanssi_related_keywords":"","_relevanssi_related_include_ids":"","_relevanssi_related_exclude_ids":"","_relevanssi_related_no_append":"","_relevanssi_related_not_related":"","_relevanssi_related_posts":"1","_relevanssi_noindex_reason":"","_custom_cards_description":"","footnotes":""},"class_list":["post-48","page","type-page","status-publish","hentry"],"acf":[],"_links":{"self":[{"href":"https:\/\/www.blakors.no\/videregaende-skole-ovrebo\/wp-json\/wp\/v2\/pages\/48","targetHints":{"allow":["GET"]}}],"collection":[{"href":"https:\/\/www.blakors.no\/videregaende-skole-ovrebo\/wp-json\/wp\/v2\/pages"}],"about":[{"href":"https:\/\/www.blakors.no\/videregaende-skole-ovrebo\/wp-json\/wp\/v2\/types\/page"}],"author":[{"embeddable":true,"href":"https:\/\/www.blakors.no\/videregaende-skole-ovrebo\/wp-json\/wp\/v2\/users\/23"}],"replies":[{"embeddable":true,"href":"https:\/\/www.blakors.no\/videregaende-skole-ovrebo\/wp-json\/wp\/v2\/comments?post=48"}],"version-history":[{"count":5,"href":"https:\/\/www.blakors.no\/videregaende-skole-ovrebo\/wp-json\/wp\/v2\/pages\/48\/revisions"}],"predecessor-version":[{"id":1147,"href":"https:\/\/www.blakors.no\/videregaende-skole-ovrebo\/wp-json\/wp\/v2\/pages\/48\/revisions\/1147"}],"wp:attachment":[{"href":"https:\/\/www.blakors.no\/videregaende-skole-ovrebo\/wp-json\/wp\/v2\/media?parent=48"}],"curies":[{"name":"wp","href":"https:\/\/api.w.org\/{rel}","templated":true}]}}