{"id":5,"date":"2022-06-01T13:34:25","date_gmt":"2022-06-01T11:34:25","guid":{"rendered":"https:\/\/www.blakors.no\/videregaende-skole-ovrebo\/?page_id=5"},"modified":"2026-01-22T13:30:53","modified_gmt":"2026-01-22T12:30:53","slug":"om-skolen","status":"publish","type":"page","link":"https:\/\/www.blakors.no\/videregaende-skole-ovrebo\/om-skolen\/","title":{"rendered":"Om skolen"},"content":{"rendered":"\n<div class=\"wp-block-lib-header alignfull hide\"><div class=\"header-innercontent\"><\/div><\/div>\n\n\n<div class=\"custom-block-banner alignwide contenthalf\"><div class=\"banner-image\" style=\"background-image:url(https:\/\/www.blakors.no\/content\/uploads\/sites\/30\/2022\/09\/Ovrebo-viderega\u030aende-skole-bygg-1024x660.jpg)\"><\/div><div class=\"banner-inner\"><div><h1 id=\"om-skolen\"  class=\"title large \" >Om skolen<\/h1><p>Bl\u00e5 Kors videreg\u00e5ende skole, \u00d8vreb\u00f8, er en privatskole som ikke koster noe ekstra. Skolen har tilrettelagt tilbud til elever som trenger tett oppf\u00f8lging i et mindre skolemilj\u00f8. Skolen gir samme utdanning som offentlig videreg\u00e5ende skole, og er godkjent av Statens L\u00e5nekasse for utdanning.<\/p><\/div><\/div><\/div>\n\n\n<p>Personalet ved skolen er dyktige og engasjerte. De gj\u00f8r alt de kan for at du som elev skal trives, l\u00e6re og ha det godt p\u00e5 skolen. Undervisningen organiseres i sm\u00e5 grupper.<\/p>\n\n\n\n<p>Vi er opptatt av \u00e5 ivareta deg som elev,&nbsp;b\u00e5de&nbsp;i forkant av skolestart, gjennom godt l\u00e6ringsmilj\u00f8 og i st\u00f8tte til videre utdanning.<\/p>\n\n\n\n<p>Vi gj\u00f8r skolehverdagen s\u00e5 spennende og variert som mulig. I l\u00f8pet av skole\u00e5ret er vi p\u00e5 ulike ekskursjoner,&nbsp;og arrangerer felles aktiviteter for elevene. Sammen tar vi ansvar for at du skal finne deg til rette i et trygt skolemilj\u00f8.&nbsp;<\/p>\n\n\n\n<p>Skolen er godkjent etter b\u00e5de privatskoleloven \u00a7 2-1 a. livssyn (kristen) og f. s\u00e6rskilt tilrettelagt&nbsp;oppl\u00e6ring for elever med dokumenterte behov.<\/p>\n\n\n\n<p>Skolen tilbyr utdanning innenfor f\u00f8lgende programomr\u00e5der:<\/p>\n\n\n\n<ul class=\"wp-block-list\">\n<li>Helse og oppvekst<\/li>\n\n\n\n<li>Bygg \u2013 og anleggsteknikk<\/li>\n\n\n\n<li>Teknikk og industriell produksjon<\/li>\n\n\n\n<li>Salg, service og reiseliv<\/li>\n\n\n\n<li>P\u00e5bygg vg3<\/li>\n<\/ul>\n\n\n\n<p>Mer informasjon om utdanningsprogrammene finner du her p\u00e5 v\u00e5r hjemmeside.<\/p>\n\n\n\n<p>Skolen er godkjent for 124&nbsp;elever.<\/p>\n\n\n\n<h2 class=\"wp-block-heading\" id=\"h-visjon-og-verdier\">Visjon og verdier<\/h2>\n\n\n\n<p>\u00d8vreb\u00f8 videreg\u00e5ende skole er en friskole drevet i regi av Bl\u00e5 Kors. Skolen er godkjent etter friskoleloven \u00a7 2-1, bokstav a og f. Ved inntak til skolen er det en forutsetning at alle elevene m\u00e5 fremlegge sakkyndig dokumentasjon som viser at de har behov for s\u00e6rskilt tilrettelagt oppl\u00e6ring.<\/p>\n\n\n\n<p>Gjennom skolens visjon&nbsp;<em>Et m\u00e5l for alle \u2013 alle i m\u00e5l,&nbsp;<\/em>tilrettelegges oppl\u00e6ringen slik at hver enkelt elev f\u00e5r god, tilpasset undervisning i klasser organisert med inntil 12 elever.<\/p>\n\n\n\n<p><strong>Bl\u00e5 Kors &#8211; I sentrum st\u00e5r et menneske<\/strong><\/p>\n\n\n\n<p>Bl\u00e5 Kors er en ideell organisasjon som eier og driver 54 virksomheter fordelt over store deler av Norge. Vi har behandlingsinstitusjoner, poliklinisk virksomhet, arbeid for barn og unge, videreg\u00e5ende skoler, arbeidstrening, gaten\u00e6re tiltak, boligsentre, lokale stiftelser og foreninger med mer.<\/p>\n\n\n\n<p>Verdier: <em>Medmenneskelighet \u2013 verdighet \u2013 egenkraft &#8211; kvalitet<\/em><\/p>\n\n\n\n<p>Visjon og verdier skal gjennomsyre alt arbeid ved \u00d8vreb\u00f8 videreg\u00e5ende skole og alle andre virksomheter i Bl\u00e5 kors.<\/p>\n\n\n<ul class=\"t2-link-list has-1-items has-auto-columns wp-block-t2-link-list\">\n\t<li class=\"has-background has-lila-light-background-color t2-link-list-item wp-block-t2-link-list-item\">\n\t\t<a\n\t\t\thref=\"https:\/\/www.blakors.no\/videregaende-skole-ovrebo\/om-oss\/vedtekter\/\"\n\t\t\tclass=\"t2-link-list-item__link t2-link-list__icon--right\"\n\t\t\t\t\t>\n\t\t\t<span class=\"t2-link-list-item__icon\"><span class=\"t2-link-list-item__icon-box\"><\/span><svg xmlns=\"http:\/\/www.w3.org\/2000\/svg\" viewBox=\"0 0 24 24\" height=\"24\" width=\"24\" class=\"t2-icon t2-icon-arrowforward\" aria-hidden=\"true\" focusable=\"false\"><path d=\"M11.3 19.3c-.2-.2-.3-.4-.3-.7 0-.3.1-.5.3-.7l4.9-4.9H5c-.3 0-.5-.1-.7-.3-.2-.2-.3-.4-.3-.7s.1-.5.3-.7c.2-.2.4-.3.7-.3h11.2l-4.9-4.9c-.2-.2-.3-.4-.3-.7 0-.3.1-.5.3-.7.2-.2.4-.3.7-.3s.5.1.7.3l6.6 6.6c.1.1.2.2.2.3 0 .1.1.3.1.4 0 .1 0 .3-.1.4 0 .1-.1.2-.2.3l-6.6 6.6c-.2.2-.4.3-.7.3s-.5-.1-.7-.3z\" fill=\"currentColor\" \/><\/svg><\/span>\t\t\t<div class=\"t2-link-list-item__content\">\n\n\t\t\t\t\n\t\t\t\t<span id=\"link-list-item-text\" class=\"t2-link-list-item__text\">\n\t\t\t\t\tVedtekter\t\t\t\t<\/span>\n\t\t\t\t\t\t\t<\/div>\n\t\t<\/a>\n\t<\/li>\n\t\n<\/ul>","protected":false},"excerpt":{"rendered":"<p>Personalet ved skolen er dyktige og engasjerte. De gj\u00f8r alt de kan for at du som elev skal trives, l\u00e6re og ha det godt p\u00e5 skolen. Undervisningen organiseres i sm\u00e5 grupper. Vi er opptatt av \u00e5 ivareta deg som elev,&nbsp;b\u00e5de&nbsp;i forkant av skolestart, gjennom godt l\u00e6ringsmilj\u00f8 og i st\u00f8tte til videre utdanning. Vi gj\u00f8r skolehverdagen [&hellip;]<\/p>\n","protected":false},"author":23,"featured_media":0,"parent":0,"menu_order":0,"comment_status":"closed","ping_status":"closed","template":"","meta":{"_acf_changed":false,"_relevanssi_hide_post":"","_relevanssi_hide_content":"","_relevanssi_pin_for_all":"","_relevanssi_pin_keywords":"","_relevanssi_unpin_keywords":"","_relevanssi_related_keywords":"","_relevanssi_related_include_ids":"","_relevanssi_related_exclude_ids":"","_relevanssi_related_no_append":"","_relevanssi_related_not_related":"","_relevanssi_related_posts":"1","_relevanssi_noindex_reason":"","_custom_cards_description":"","footnotes":""},"class_list":["post-5","page","type-page","status-publish","hentry"],"acf":[],"_links":{"self":[{"href":"https:\/\/www.blakors.no\/videregaende-skole-ovrebo\/wp-json\/wp\/v2\/pages\/5","targetHints":{"allow":["GET"]}}],"collection":[{"href":"https:\/\/www.blakors.no\/videregaende-skole-ovrebo\/wp-json\/wp\/v2\/pages"}],"about":[{"href":"https:\/\/www.blakors.no\/videregaende-skole-ovrebo\/wp-json\/wp\/v2\/types\/page"}],"author":[{"embeddable":true,"href":"https:\/\/www.blakors.no\/videregaende-skole-ovrebo\/wp-json\/wp\/v2\/users\/23"}],"replies":[{"embeddable":true,"href":"https:\/\/www.blakors.no\/videregaende-skole-ovrebo\/wp-json\/wp\/v2\/comments?post=5"}],"version-history":[{"count":3,"href":"https:\/\/www.blakors.no\/videregaende-skole-ovrebo\/wp-json\/wp\/v2\/pages\/5\/revisions"}],"predecessor-version":[{"id":2180,"href":"https:\/\/www.blakors.no\/videregaende-skole-ovrebo\/wp-json\/wp\/v2\/pages\/5\/revisions\/2180"}],"wp:attachment":[{"href":"https:\/\/www.blakors.no\/videregaende-skole-ovrebo\/wp-json\/wp\/v2\/media?parent=5"}],"curies":[{"name":"wp","href":"https:\/\/api.w.org\/{rel}","templated":true}]}}