{"id":52,"date":"2022-06-01T13:50:05","date_gmt":"2022-06-01T11:50:05","guid":{"rendered":"https:\/\/www.blakors.no\/videregaende-skole-ovrebo\/?page_id=52"},"modified":"2024-10-11T09:54:28","modified_gmt":"2024-10-11T07:54:28","slug":"vitnemal","status":"publish","type":"page","link":"https:\/\/www.blakors.no\/videregaende-skole-ovrebo\/vitnemal\/","title":{"rendered":"Vitnem\u00e5l og kompetansebevis"},"content":{"rendered":"\n<div class=\"wp-block-lib-header alignfull hide\"><div class=\"header-innercontent\"><\/div><\/div>\n\n\n<p>Alle som har gjennomg\u00e5tt videreg\u00e5ende oppl\u00e6ring, har rett til \u00e5 f\u00e5 oppl\u00e6ringen dokumentert med vitnem\u00e5l eller kompetansebevis.<\/p>\n<h3 id=\"vitnemal\"  >Vitnem\u00e5l<\/h3>\n<p>For \u00e5 f\u00e5 vitnem\u00e5l m\u00e5 du ha fullf\u00f8rt og best\u00e5tt et tre\u00e5rig oppl\u00e6ringsl\u00f8p som gir studie- eller yrkeskompetanse. Er du elev, er det skolen der du fullf\u00f8rer og best\u00e5r oppl\u00e6ringen din som skriver ut vitnem\u00e5let.<\/p>\n<h3 id=\"kompetansebevis\"  >Kompetansebevis<\/h3>\n<p>Videreg\u00e5ende oppl\u00e6ring som ikke kan dokumenteres med vitnem\u00e5l, skal dokumenteres med kompetansebevis. Et kompetansebevis skal vise hvilke standpunkt- og eksamenskarakterer som er oppn\u00e5dd. Dersom du ikke fullf\u00f8rer et fag p\u00e5 det niv\u00e5et som l\u00e6replanverket fastsetter at det skal gis standpunktkarakter, vil halv\u00e5rsvurderingen med karakter bli f\u00f8rt p\u00e5 kompetansebeviset, med en merknad.\u00a0<\/p>\n<p>Kompetansebevis blir ogs\u00e5 brukt som dokumentasjon p\u00e5 gjennomg\u00e5tt oppl\u00e6ring n\u00e5r du bare har f\u00e5tt oppl\u00e6ring i deler av et fag.<\/p>\n<p>Skolen skriver ut kompetansebevis for elever.<\/p>\n<p><a href=\"https:\/\/www.vilbli.no\/nb\/no\/a\/dokumentasjon-og-vitnemal-6\" target=\"_blank\" rel=\"noopener\">Link til vilbli.no<\/a><\/p>","protected":false},"excerpt":{"rendered":"<p>Alle som har gjennomg\u00e5tt videreg\u00e5ende oppl\u00e6ring, har rett til \u00e5 f\u00e5 oppl\u00e6ringen dokumentert med vitnem\u00e5l eller kompetansebevis. Vitnem\u00e5l For \u00e5 f\u00e5 vitnem\u00e5l m\u00e5 du ha fullf\u00f8rt og best\u00e5tt et tre\u00e5rig oppl\u00e6ringsl\u00f8p som gir studie- eller yrkeskompetanse. Er du elev, er det skolen der du fullf\u00f8rer og best\u00e5r oppl\u00e6ringen din som skriver ut vitnem\u00e5let. Kompetansebevis Videreg\u00e5ende [&hellip;]<\/p>\n","protected":false},"author":23,"featured_media":0,"parent":0,"menu_order":0,"comment_status":"closed","ping_status":"closed","template":"","meta":{"_acf_changed":false,"_relevanssi_hide_post":"","_relevanssi_hide_content":"","_relevanssi_pin_for_all":"","_relevanssi_pin_keywords":"","_relevanssi_unpin_keywords":"","_relevanssi_related_keywords":"","_relevanssi_related_include_ids":"","_relevanssi_related_exclude_ids":"","_relevanssi_related_no_append":"","_relevanssi_related_not_related":"","_relevanssi_related_posts":"1","_relevanssi_noindex_reason":"","_custom_cards_description":"","footnotes":""},"class_list":["post-52","page","type-page","status-publish","hentry"],"acf":[],"_links":{"self":[{"href":"https:\/\/www.blakors.no\/videregaende-skole-ovrebo\/wp-json\/wp\/v2\/pages\/52","targetHints":{"allow":["GET"]}}],"collection":[{"href":"https:\/\/www.blakors.no\/videregaende-skole-ovrebo\/wp-json\/wp\/v2\/pages"}],"about":[{"href":"https:\/\/www.blakors.no\/videregaende-skole-ovrebo\/wp-json\/wp\/v2\/types\/page"}],"author":[{"embeddable":true,"href":"https:\/\/www.blakors.no\/videregaende-skole-ovrebo\/wp-json\/wp\/v2\/users\/23"}],"replies":[{"embeddable":true,"href":"https:\/\/www.blakors.no\/videregaende-skole-ovrebo\/wp-json\/wp\/v2\/comments?post=52"}],"version-history":[{"count":4,"href":"https:\/\/www.blakors.no\/videregaende-skole-ovrebo\/wp-json\/wp\/v2\/pages\/52\/revisions"}],"predecessor-version":[{"id":1092,"href":"https:\/\/www.blakors.no\/videregaende-skole-ovrebo\/wp-json\/wp\/v2\/pages\/52\/revisions\/1092"}],"wp:attachment":[{"href":"https:\/\/www.blakors.no\/videregaende-skole-ovrebo\/wp-json\/wp\/v2\/media?parent=52"}],"curies":[{"name":"wp","href":"https:\/\/api.w.org\/{rel}","templated":true}]}}