{"id":54,"date":"2022-06-01T13:50:41","date_gmt":"2022-06-01T11:50:41","guid":{"rendered":"https:\/\/www.blakors.no\/videregaende-skole-ovrebo\/?page_id=54"},"modified":"2024-03-21T11:21:44","modified_gmt":"2024-03-21T10:21:44","slug":"klage-pa-karakterer","status":"publish","type":"page","link":"https:\/\/www.blakors.no\/videregaende-skole-ovrebo\/klage-pa-karakterer\/","title":{"rendered":"Klage p\u00e5 karakterer hos Bl\u00e5 Kors videreg\u00e5ende skole \u00d8vreb\u00f8"},"content":{"rendered":"\n<div class=\"wp-block-lib-header alignfull hide\"><div class=\"header-innercontent\"><\/div><\/div>\n\n\n\n<ul class=\"wp-block-list\"><li>Hva kan du klage p\u00e5? Du kan klage p\u00e5 standpunktkarakterer og karakterer p\u00e5 muntlig og muntlig\/praktisk eksamen. Du har rett til \u00e5 klage p\u00e5 standpunktkarakterer dersom du mener at gjeldende regler for fastsetting av standpunktkarakterer ikke er fulgt. <br><br>Elev eller foresatt kan kreve begrunnelse for standpunktkarakteren f\u00f8r de klager.Karakter p\u00e5 muntlig og muntlig\/praktisk eksamen kan man kun klage p\u00e5 dersom det er formelle feil ved gjennomf\u00f8ringen av eksamen. <br><br>For at klagen skal tas til f\u00f8lge m\u00e5 det ha skjedd feil som kan ha hatt noe \u00e5 si for resultatet p\u00e5 eksamen.<\/li><\/ul>\n\n\n\n<ul class=\"wp-block-list\"><li>Hvem kan klage? Eleven kan klage selv, og foresatte kan klage p\u00e5 vegne av eleven fram til han eller hun fyller 18 \u00e5r.<\/li><\/ul>\n\n\n\n<ul class=\"wp-block-list\"><li>Hvordan klager du? Klagen sendes til skolen, som sender klagen videre til en klagenemd.<br>Klagen m\u00e5 v\u00e6re skriftlig, og signeres av eleven eller foresatte. Det m\u00e5 g\u00e5 fram hva eleven klager p\u00e5, og klagen b\u00f8r inneholde annen relevant informasjon og begrunnelsen for klagen.<\/li><\/ul>\n\n\n\n<ul class=\"wp-block-list\"><li>Hva er fristen for \u00e5 klage? Fristen for \u00e5 klage er 10 dager etter begrunnelsen. Fristen g\u00e5r fra den dagen eleven har f\u00e5tt karakteren, eller den dagen han eller hun har f\u00e5tt begrunnelsen.<\/li><\/ul>\n\n\n\n<p><\/p>\n","protected":false},"excerpt":{"rendered":"<p>Hva kan du klage p\u00e5? Du kan klage p\u00e5 standpunktkarakterer og karakterer p\u00e5 muntlig og muntlig\/praktisk eksamen. Du har rett til \u00e5 klage p\u00e5 standpunktkarakterer dersom du mener at gjeldende regler for fastsetting av standpunktkarakterer ikke er fulgt. Elev eller foresatt kan kreve begrunnelse for standpunktkarakteren f\u00f8r de klager.Karakter p\u00e5 muntlig og muntlig\/praktisk eksamen kan [&hellip;]<\/p>\n","protected":false},"author":23,"featured_media":0,"parent":0,"menu_order":0,"comment_status":"closed","ping_status":"closed","template":"","meta":{"_acf_changed":false,"_relevanssi_hide_post":"","_relevanssi_hide_content":"","_relevanssi_pin_for_all":"","_relevanssi_pin_keywords":"","_relevanssi_unpin_keywords":"","_relevanssi_related_keywords":"","_relevanssi_related_include_ids":"","_relevanssi_related_exclude_ids":"","_relevanssi_related_no_append":"","_relevanssi_related_not_related":"","_relevanssi_related_posts":"1","_relevanssi_noindex_reason":"","_custom_cards_description":"","footnotes":""},"class_list":["post-54","page","type-page","status-publish","hentry"],"acf":[],"_links":{"self":[{"href":"https:\/\/www.blakors.no\/videregaende-skole-ovrebo\/wp-json\/wp\/v2\/pages\/54","targetHints":{"allow":["GET"]}}],"collection":[{"href":"https:\/\/www.blakors.no\/videregaende-skole-ovrebo\/wp-json\/wp\/v2\/pages"}],"about":[{"href":"https:\/\/www.blakors.no\/videregaende-skole-ovrebo\/wp-json\/wp\/v2\/types\/page"}],"author":[{"embeddable":true,"href":"https:\/\/www.blakors.no\/videregaende-skole-ovrebo\/wp-json\/wp\/v2\/users\/23"}],"replies":[{"embeddable":true,"href":"https:\/\/www.blakors.no\/videregaende-skole-ovrebo\/wp-json\/wp\/v2\/comments?post=54"}],"version-history":[{"count":4,"href":"https:\/\/www.blakors.no\/videregaende-skole-ovrebo\/wp-json\/wp\/v2\/pages\/54\/revisions"}],"predecessor-version":[{"id":868,"href":"https:\/\/www.blakors.no\/videregaende-skole-ovrebo\/wp-json\/wp\/v2\/pages\/54\/revisions\/868"}],"wp:attachment":[{"href":"https:\/\/www.blakors.no\/videregaende-skole-ovrebo\/wp-json\/wp\/v2\/media?parent=54"}],"curies":[{"name":"wp","href":"https:\/\/api.w.org\/{rel}","templated":true}]}}