{"id":76,"date":"2022-06-01T13:56:34","date_gmt":"2022-06-01T11:56:34","guid":{"rendered":"https:\/\/www.blakors.no\/videregaende-skole-ovrebo\/?page_id=76"},"modified":"2023-09-25T16:50:24","modified_gmt":"2023-09-25T14:50:24","slug":"skolens-change-prosjekt","status":"publish","type":"page","link":"https:\/\/www.blakors.no\/videregaende-skole-ovrebo\/skolens-change-prosjekt\/","title":{"rendered":"Change"},"content":{"rendered":"\n<div class=\"wp-block-lib-header alignfull hide\"><div class=\"header-innercontent\"><\/div><\/div>\n\n\n\n<p>Bl\u00e5 Kors videreg\u00e5ende skole \u00d8vreb\u00f8 har over flere \u00e5r hatt et skoleprosjekt som heter Change. Elever og ansatte jobber for \u00e5 samle inn penger til et dagsenter for psykisk utviklingshemmede barn\/unge i Katmandu. Den store innsamlingsaksjonen er et julemarked som arrangeres p\u00e5 skolen en l\u00f8rdag i slutten av november hvert \u00e5r. Dette er en obligatorisk skole- og arbeidsdag for elever og ansatte.&nbsp;<\/p>\n\n\n\n<p>Skoleprosjektet handler ikke bare om \u00e5 yte bistand til dagsenteret i Katmandu. Det handler ogs\u00e5 om at v\u00e5re elever kan l\u00e6re av nepalere som lever lykkelige liv tross stor fattigdom. Skolen sender en gruppe elever og ansatte til Katmandu hver v\u00e5r for \u00e5 bes\u00f8ke dagsenteret, overbringe gaver og for \u00e5 bidra med aktiviteter.&nbsp;<\/p>\n\n\n\n<p>Prosjektet er i tr\u00e5d med Bl\u00e5 Kors Norges fire strategiske omr\u00e5der. Disse er nedfelt i skolens handlingsplan slik:&nbsp;<\/p>\n\n\n\n<ul class=\"wp-block-list\">\n<li>Frivillighet: Ansatte og andre bidrar i prosjektet p\u00e5 forskjellig vis. Elever l\u00e6rer hvor viktig det er med frivillig arbeid.\u00a0<\/li>\n\n\n\n<li>\u00d8kt handlekraft: Elever og skolen bidrar ved selv \u00e5 produsere varer som kommer til nytte i bistandsarbeid\u00a0<\/li>\n\n\n\n<li>Samhandling: Samarbeid med lokale bedrifter, st\u00f8ttespillere, og med dagsenteret i Katmandu\u00a0<\/li>\n\n\n\n<li>B\u00e6rekraft: Prosjektet bidrar til utjevning av forskjeller\u00a0<\/li>\n<\/ul>\n\n\n\n<p>Styret mener at prosjektet er s\u00e5 verdifullt at skolen b\u00f8r prioritere dette i sin handlingsplan. \u00c5 sende elever og ansatte til Nepal er imidlertid kostnadskrevende, og prosjektet m\u00e5 ikke beslaglegge for mye av skolens tilskudd. Alle skolens elever og ansatte bidrar, men det er bare en gruppe som kan reise. Bl\u00e5 Kors videreg\u00e5ende skole \u00d8vreb\u00f8 skal v\u00e6re gratis for alle elever og ikke skille mellom elever\/foreldres ressurser. Derfor gjelder f\u00f8lgende prinsipper og retningslinjer for prosjektet:&nbsp;<\/p>\n\n\n\n<ul class=\"wp-block-list\">\n<li>Bl\u00e5 Kors videreg\u00e5ende skole \u00d8vreb\u00f8 samarbeider med Bl\u00e5 Kors oppl\u00e6ringssenter \u00d8vreb\u00f8 og ABBS (Asha Bal Bikash Sewa, dagsenter for psykisk utviklingshemmede barn\/unge i Katmandu, Nepal) om prosjektet\u00a0<br><\/li>\n\n\n\n<li>Elever og ansatte i skolen lager og henter inn varer og gaver til julemarkedet og andre arrangementer\u00a0<br><\/li>\n\n\n\n<li>Det settes opp eget budsjett for prosjektet. Skolens utgifter i forbindelse med vareproduksjon og reisekostnader synliggj\u00f8res, og dekkes av midler fra salgsvarer.\u00a0\u00a0<br><\/li>\n\n\n\n<li>Inntektene fordeles slik:\u00a0<br> &#8211; Midler fra loddsalg g\u00e5r til ABBS (eget vippsnummer)<br> &#8211; Midler fra salgsvarer g\u00e5r til oppl\u00e6ringssenterets prosjektkonto (eget vippsnummer)\u00a0<br><\/li>\n\n\n\n<li>Overskudd g\u00e5r til\u00a0\u00a0<br>1. Reisekostnader for elever som drar til Nepal\u00a0\u00a0<br>2. ABBS\u00a0<br><\/li>\n\n\n\n<li>Reisekostnader\u00a0<br>&#8211; Skolen sp\u00f8r akt\u00f8rer i n\u00e6ringslivet om \u00e5 sponse elever som drar til Nepal. Da vil flere av de innsamlede midlene g\u00e5 til ABBS.\u00a0<br>&#8211; Skolen betaler reisekostnader for ansatte\u00a0<br>&#8211; Skolen betaler reisekostnader for elever dersom dette ikke er fullt dekket gjennom innsamlede midler fra sponsorer og salg av varer\u00a0<br><\/li>\n\n\n\n<li>Antall reisende\u00a0<br>&#8211; Inntil 8 elever\u00a0<br>&#8211; Inntil 4 ansatte\u00a0\u00a0<br>&#8211; Skolen kan vurdere flere reisende dersom inntekter og sponsoravtaler gir rom for det\u00a0<br><\/li>\n\n\n\n<li>Utvelgelse av elever\u00a0<br>&#8211; Elever p\u00e5 vg2 kan s\u00f8ke\u00a0<br>&#8211; Elever som viser generell god oppf\u00f8rsel og holder seg unna ulovlige rusmidler er kvalifisert\u00a0<br>&#8211; Det foretas loddtrekning av alle kvalifiserte s\u00f8kere dersom det er over 8 kandidater\u00a0\n<ul class=\"wp-block-list\">\n<li> Det skal fortrinnsvis trekkes 2 elever fra hver av de 4 programomr\u00e5dene (Bygg- og anleggsteknikk, Salg, service og reiseliv, Helse- og oppvekstfag, Teknologi- og industrifag)\u00a0<br><\/li>\n<\/ul>\n<\/li>\n\n\n\n<li>Det er ikke \u00e5pent for at flere elever kan kj\u00f8pe plass gjennom egen sponsorordning, innsamling eller lignende. En eventuell utvidelse av antall plasser kan bare skje gjennom skolens organiserte ordning for prosjektet.&nbsp;<\/li>\n<\/ul>\n\n\n\n<p>Vedtatt i styret: 19.09.2023<\/p>\n","protected":false},"excerpt":{"rendered":"<p>Bl\u00e5 Kors videreg\u00e5ende skole \u00d8vreb\u00f8 har over flere \u00e5r hatt et skoleprosjekt som heter Change. Elever og ansatte jobber for \u00e5 samle inn penger til et dagsenter for psykisk utviklingshemmede barn\/unge i Katmandu. Den store innsamlingsaksjonen er et julemarked som arrangeres p\u00e5 skolen en l\u00f8rdag i slutten av november hvert \u00e5r. Dette er en obligatorisk [&hellip;]<\/p>\n","protected":false},"author":23,"featured_media":0,"parent":0,"menu_order":0,"comment_status":"closed","ping_status":"closed","template":"","meta":{"_acf_changed":false,"_relevanssi_hide_post":"","_relevanssi_hide_content":"","_relevanssi_pin_for_all":"","_relevanssi_pin_keywords":"","_relevanssi_unpin_keywords":"","_relevanssi_related_keywords":"","_relevanssi_related_include_ids":"","_relevanssi_related_exclude_ids":"","_relevanssi_related_no_append":"","_relevanssi_related_not_related":"","_relevanssi_related_posts":"1","_relevanssi_noindex_reason":"","_custom_cards_description":"","footnotes":""},"class_list":["post-76","page","type-page","status-publish","hentry"],"acf":[],"_links":{"self":[{"href":"https:\/\/www.blakors.no\/videregaende-skole-ovrebo\/wp-json\/wp\/v2\/pages\/76","targetHints":{"allow":["GET"]}}],"collection":[{"href":"https:\/\/www.blakors.no\/videregaende-skole-ovrebo\/wp-json\/wp\/v2\/pages"}],"about":[{"href":"https:\/\/www.blakors.no\/videregaende-skole-ovrebo\/wp-json\/wp\/v2\/types\/page"}],"author":[{"embeddable":true,"href":"https:\/\/www.blakors.no\/videregaende-skole-ovrebo\/wp-json\/wp\/v2\/users\/23"}],"replies":[{"embeddable":true,"href":"https:\/\/www.blakors.no\/videregaende-skole-ovrebo\/wp-json\/wp\/v2\/comments?post=76"}],"version-history":[{"count":4,"href":"https:\/\/www.blakors.no\/videregaende-skole-ovrebo\/wp-json\/wp\/v2\/pages\/76\/revisions"}],"predecessor-version":[{"id":828,"href":"https:\/\/www.blakors.no\/videregaende-skole-ovrebo\/wp-json\/wp\/v2\/pages\/76\/revisions\/828"}],"wp:attachment":[{"href":"https:\/\/www.blakors.no\/videregaende-skole-ovrebo\/wp-json\/wp\/v2\/media?parent=76"}],"curies":[{"name":"wp","href":"https:\/\/api.w.org\/{rel}","templated":true}]}}