{"id":78,"date":"2022-06-01T13:56:50","date_gmt":"2022-06-01T11:56:50","guid":{"rendered":"https:\/\/www.blakors.no\/videregaende-skole-ovrebo\/?page_id=78"},"modified":"2025-07-30T09:25:30","modified_gmt":"2025-07-30T07:25:30","slug":"opplaeringskontoret","status":"publish","type":"page","link":"https:\/\/www.blakors.no\/videregaende-skole-ovrebo\/opplaeringskontoret\/","title":{"rendered":"Oppl\u00e6ringskontoret"},"content":{"rendered":"\n<div class=\"wp-block-lib-header alignfull hide\"><div class=\"header-innercontent\"><\/div><\/div>\n\n\n\n<p>Oppl\u00e6ringskontoret er behjelpelig med \u00e5&nbsp;finne l\u00e6replass.&nbsp;I tillegg til&nbsp;<em>ordin\u00e6r l\u00e6rekontrakt<\/em><strong>&nbsp;<\/strong>er det&nbsp;mulig \u00e5&nbsp;g\u00e5 ut som&nbsp;<em>l\u00e6rekandidat<\/em>. Vi samarbeider med en rekke ulike bedrifter, og tilbyr deg et l\u00f8p fram til fagbrev, med muligheter for l\u00e6rekontrakt i f\u00f8lgende fag:<\/p>\n\n\n\n<h2 class=\"wp-block-heading\" id=\"h-bygg-og-anlegg\">Bygg og anlegg:<\/h2>\n\n\n\n<ul class=\"wp-block-list\">\n<li>T\u00f8mrerfag<\/li>\n\n\n\n<li>Murerfag<\/li>\n\n\n\n<li>Stillasbyggerfag<\/li>\n\n\n\n<li>Forskalingsfag<\/li>\n<\/ul>\n\n\n\n<h2 id=\"helse-og-oppvekst\"  class=\"wp-block-heading\" >Helse og oppvekst:<\/h2>\n\n\n\n<ul class=\"wp-block-list\">\n<li>Barne og ungdomsarbeiderfag<\/li>\n\n\n\n<li>Helsearbeiderfag<\/li>\n<\/ul>\n\n\n\n<h2 id=\"teknikk-og-industriell-produksjon\"  class=\"wp-block-heading\" >Teknikk og industriell produksjon:<\/h2>\n\n\n\n<ul class=\"wp-block-list\">\n<li>Platearbeiderfag<\/li>\n\n\n\n<li>Sveisefag<\/li>\n\n\n\n<li>Industrir\u00f8rleggerfag<\/li>\n\n\n\n<li>Industrimekanikerfag<\/li>\n\n\n\n<li>CNC maskineringsfag<\/li>\n<\/ul>\n\n\n\n<h2 id=\"service-og-samferdsel\"  class=\"wp-block-heading\" >Service og samferdsel:<\/h2>\n\n\n\n<ul class=\"wp-block-list\">\n<li>Kontor og adminstrasjon<\/li>\n\n\n\n<li>Salgsmedarbieder<\/li>\n\n\n\n<li>Sikkerhetsmedarbeider<\/li>\n<\/ul>\n\n\n\n<h2 class=\"wp-block-heading\" id=\"h-ansatte-du-kan-kontakte\">Ansatte du kan kontakte<\/h2>\n\n\n<div class=\"wp-block-blakors-person-cards\">\n\t\t\t\n<div class=\"t2-featured-single-post compact-card-template t2-featured-content is-post-type-person compact-card-template wp-block-t2-featured-single-post\"><figure style=\"--t2-focal-point: 50% 50%;\" class=\"t2-post-featured-image has-image-ratio-1-1 wp-block-t2-post-featured-image\"><img loading=\"lazy\" decoding=\"async\" width=\"1380\" height=\"1843\" src=\"https:\/\/www.blakors.no\/content\/uploads\/sites\/30\/2022\/10\/IMG_0146.jpg\" class=\"attachment-post-thumbnail size-post-thumbnail wp-post-image\" alt=\"\" srcset=\"https:\/\/www.blakors.no\/content\/uploads\/sites\/30\/2022\/10\/IMG_0146.jpg 1380w, https:\/\/www.blakors.no\/content\/uploads\/sites\/30\/2022\/10\/IMG_0146-225x300.jpg 225w, https:\/\/www.blakors.no\/content\/uploads\/sites\/30\/2022\/10\/IMG_0146-767x1024.jpg 767w, https:\/\/www.blakors.no\/content\/uploads\/sites\/30\/2022\/10\/IMG_0146-768x1026.jpg 768w, https:\/\/www.blakors.no\/content\/uploads\/sites\/30\/2022\/10\/IMG_0146-1150x1536.jpg 1150w\" sizes=\"auto, (min-width: 782px) 768px, 100vw\" \/><\/figure>\n\n<div class=\"wp-block-group alignfull is-layout-flow wp-block-group-is-layout-flow\">\n\t<div class=\"t2-post-dynamic-part is-source-filter filter-person_card_meta post-meta wp-block-t2-post-dynamic-part\"><div class=\"title\"><h2 id=\"astri-lindgren-gundersen\"  class=\"t2-post-title wp-block-t2-post-title\" >Astri Lindgren Gundersen<\/h2><p class=\"position\">Oppl\u00e6ringskonsulent<\/p><\/div><div class=\"contact-info\"><p class=\"phone\"><a href=\"tel:+4790545182\">+47 905 45 182<\/a><\/p><p class=\"email\"><a href=\"mailto:astri.gundersen@blakors.no\">astri.gundersen@blakors.no<\/a><\/p><\/div><\/div>\n<\/div>\n\n<\/div>\n\n<div class=\"t2-featured-single-post compact-card-template t2-featured-content is-post-type-person compact-card-template wp-block-t2-featured-single-post\"><figure style=\"--t2-focal-point: 50% 50%;\" class=\"t2-post-featured-image has-image-ratio-1-1 wp-block-t2-post-featured-image\"><img loading=\"lazy\" decoding=\"async\" width=\"1535\" height=\"2048\" src=\"https:\/\/www.blakors.no\/content\/uploads\/sites\/30\/2022\/10\/IMG_0171-scaled.jpg\" class=\"attachment-post-thumbnail size-post-thumbnail wp-post-image\" alt=\"\" srcset=\"https:\/\/www.blakors.no\/content\/uploads\/sites\/30\/2022\/10\/IMG_0171-scaled.jpg 1535w, https:\/\/www.blakors.no\/content\/uploads\/sites\/30\/2022\/10\/IMG_0171-225x300.jpg 225w, https:\/\/www.blakors.no\/content\/uploads\/sites\/30\/2022\/10\/IMG_0171-767x1024.jpg 767w, https:\/\/www.blakors.no\/content\/uploads\/sites\/30\/2022\/10\/IMG_0171-768x1025.jpg 768w, https:\/\/www.blakors.no\/content\/uploads\/sites\/30\/2022\/10\/IMG_0171-1151x1536.jpg 1151w\" sizes=\"auto, (min-width: 782px) 768px, 100vw\" \/><\/figure>\n\n<div class=\"wp-block-group alignfull is-layout-flow wp-block-group-is-layout-flow\">\n\t<div class=\"t2-post-dynamic-part is-source-filter filter-person_card_meta post-meta wp-block-t2-post-dynamic-part\"><div class=\"title\"><h2 id=\"torunn-wergeland\"  class=\"t2-post-title wp-block-t2-post-title\" >Torunn Wergeland<\/h2><p class=\"position\">Oppl\u00e6ringskonsulent<\/p><\/div><div class=\"contact-info\"><p class=\"phone\"><a href=\"tel:+4790137795\">+47 901 37 795<\/a><\/p><p class=\"email\"><a href=\"mailto:tnw@blakors.no\">tnw@blakors.no<\/a><\/p><\/div><\/div>\n<\/div>\n\n<\/div>\n\n\t\t<\/div>","protected":false},"excerpt":{"rendered":"<p>Oppl\u00e6ringskontoret er behjelpelig med \u00e5&nbsp;finne l\u00e6replass.&nbsp;I tillegg til&nbsp;ordin\u00e6r l\u00e6rekontrakt&nbsp;er det&nbsp;mulig \u00e5&nbsp;g\u00e5 ut som&nbsp;l\u00e6rekandidat. Vi samarbeider med en rekke ulike bedrifter, og tilbyr deg et l\u00f8p fram til fagbrev, med muligheter for l\u00e6rekontrakt i f\u00f8lgende fag: Bygg og anlegg: Helse og oppvekst: Teknikk og industriell produksjon: Service og samferdsel: Ansatte du kan kontakte<\/p>\n","protected":false},"author":23,"featured_media":0,"parent":0,"menu_order":0,"comment_status":"closed","ping_status":"closed","template":"","meta":{"_acf_changed":false,"_relevanssi_hide_post":"","_relevanssi_hide_content":"","_relevanssi_pin_for_all":"","_relevanssi_pin_keywords":"","_relevanssi_unpin_keywords":"","_relevanssi_related_keywords":"","_relevanssi_related_include_ids":"","_relevanssi_related_exclude_ids":"","_relevanssi_related_no_append":"","_relevanssi_related_not_related":"","_relevanssi_related_posts":"1","_relevanssi_noindex_reason":"","_custom_cards_description":"","footnotes":""},"class_list":["post-78","page","type-page","status-publish","hentry"],"acf":[],"_links":{"self":[{"href":"https:\/\/www.blakors.no\/videregaende-skole-ovrebo\/wp-json\/wp\/v2\/pages\/78","targetHints":{"allow":["GET"]}}],"collection":[{"href":"https:\/\/www.blakors.no\/videregaende-skole-ovrebo\/wp-json\/wp\/v2\/pages"}],"about":[{"href":"https:\/\/www.blakors.no\/videregaende-skole-ovrebo\/wp-json\/wp\/v2\/types\/page"}],"author":[{"embeddable":true,"href":"https:\/\/www.blakors.no\/videregaende-skole-ovrebo\/wp-json\/wp\/v2\/users\/23"}],"replies":[{"embeddable":true,"href":"https:\/\/www.blakors.no\/videregaende-skole-ovrebo\/wp-json\/wp\/v2\/comments?post=78"}],"version-history":[{"count":5,"href":"https:\/\/www.blakors.no\/videregaende-skole-ovrebo\/wp-json\/wp\/v2\/pages\/78\/revisions"}],"predecessor-version":[{"id":1472,"href":"https:\/\/www.blakors.no\/videregaende-skole-ovrebo\/wp-json\/wp\/v2\/pages\/78\/revisions\/1472"}],"wp:attachment":[{"href":"https:\/\/www.blakors.no\/videregaende-skole-ovrebo\/wp-json\/wp\/v2\/media?parent=78"}],"curies":[{"name":"wp","href":"https:\/\/api.w.org\/{rel}","templated":true}]}}